{"id":6572,"date":"2022-01-25T14:33:21","date_gmt":"2022-01-25T13:33:21","guid":{"rendered":"https:\/\/venadoro.it\/cure\/terapie-inalatorie\/"},"modified":"2026-01-08T15:27:13","modified_gmt":"2026-01-08T14:27:13","slug":"therapies-inhalatoires-a-abano-terme","status":"publish","type":"page","link":"https:\/\/venadoro.it\/fr\/cure\/therapies-inhalatoires-a-abano-terme\/","title":{"rendered":"Th\u00e9rapies inhalatoires"},"content":{"rendered":"\n<p class=\"has-text-align-center\"><strong><em>Le v\u00e9ritable concentr\u00e9 de Sant\u00e9 est conserv\u00e9 dans nos Eaux Thermales<\/em><\/strong><\/p>\n\n\n\n<p class=\"has-text-align-left\"><br>L\u2019eau thermale micronis\u00e9e est indiqu\u00e9e contre les affections des voies respiratoires et dans la pr\u00e9vention des r\u00e9activations infectieuses.<\/p>\n\n\n\n<p>Notre service de th\u00e9rapies inhalatoires est \u00e9quip\u00e9 d\u2019appareils pour <strong>inhalations<\/strong>, <strong>a\u00e9rosols<\/strong> et <strong><em>humage<\/em><\/strong>.<br>\u00c0 la fin de chaque traitement, l\u2019inhalateur effectue un court cycle d\u2019auto-d\u00e9sinfection, renforc\u00e9 par des proc\u00e9dures de s\u00e9curit\u00e9 rigoureuses mises en \u0153uvre par notre Personnel, afin de garantir aux patients des conditions d\u2019hygi\u00e8ne optimales.<\/p>\n\n\n\n<p class=\"has-text-align-left\">Chaque traitement dure environ 10 \u00e0 12 minutes.<\/p>\n\n\n\n<p class=\"has-text-align-center has-text-color\" style=\"color:#1627a9\"><strong><strong>CARACT\u00c9RISTIQUES TH\u00c9RAPEUTIQUES de l\u2019EAU THERMALE administr\u00e9e par A\u00c9ROSOL<\/strong><\/strong>:<\/p>\n\n\n\n<div class=\"wp-block-columns is-layout-flex wp-container-core-columns-is-layout-9d6595d7 wp-block-columns-is-layout-flex\">\n<div class=\"wp-block-column is-layout-flow wp-block-column-is-layout-flow\" style=\"flex-basis:100%\">\n<div class=\"wp-block-group\"><div class=\"wp-block-group__inner-container is-layout-flow wp-block-group-is-layout-flow\">\n<div class=\"wp-block-group\"><div class=\"wp-block-group__inner-container is-layout-flow wp-block-group-is-layout-flow\">\n<ul class=\"wp-block-list\">\n<li>Action antiseptique ;<\/li>\n\n\n\n<li>Stimulation de l\u2019appareil ciliaire ;<\/li>\n\n\n\n<li>Fluidification des s\u00e9cr\u00e9tions ;<\/li>\n\n\n\n<li>Normalisation des caract\u00e9ristiques du mucus respiratoire ;<\/li>\n\n\n\n<li>R\u00e9duction de la composante microbiologique non physiologique.<\/li>\n<\/ul>\n<\/div><\/div>\n<\/div><\/div>\n<\/div>\n<\/div>\n\n\n\n<div class=\"wp-block-media-text alignwide is-stacked-on-mobile\"><figure class=\"wp-block-media-text__media\"><img decoding=\"async\" width=\"1024\" height=\"683\" data-src=\"https:\/\/venadoro.it\/wp-content\/uploads\/2022\/01\/cure4-1024x683.jpg\" alt=\"\" class=\"wp-image-3175 size-full lazyload\" data-srcset=\"https:\/\/venadoro.it\/wp-content\/uploads\/2022\/01\/cure4-1024x683.jpg 1024w, https:\/\/venadoro.it\/wp-content\/uploads\/2022\/01\/cure4-300x200.jpg 300w, https:\/\/venadoro.it\/wp-content\/uploads\/2022\/01\/cure4-768x512.jpg 768w, https:\/\/venadoro.it\/wp-content\/uploads\/2022\/01\/cure4-1536x1024.jpg 1536w, https:\/\/venadoro.it\/wp-content\/uploads\/2022\/01\/cure4-2048x1365.jpg 2048w\" data-sizes=\"(max-width: 1024px) 100vw, 1024px\" src=\"data:image\/svg+xml;base64,PHN2ZyB3aWR0aD0iMSIgaGVpZ2h0PSIxIiB4bWxucz0iaHR0cDovL3d3dy53My5vcmcvMjAwMC9zdmciPjwvc3ZnPg==\" style=\"--smush-placeholder-width: 1024px; --smush-placeholder-aspect-ratio: 1024\/683;\" \/><\/figure><div class=\"wp-block-media-text__content\">\n<p><strong><em>HUMAGE<\/em><\/strong><\/p>\n\n\n\n<p class=\"has-small-font-size\">Le traitement thermal par humage ou \u00e9manations (collectifs indirects, collectifs directs) consiste \u00e0 inhaler, \u00e0 des fins th\u00e9rapeutiques, les gaz qui se d\u00e9gagent des eaux thermales. Techniquement, il est obtenu en insufflant de l\u2019air comprim\u00e9 dans un r\u00e9cipient contenant de l\u2019eau thermale : l\u2019air, en faisant bouillonner l\u2019eau, lib\u00e8re les particules thermales qu\u2019elle contient. Par induction, le gaz lib\u00e9r\u00e9, pouss\u00e9 par la pression de l\u2019air, est achemin\u00e9 \u00e0 travers un petit tuyau jusqu\u2019au masque du patient.<br>Le traitement par humage est id\u00e9al pour atteindre les zones les plus profondes de l\u2019appareil respiratoire et joue un r\u00f4le tr\u00e8s important dans le traitement des maladies touchant les voies respiratoires inf\u00e9rieures (bronchites r\u00e9cidivantes, bronchites chroniques, traitement des sympt\u00f4mes et pr\u00e9vention de l\u2019asthme bronchique, traitement d\u2019\u00e9ventuelles infections des voies respiratoires).<\/p>\n<\/div><\/div>\n\n\n\n<div class=\"wp-block-media-text alignwide has-media-on-the-right is-stacked-on-mobile\" style=\"grid-template-columns:auto 43%\"><div class=\"wp-block-media-text__content\">\n<p><strong><em>A\u00c9ROSOL<\/em><\/strong><\/p>\n\n\n\n<p class=\"has-small-font-size\">En ce qui concerne l\u2019a\u00e9rosol (pour les voies respiratoires sup\u00e9rieures ou inf\u00e9rieures), le principe est similaire. La diff\u00e9rence r\u00e9side dans les appareils utilis\u00e9s, qui d\u00e9composent l\u2019eau min\u00e9rale en particules d\u2019un diam\u00e8tre compris entre 3 et 10 microns. Celles-ci se d\u00e9posent principalement dans les voies respiratoires sup\u00e9rieures ainsi que dans les ramifications les plus fines de l\u2019arbre bronchique. Une alternative \u00e0 l\u2019a\u00e9rosol classique est l\u2019a\u00e9rosol sonique, o\u00f9 \u00e0 l\u2019administration des particules d\u2019eau thermale est associ\u00e9 un flux d\u2019ondes sonores \u00e0 100 Hertz. L\u2019association des ondes sonores et de l\u2019eau thermale sulfur\u00e9e conf\u00e8re aux particules un comportement cin\u00e9tique particulier, permettant aux particules gazeuses de p\u00e9n\u00e9trer facilement dans les cavit\u00e9s des sinus paranasaux et de l\u2019oreille moyenne \u00e0 travers la trompe d\u2019Eustache.<\/p>\n<\/div><figure class=\"wp-block-media-text__media\"><img decoding=\"async\" width=\"1024\" height=\"683\" data-src=\"https:\/\/venadoro.it\/wp-content\/uploads\/2022\/01\/cure5-1024x683.jpg\" alt=\"\" class=\"wp-image-3179 size-full lazyload\" data-srcset=\"https:\/\/venadoro.it\/wp-content\/uploads\/2022\/01\/cure5-1024x683.jpg 1024w, https:\/\/venadoro.it\/wp-content\/uploads\/2022\/01\/cure5-300x200.jpg 300w, https:\/\/venadoro.it\/wp-content\/uploads\/2022\/01\/cure5-768x512.jpg 768w, https:\/\/venadoro.it\/wp-content\/uploads\/2022\/01\/cure5-1536x1024.jpg 1536w, https:\/\/venadoro.it\/wp-content\/uploads\/2022\/01\/cure5-2048x1365.jpg 2048w\" data-sizes=\"(max-width: 1024px) 100vw, 1024px\" src=\"data:image\/svg+xml;base64,PHN2ZyB3aWR0aD0iMSIgaGVpZ2h0PSIxIiB4bWxucz0iaHR0cDovL3d3dy53My5vcmcvMjAwMC9zdmciPjwvc3ZnPg==\" style=\"--smush-placeholder-width: 1024px; --smush-placeholder-aspect-ratio: 1024\/683;\" \/><\/figure><\/div>\n\n\n\n<div class=\"wp-block-columns is-layout-flex wp-container-core-columns-is-layout-9d6595d7 wp-block-columns-is-layout-flex\">\n<div class=\"wp-block-column is-layout-flow wp-block-column-is-layout-flow\" style=\"flex-basis:100%\">\n<div class=\"wp-block-group\"><div class=\"wp-block-group__inner-container is-layout-flow wp-block-group-is-layout-flow\">\n<p class=\"has-text-color\" style=\"color:#102d96\"><strong><strong>INHALATIONS et A\u00c9ROSOLS avec EAU THERMALE sont EFFICACES CONTRE :<\/strong><\/strong><\/p>\n\n\n\n<ul class=\"wp-block-list has-black-color has-white-background-color has-text-color has-background\">\n<li> Bronchite chronique simple ou associ\u00e9e \u00e0 une composante obstructive (\u00e0 l\u2019exclusion de l\u2019asthme et de l\u2019emphys\u00e8me) ;<\/li>\n\n\n\n<li>Rhinopathie vasomotrice ;<\/li>\n\n\n\n<li>Pharyngo-laryngite chronique ;<\/li>\n\n\n\n<li>Sinusite chronique ou syndrome rhino-sinusitique chronique ;<\/li>\n\n\n\n<li>Syndromes rhino-sinusitiques-bronchiques chroniques ;<\/li>\n\n\n\n<li>Hypertrophie amygdalienne et ad\u00e9no\u00efdienne ;<\/li>\n\n\n\n<li>St\u00e9nose tubaire ;<\/li>\n\n\n\n<li>Otite catarrhale chronique ;<\/li>\n\n\n\n<li>Otite purulente chronique.<\/li>\n<\/ul>\n\n\n\n<div class=\"wp-block-group\"><div class=\"wp-block-group__inner-container is-layout-flow wp-block-group-is-layout-flow\">\n<div class=\"wp-block-columns is-layout-flex wp-container-core-columns-is-layout-9d6595d7 wp-block-columns-is-layout-flex\">\n<div class=\"wp-block-column is-layout-flow wp-block-column-is-layout-flow\"><\/div>\n\n\n\n<div class=\"wp-block-column is-layout-flow wp-block-column-is-layout-flow\"><\/div>\n<\/div>\n<\/div><\/div>\n<\/div><\/div>\n<\/div>\n<\/div>\n","protected":false},"excerpt":{"rendered":"<p>Le v\u00e9ritable concentr\u00e9 de Sant\u00e9 est conserv\u00e9 dans nos Eaux Thermales L\u2019eau thermale micronis\u00e9e est indiqu\u00e9e contre les affections des voies respiratoires et dans la pr\u00e9vention des r\u00e9activations infectieuses. Notre service de th\u00e9rapies inhalatoires est \u00e9quip\u00e9 d\u2019appareils pour inhalations, a\u00e9rosols et humage.\u00c0 la fin de chaque traitement, l\u2019inhalateur effectue un court cycle d\u2019auto-d\u00e9sinfection, renforc\u00e9 par [&hellip;]<\/p>\n","protected":false},"author":1,"featured_media":3563,"parent":1324,"menu_order":0,"comment_status":"closed","ping_status":"closed","template":"","meta":{"_acf_changed":false,"footnotes":""},"class_list":["post-6572","page","type-page","status-publish","has-post-thumbnail","hentry"],"acf":[],"_links":{"self":[{"href":"https:\/\/venadoro.it\/fr\/wp-json\/wp\/v2\/pages\/6572","targetHints":{"allow":["GET"]}}],"collection":[{"href":"https:\/\/venadoro.it\/fr\/wp-json\/wp\/v2\/pages"}],"about":[{"href":"https:\/\/venadoro.it\/fr\/wp-json\/wp\/v2\/types\/page"}],"author":[{"embeddable":true,"href":"https:\/\/venadoro.it\/fr\/wp-json\/wp\/v2\/users\/1"}],"replies":[{"embeddable":true,"href":"https:\/\/venadoro.it\/fr\/wp-json\/wp\/v2\/comments?post=6572"}],"version-history":[{"count":1,"href":"https:\/\/venadoro.it\/fr\/wp-json\/wp\/v2\/pages\/6572\/revisions"}],"predecessor-version":[{"id":6574,"href":"https:\/\/venadoro.it\/fr\/wp-json\/wp\/v2\/pages\/6572\/revisions\/6574"}],"up":[{"embeddable":true,"href":"https:\/\/venadoro.it\/fr\/wp-json\/wp\/v2\/pages\/1324"}],"wp:featuredmedia":[{"embeddable":true,"href":"https:\/\/venadoro.it\/fr\/wp-json\/wp\/v2\/media\/3563"}],"wp:attachment":[{"href":"https:\/\/venadoro.it\/fr\/wp-json\/wp\/v2\/media?parent=6572"}],"curies":[{"name":"wp","href":"https:\/\/api.w.org\/{rel}","templated":true}]}}