{"id":6568,"date":"2022-01-25T14:32:44","date_gmt":"2022-01-25T13:32:44","guid":{"rendered":"https:\/\/venadoro.it\/cure\/fangoterapia\/"},"modified":"2026-01-08T15:18:07","modified_gmt":"2026-01-08T14:18:07","slug":"fangotherapie-a-abano-terme","status":"publish","type":"page","link":"https:\/\/venadoro.it\/fr\/cure\/fangotherapie-a-abano-terme\/","title":{"rendered":"Fangoth\u00e9rapie"},"content":{"rendered":"\n<p>Les sources thermales et la boue th\u00e9rapeutique qui en d\u00e9rive atteignent, aux Thermes Eugan\u00e9ens, une temp\u00e9rature de <strong>87<\/strong> \u00b0C et pr\u00e9sentent une forte min\u00e9ralisation. Conform\u00e9ment \u00e0 la tradition de tous les \u00e9tablissements thermaux d\u2019Abano, l\u2019H\u00f4tel Vena d\u2019Oro dispose de <strong>son propre service de fangobaln\u00e9oth\u00e9rapie<\/strong> et d\u2019une \u00e9quipe d\u2019op\u00e9rateurs hautement sp\u00e9cialis\u00e9s, travaillant sous la supervision du Directeur Sanitaire. L\u2019H\u00f4tel Vena d\u2019Oro fait partie du r\u00e9seau de surveillance <strong>O.T.P.<\/strong> (Observatoire Thermal Permanent) de l\u2019Universit\u00e9 de Padoue, charg\u00e9 du contr\u00f4le du processus de maturation et de la qualit\u00e9 des boues thermales. Un large \u00e9ventail de pathologies peut \u00eatre trait\u00e9 et pr\u00e9venu gr\u00e2ce \u00e0 une fangobaln\u00e9oth\u00e9rapie adapt\u00e9e. Il s\u2019agit notamment de l\u2019ost\u00e9oporose (les troubles mentionn\u00e9s ne doivent pas \u00eatre en phase aigu\u00eb), des rhumatismes, des fibrosites, des myalgies, des n\u00e9vralgies et n\u00e9vrites, ainsi que des sciatiques.<\/p>\n\n\n\n<p>La fangoth\u00e9rapie est \u00e9galement indiqu\u00e9e pour l\u2019uric\u00e9mie, la goutte, les s\u00e9quelles de fractures, luxations et entorses, les l\u00e9sions traumatiques et les interventions orthop\u00e9diques, les rhumatismes dysm\u00e9taboliques et inflammatoires primaires, ainsi que pour de nombreuses affections de l\u2019appareil respiratoire telles que les catarrhes chroniques, l\u2019asthme, les sinusites et les bronchites chroniques.<\/p>\n\n\n\n<figure class=\"wp-block-gallery has-nested-images columns-default is-cropped wp-block-gallery-1 is-layout-flex wp-block-gallery-is-layout-flex\">\n<figure class=\"wp-block-image size-large\"><img decoding=\"async\" width=\"1024\" height=\"683\" data-id=\"3501\" data-src=\"https:\/\/venadoro.it\/wp-content\/uploads\/2022\/02\/Consorzio_Terme_Euganee_2010__3_-1024x683.jpeg\" alt=\"\" class=\"wp-image-3501 lazyload\" data-srcset=\"https:\/\/venadoro.it\/wp-content\/uploads\/2022\/02\/Consorzio_Terme_Euganee_2010__3_-1024x683.jpeg 1024w, https:\/\/venadoro.it\/wp-content\/uploads\/2022\/02\/Consorzio_Terme_Euganee_2010__3_-300x200.jpeg 300w, https:\/\/venadoro.it\/wp-content\/uploads\/2022\/02\/Consorzio_Terme_Euganee_2010__3_-768x512.jpeg 768w, https:\/\/venadoro.it\/wp-content\/uploads\/2022\/02\/Consorzio_Terme_Euganee_2010__3_-1536x1024.jpeg 1536w, https:\/\/venadoro.it\/wp-content\/uploads\/2022\/02\/Consorzio_Terme_Euganee_2010__3_-2048x1366.jpeg 2048w\" data-sizes=\"(max-width: 1024px) 100vw, 1024px\" src=\"data:image\/svg+xml;base64,PHN2ZyB3aWR0aD0iMSIgaGVpZ2h0PSIxIiB4bWxucz0iaHR0cDovL3d3dy53My5vcmcvMjAwMC9zdmciPjwvc3ZnPg==\" style=\"--smush-placeholder-width: 1024px; --smush-placeholder-aspect-ratio: 1024\/683;\" \/><\/figure>\n\n\n\n<figure class=\"wp-block-image size-large\"><img decoding=\"async\" width=\"700\" height=\"492\" data-id=\"3505\" data-src=\"https:\/\/venadoro.it\/wp-content\/uploads\/2022\/02\/fangoterapia-700x492-1.jpeg\" alt=\"\" class=\"wp-image-3505 lazyload\" data-srcset=\"https:\/\/venadoro.it\/wp-content\/uploads\/2022\/02\/fangoterapia-700x492-1.jpeg 700w, https:\/\/venadoro.it\/wp-content\/uploads\/2022\/02\/fangoterapia-700x492-1-300x211.jpeg 300w\" data-sizes=\"(max-width: 700px) 100vw, 700px\" src=\"data:image\/svg+xml;base64,PHN2ZyB3aWR0aD0iMSIgaGVpZ2h0PSIxIiB4bWxucz0iaHR0cDovL3d3dy53My5vcmcvMjAwMC9zdmciPjwvc3ZnPg==\" style=\"--smush-placeholder-width: 700px; --smush-placeholder-aspect-ratio: 700\/492;\" \/><\/figure>\n\n\n\n<figure class=\"wp-block-image size-large\"><img decoding=\"async\" width=\"577\" height=\"400\" data-id=\"3509\" data-src=\"https:\/\/venadoro.it\/wp-content\/uploads\/2022\/02\/Prevenzione-Abano-Montegrotto-Terme1-577x400-1.jpeg\" alt=\"\" class=\"wp-image-3509 lazyload\" data-srcset=\"https:\/\/venadoro.it\/wp-content\/uploads\/2022\/02\/Prevenzione-Abano-Montegrotto-Terme1-577x400-1.jpeg 577w, https:\/\/venadoro.it\/wp-content\/uploads\/2022\/02\/Prevenzione-Abano-Montegrotto-Terme1-577x400-1-300x208.jpeg 300w\" data-sizes=\"(max-width: 577px) 100vw, 577px\" src=\"data:image\/svg+xml;base64,PHN2ZyB3aWR0aD0iMSIgaGVpZ2h0PSIxIiB4bWxucz0iaHR0cDovL3d3dy53My5vcmcvMjAwMC9zdmciPjwvc3ZnPg==\" style=\"--smush-placeholder-width: 577px; --smush-placeholder-aspect-ratio: 577\/400;\" \/><\/figure>\n<\/figure>\n\n\n\n<div class=\"wp-block-group\"><div class=\"wp-block-group__inner-container is-layout-flow wp-block-group-is-layout-flow\">\n<blockquote class=\"wp-block-quote has-text-align-center is-layout-flow wp-block-quote-is-layout-flow\">\n<p><strong>MODALIT\u00c9S DE LA FANGOTH\u00c9RAPIE:<\/strong><\/p>\n\n\n\n<p><em>LES 4 \u00c9TAPES DE LA S\u00c9ANCE<\/em><\/p>\n<\/blockquote>\n<\/div><\/div>\n\n\n\n<blockquote class=\"wp-block-quote is-layout-flow wp-block-quote-is-layout-flow\">\n<p><strong>1. Application de la boue thermale<\/strong><br>Apr\u00e8s la visite m\u00e9dicale obligatoire d\u2019aptitude et d\u2019admission au traitement thermal, effectu\u00e9e par un m\u00e9decin sp\u00e9cialiste, la boue est appliqu\u00e9e sur les articulations du corps selon les indications du directeur sanitaire, \u00e0 une temp\u00e9rature comprise entre 39 et 42 \u00b0C, pendant environ 15 \u00e0 20 minutes (30 minutes pour les applications partielles). <br>Bienfaits: la chaleur de la boue provoque une vasodilatation b\u00e9n\u00e9fique au niveau de l\u2019appareil locomoteur. Elle entra\u00eene \u00e9galement des modifications au niveau cellulaire et stimule la fonction excr\u00e9trice de la peau, notamment en favorisant l\u2019\u00e9limination de l\u2019acide urique, contribuant ainsi \u00e0 une action d\u00e9toxifiante.<\/p>\n\n\n\n<p><strong>2. Bain thermal<br><\/strong>Apr\u00e8s une douche \u00e0 l\u2019eau thermale destin\u00e9e \u00e0 \u00e9liminer la boue, le client est immerg\u00e9 dans une baignoire d\u2019eau thermale \u00e0 environ 37 \u00b0C, avec hydromassage et ozonoth\u00e9rapie, pendant environ 10 minutes. Bienfaits: la baln\u00e9oth\u00e9rapie favorise la circulation sanguine, le rel\u00e2chement musculaire et exerce une action antalgique. Gr\u00e2ce \u00e0 la composition chimique de l\u2019eau, elle stimule \u00e9galement des m\u00e9canismes hormonaux, biochimiques et neurov\u00e9g\u00e9tatifs, contribuant au r\u00e9tablissement complet du bien-\u00eatre.<\/p>\n\n\n\n<p><strong>3. R\u00e9action sudorale<br><\/strong>C\u2019est le temps du repos et de la r\u00e9action du corps au traitement, durant lequel les tissus lib\u00e8rent la chaleur accumul\u00e9e lors de l\u2019application de la boue et du bain thermal. Apr\u00e8s le bain, le client regagne sa chambre pour une phase de sudation d\u2019une dur\u00e9e d\u2019environ 30 \u00e0 60 minutes, due \u00e0 l\u2019augmentation de la temp\u00e9rature corporelle et \u00e0 la vasodilatation sanguine.<\/p>\n\n\n\n<p><strong>4. Massage th\u00e9rapeutique<br><\/strong>La massoth\u00e9rapie constitue la derni\u00e8re \u00e9tape du parcours quotidien du traitement thermal. Les massages sont tonifiants, th\u00e9rapeutiques et relaxants. Bienfaits: un massage de courte dur\u00e9e a un effet d\u00e9contractant et tonifiant, stimule la peau et la musculature et compl\u00e8te efficacement la th\u00e9rapie thermale.<\/p>\n<\/blockquote>\n\n\n\n<div class=\"wp-block-group\"><div class=\"wp-block-group__inner-container is-layout-flow wp-block-group-is-layout-flow\"><\/div><\/div>\n\n\n\n<div class=\"wp-block-media-text alignfull is-stacked-on-mobile is-vertically-aligned-center\" style=\"grid-template-columns:37% auto\"><figure class=\"wp-block-media-text__media\"><img decoding=\"async\" width=\"577\" height=\"400\" data-src=\"https:\/\/venadoro.it\/wp-content\/uploads\/2022\/02\/Prevenzione-Abano-Montegrotto-Terme1-577x400-1.jpeg\" alt=\"\" class=\"wp-image-3509 size-full lazyload\" data-srcset=\"https:\/\/venadoro.it\/wp-content\/uploads\/2022\/02\/Prevenzione-Abano-Montegrotto-Terme1-577x400-1.jpeg 577w, https:\/\/venadoro.it\/wp-content\/uploads\/2022\/02\/Prevenzione-Abano-Montegrotto-Terme1-577x400-1-300x208.jpeg 300w\" data-sizes=\"(max-width: 577px) 100vw, 577px\" src=\"data:image\/svg+xml;base64,PHN2ZyB3aWR0aD0iMSIgaGVpZ2h0PSIxIiB4bWxucz0iaHR0cDovL3d3dy53My5vcmcvMjAwMC9zdmciPjwvc3ZnPg==\" style=\"--smush-placeholder-width: 577px; --smush-placeholder-aspect-ratio: 577\/400;\" \/><\/figure><div class=\"wp-block-media-text__content\">\n<h2 class=\"wp-block-heading has-text-align-center has-text-color\" id=\"prevenzione\" style=\"color:#0d4694\">Pr\u00e9vention<\/h2>\n\n\n\n<blockquote class=\"wp-block-quote is-style-default has-small-font-size is-layout-flow wp-block-quote-is-layout-flow\">\n<p><strong><em>PR\u00c9VENIR SIGNIFIE P<\/em><\/strong><em><strong>RENDRE SOIN DE SOI.<\/strong> IL EST FACILE D\u2019ALLER BIEN QUAND ON VA D\u00c9J\u00c0 BIEN.<\/em><\/p>\n<cite><strong>COMME LA CORTISONE, MAIS 100 % NATUREL ET SANS EFFETS SECONDAIRES.<\/strong><\/cite><\/blockquote>\n\n\n\n<p>Richesse naturelle propre au territoire eugan\u00e9en, la boue thermale poss\u00e8de des principes actifs uniques, tels que le MGDG, efficace contre l\u2019inflammation du cartilage articulaire humain. L\u2019unicit\u00e9 et la haute valeur th\u00e9rapeutique des composants actifs de la boue thermale nous ont conduits \u00e0 la prot\u00e9ger par un brevet : un don pr\u00e9cieux que la nature a offert \u00e0 notre territoire.<\/p>\n<\/div><\/div>\n\n\n\n<p>Il n\u2019existe <strong>aucune contre-indication<\/strong> \u00e0 l\u2019application de la boue en pr\u00e9sence de<strong> proth\u00e8ses articulaires m\u00e9talliques<\/strong>, ni de <strong>plaques viss\u00e9es<\/strong> utilis\u00e9es pour l\u2019ost\u00e9osynth\u00e8se.<\/p>\n","protected":false},"excerpt":{"rendered":"<p>Les sources thermales et la boue th\u00e9rapeutique qui en d\u00e9rive atteignent, aux Thermes Eugan\u00e9ens, une temp\u00e9rature de 87 \u00b0C et pr\u00e9sentent une forte min\u00e9ralisation. Conform\u00e9ment \u00e0 la tradition de tous les \u00e9tablissements thermaux d\u2019Abano, l\u2019H\u00f4tel Vena d\u2019Oro dispose de son propre service de fangobaln\u00e9oth\u00e9rapie et d\u2019une \u00e9quipe d\u2019op\u00e9rateurs hautement sp\u00e9cialis\u00e9s, travaillant sous la supervision du [&hellip;]<\/p>\n","protected":false},"author":1,"featured_media":3495,"parent":1324,"menu_order":0,"comment_status":"closed","ping_status":"closed","template":"","meta":{"_acf_changed":false,"footnotes":""},"class_list":["post-6568","page","type-page","status-publish","has-post-thumbnail","hentry"],"acf":[],"_links":{"self":[{"href":"https:\/\/venadoro.it\/fr\/wp-json\/wp\/v2\/pages\/6568","targetHints":{"allow":["GET"]}}],"collection":[{"href":"https:\/\/venadoro.it\/fr\/wp-json\/wp\/v2\/pages"}],"about":[{"href":"https:\/\/venadoro.it\/fr\/wp-json\/wp\/v2\/types\/page"}],"author":[{"embeddable":true,"href":"https:\/\/venadoro.it\/fr\/wp-json\/wp\/v2\/users\/1"}],"replies":[{"embeddable":true,"href":"https:\/\/venadoro.it\/fr\/wp-json\/wp\/v2\/comments?post=6568"}],"version-history":[{"count":2,"href":"https:\/\/venadoro.it\/fr\/wp-json\/wp\/v2\/pages\/6568\/revisions"}],"predecessor-version":[{"id":6571,"href":"https:\/\/venadoro.it\/fr\/wp-json\/wp\/v2\/pages\/6568\/revisions\/6571"}],"up":[{"embeddable":true,"href":"https:\/\/venadoro.it\/fr\/wp-json\/wp\/v2\/pages\/1324"}],"wp:featuredmedia":[{"embeddable":true,"href":"https:\/\/venadoro.it\/fr\/wp-json\/wp\/v2\/media\/3495"}],"wp:attachment":[{"href":"https:\/\/venadoro.it\/fr\/wp-json\/wp\/v2\/media?parent=6568"}],"curies":[{"name":"wp","href":"https:\/\/api.w.org\/{rel}","templated":true}]}}