{"id":5750,"date":"2022-02-24T23:55:06","date_gmt":"2022-02-24T22:55:06","guid":{"rendered":"https:\/\/venadoro.it\/?page_id=5750"},"modified":"2023-02-17T12:42:48","modified_gmt":"2023-02-17T11:42:48","slug":"massages","status":"publish","type":"page","link":"https:\/\/venadoro.it\/fr\/wellness\/massages\/","title":{"rendered":"Massages"},"content":{"rendered":"\n<p>Laissez-vous dorloter par des mains expertes et profitez de nos massages. D\u00e9couvrez les bienfaits des traitements pr\u00e9f\u00e9r\u00e9s de nos clients<\/p>\n","protected":false},"excerpt":{"rendered":"<p>Laissez-vous dorloter par des mains expertes et profitez de nos massages. D\u00e9couvrez les bienfaits des traitements pr\u00e9f\u00e9r\u00e9s de nos clients<\/p>\n","protected":false},"author":2,"featured_media":0,"parent":1623,"menu_order":2,"comment_status":"closed","ping_status":"closed","template":"templates\/lista-figlio.php","meta":{"_acf_changed":false,"footnotes":""},"class_list":["post-5750","page","type-page","status-publish","hentry"],"acf":[],"_links":{"self":[{"href":"https:\/\/venadoro.it\/fr\/wp-json\/wp\/v2\/pages\/5750","targetHints":{"allow":["GET"]}}],"collection":[{"href":"https:\/\/venadoro.it\/fr\/wp-json\/wp\/v2\/pages"}],"about":[{"href":"https:\/\/venadoro.it\/fr\/wp-json\/wp\/v2\/types\/page"}],"author":[{"embeddable":true,"href":"https:\/\/venadoro.it\/fr\/wp-json\/wp\/v2\/users\/2"}],"replies":[{"embeddable":true,"href":"https:\/\/venadoro.it\/fr\/wp-json\/wp\/v2\/comments?post=5750"}],"version-history":[{"count":0,"href":"https:\/\/venadoro.it\/fr\/wp-json\/wp\/v2\/pages\/5750\/revisions"}],"up":[{"embeddable":true,"href":"https:\/\/venadoro.it\/fr\/wp-json\/wp\/v2\/pages\/1623"}],"wp:attachment":[{"href":"https:\/\/venadoro.it\/fr\/wp-json\/wp\/v2\/media?parent=5750"}],"curies":[{"name":"wp","href":"https:\/\/api.w.org\/{rel}","templated":true}]}}