{"id":5744,"date":"2022-01-25T14:14:06","date_gmt":"2022-01-25T13:14:06","guid":{"rendered":"https:\/\/venadoro.it\/?page_id=5744"},"modified":"2023-02-17T11:12:37","modified_gmt":"2023-02-17T10:12:37","slug":"notre-histoire","status":"publish","type":"page","link":"https:\/\/venadoro.it\/fr\/hotel\/notre-histoire\/","title":{"rendered":"Notre histoire"},"content":{"rendered":"\n<p class=\"has-text-align-center\" style=\"font-size:25px\">Nous tenons \u00e0 notre pass\u00e9 pour vous accueillir avec passion et professionnalisme.           <\/p>\n\n\n\n<figure class=\"wp-block-gallery has-nested-images columns-4 is-cropped wp-block-gallery-1 is-layout-flex wp-block-gallery-is-layout-flex\">\n<figure class=\"wp-block-image size-full is-style-default\"><img decoding=\"async\" width=\"897\" height=\"673\" data-id=\"4074\" data-src=\"https:\/\/venadoro.it\/wp-content\/uploads\/2022\/02\/Immagine-2022-02-24-222007-1.jpg\" alt=\"\" class=\"wp-image-4074 lazyload\" data-srcset=\"https:\/\/venadoro.it\/wp-content\/uploads\/2022\/02\/Immagine-2022-02-24-222007-1.jpg 897w, https:\/\/venadoro.it\/wp-content\/uploads\/2022\/02\/Immagine-2022-02-24-222007-1-300x225.jpg 300w, https:\/\/venadoro.it\/wp-content\/uploads\/2022\/02\/Immagine-2022-02-24-222007-1-768x576.jpg 768w\" data-sizes=\"(max-width: 897px) 100vw, 897px\" src=\"data:image\/svg+xml;base64,PHN2ZyB3aWR0aD0iMSIgaGVpZ2h0PSIxIiB4bWxucz0iaHR0cDovL3d3dy53My5vcmcvMjAwMC9zdmciPjwvc3ZnPg==\" style=\"--smush-placeholder-width: 897px; --smush-placeholder-aspect-ratio: 897\/673;\" \/><\/figure>\n\n\n\n<figure class=\"wp-block-image size-large is-style-default\"><img decoding=\"async\" width=\"1024\" height=\"699\" data-id=\"3786\" data-src=\"https:\/\/venadoro.it\/wp-content\/uploads\/2022\/02\/1955-1024x699.jpg\" alt=\"\" class=\"wp-image-3786 lazyload\" data-srcset=\"https:\/\/venadoro.it\/wp-content\/uploads\/2022\/02\/1955-1024x699.jpg 1024w, https:\/\/venadoro.it\/wp-content\/uploads\/2022\/02\/1955-300x205.jpg 300w, https:\/\/venadoro.it\/wp-content\/uploads\/2022\/02\/1955-768x525.jpg 768w, https:\/\/venadoro.it\/wp-content\/uploads\/2022\/02\/1955-1536x1049.jpg 1536w, https:\/\/venadoro.it\/wp-content\/uploads\/2022\/02\/1955-2048x1399.jpg 2048w\" data-sizes=\"(max-width: 1024px) 100vw, 1024px\" src=\"data:image\/svg+xml;base64,PHN2ZyB3aWR0aD0iMSIgaGVpZ2h0PSIxIiB4bWxucz0iaHR0cDovL3d3dy53My5vcmcvMjAwMC9zdmciPjwvc3ZnPg==\" style=\"--smush-placeholder-width: 1024px; --smush-placeholder-aspect-ratio: 1024\/699;\" \/><\/figure>\n\n\n\n<figure class=\"wp-block-image size-full is-style-default\"><img decoding=\"async\" width=\"902\" height=\"617\" data-id=\"4022\" data-src=\"https:\/\/venadoro.it\/wp-content\/uploads\/2022\/02\/Immagine-2022-02-24-222040-1.jpg\" alt=\"\" class=\"wp-image-4022 lazyload\" data-srcset=\"https:\/\/venadoro.it\/wp-content\/uploads\/2022\/02\/Immagine-2022-02-24-222040-1.jpg 902w, https:\/\/venadoro.it\/wp-content\/uploads\/2022\/02\/Immagine-2022-02-24-222040-1-300x205.jpg 300w, https:\/\/venadoro.it\/wp-content\/uploads\/2022\/02\/Immagine-2022-02-24-222040-1-768x525.jpg 768w\" data-sizes=\"(max-width: 902px) 100vw, 902px\" src=\"data:image\/svg+xml;base64,PHN2ZyB3aWR0aD0iMSIgaGVpZ2h0PSIxIiB4bWxucz0iaHR0cDovL3d3dy53My5vcmcvMjAwMC9zdmciPjwvc3ZnPg==\" style=\"--smush-placeholder-width: 902px; --smush-placeholder-aspect-ratio: 902\/617;\" \/><\/figure>\n\n\n\n<figure class=\"wp-block-image size-large is-style-default\"><img decoding=\"async\" width=\"1024\" height=\"710\" data-id=\"3782\" data-src=\"https:\/\/venadoro.it\/wp-content\/uploads\/2022\/02\/anni-50_04-1024x710.jpg\" alt=\"\" class=\"wp-image-3782 lazyload\" data-srcset=\"https:\/\/venadoro.it\/wp-content\/uploads\/2022\/02\/anni-50_04-1024x710.jpg 1024w, https:\/\/venadoro.it\/wp-content\/uploads\/2022\/02\/anni-50_04-300x208.jpg 300w, https:\/\/venadoro.it\/wp-content\/uploads\/2022\/02\/anni-50_04-768x532.jpg 768w, https:\/\/venadoro.it\/wp-content\/uploads\/2022\/02\/anni-50_04-1536x1065.jpg 1536w, https:\/\/venadoro.it\/wp-content\/uploads\/2022\/02\/anni-50_04-2048x1420.jpg 2048w\" data-sizes=\"(max-width: 1024px) 100vw, 1024px\" src=\"data:image\/svg+xml;base64,PHN2ZyB3aWR0aD0iMSIgaGVpZ2h0PSIxIiB4bWxucz0iaHR0cDovL3d3dy53My5vcmcvMjAwMC9zdmciPjwvc3ZnPg==\" style=\"--smush-placeholder-width: 1024px; --smush-placeholder-aspect-ratio: 1024\/710;\" \/><\/figure>\n<\/figure>\n\n\n\n<p class=\"has-drop-cap\">L&rsquo;h\u00f4tel Vena d&rsquo;Oro a accompagn\u00e9 l&rsquo;histoire d&rsquo;Abano au cours du si\u00e8cle dernier. Il op\u00e8re dans une zone privil\u00e9gi\u00e9e en termes de thermalisme, situ\u00e9e au c\u0153ur de la ville thermale d&rsquo;Abano Terme. C\u00e9l\u00e8bre pour ses pr\u00e9cieuses eaux thermales, ses boues curatives, ses parcs et son charme.<\/p>\n\n\n\n<p><\/p>\n\n\n\n<p><\/p>\n\n\n\n<p>L&rsquo;h\u00f4tel Terme \u00ab\u00a0Vena D&rsquo;Oro\u00a0\u00bb d&rsquo;Abano est situ\u00e9 dans une position extr\u00eamement calme et, dot\u00e9 d&rsquo;\u00e9quipements modernes, il offre \u00e0 ses h\u00f4tes un environnement id\u00e9al pour un s\u00e9jour de soins et de repos, tandis qu&rsquo;un vaste parc avec piscine isole l&rsquo;h\u00f4tel du monde ext\u00e9rieur. L&rsquo;h\u00f4tel est \u00e9quip\u00e9 des conforts les plus modernes et le personnel hautement qualifi\u00e9 assure un service efficace et complet.<\/p>\n\n\n\n<p><\/p>\n\n\n\n<div class=\"wp-block-media-text alignwide is-stacked-on-mobile\" style=\"grid-template-columns:53% auto\"><figure class=\"wp-block-media-text__media\"><img decoding=\"async\" width=\"897\" height=\"673\" data-src=\"https:\/\/venadoro.it\/wp-content\/uploads\/2022\/02\/Immagine-2022-02-24-222007-2.jpg\" alt=\"\" class=\"wp-image-4081 size-full lazyload\" data-srcset=\"https:\/\/venadoro.it\/wp-content\/uploads\/2022\/02\/Immagine-2022-02-24-222007-2.jpg 897w, https:\/\/venadoro.it\/wp-content\/uploads\/2022\/02\/Immagine-2022-02-24-222007-2-300x225.jpg 300w, https:\/\/venadoro.it\/wp-content\/uploads\/2022\/02\/Immagine-2022-02-24-222007-2-768x576.jpg 768w\" data-sizes=\"(max-width: 897px) 100vw, 897px\" src=\"data:image\/svg+xml;base64,PHN2ZyB3aWR0aD0iMSIgaGVpZ2h0PSIxIiB4bWxucz0iaHR0cDovL3d3dy53My5vcmcvMjAwMC9zdmciPjwvc3ZnPg==\" style=\"--smush-placeholder-width: 897px; --smush-placeholder-aspect-ratio: 897\/673;\" \/><\/figure><div class=\"wp-block-media-text__content\">\n<figure class=\"wp-block-pullquote\"><blockquote><p><em>Un amour constant pour la famille<\/em><\/p><cite>1975<\/cite><\/blockquote><\/figure>\n<\/div><\/div>\n\n\n\n<div class=\"wp-block-columns alignwide are-vertically-aligned-center is-layout-flex wp-container-core-columns-is-layout-9d6595d7 wp-block-columns-is-layout-flex\">\n<div class=\"wp-block-column is-vertically-aligned-center is-layout-flow wp-block-column-is-layout-flow\" style=\"flex-basis:54%\">\n<figure class=\"wp-block-pullquote\"><blockquote><p><em>M\u00e8re et fils : la m\u00eame passion pour l&rsquo;hospitalit\u00e9, le m\u00eame sourire et la m\u00eame joie \u00e0 transmettre.<\/em><\/p><cite>1988<\/cite><\/blockquote><\/figure>\n<\/div>\n\n\n\n<div class=\"wp-block-column is-vertically-aligned-center is-layout-flow wp-block-column-is-layout-flow\" style=\"flex-basis:46%\">\n<figure class=\"wp-block-image is-resized\"><img decoding=\"async\" data-src=\"https:\/\/venadoro.it\/wp-content\/uploads\/2022\/02\/Immagine-2022-02-24-223555.jpg\" alt=\"\" class=\"wp-image-4088 lazyload\" width=\"441\" height=\"298\" data-srcset=\"https:\/\/venadoro.it\/wp-content\/uploads\/2022\/02\/Immagine-2022-02-24-223555.jpg 543w, https:\/\/venadoro.it\/wp-content\/uploads\/2022\/02\/Immagine-2022-02-24-223555-300x203.jpg 300w\" data-sizes=\"(max-width: 441px) 100vw, 441px\" src=\"data:image\/svg+xml;base64,PHN2ZyB3aWR0aD0iMSIgaGVpZ2h0PSIxIiB4bWxucz0iaHR0cDovL3d3dy53My5vcmcvMjAwMC9zdmciPjwvc3ZnPg==\" style=\"--smush-placeholder-width: 441px; --smush-placeholder-aspect-ratio: 441\/298;\" \/><\/figure>\n<\/div>\n<\/div>\n\n\n\n<p>En 1950, la famille Albertin commence \u00e0 construire l&rsquo;H\u00f4tel Europa, g\u00e9r\u00e9 ensuite par M. Antonio qui, en 1952, \u00e9pouse Mme Braggion Paolina, dont il aura deux fils, Massimo et Marco. Dans la gestion de l&rsquo;entreprise au fil des ans, sa femme devient la collaboratrice valable et irrempla\u00e7able de son mari. En 1957, le couple Albertin s&rsquo;installe \u00e0 Venise o\u00f9 il g\u00e8re pendant 15 ans l&rsquo;h\u00f4tel \u00ab\u00a0Nazionale\u00a0\u00bb, un \u00e9tablissement de 200 lits. L&rsquo;engagement de Madame Paolina est encore plus significatif, lorsqu&rsquo;en 1964, avec son mari, elle ach\u00e8te l&rsquo;h\u00f4tel \u00ab\u00a0Vena D&rsquo;Oro\u00a0\u00bb, qu&rsquo;elle g\u00e8re avec beaucoup de comp\u00e9tence jusqu&rsquo;en 1971, ann\u00e9e o\u00f9 elle est rejointe par son mari, celui-ci ayant termin\u00e9 ses engagements \u00e0 Venise. Les propri\u00e9taires ont commenc\u00e9 la r\u00e9novation et l&rsquo;agrandissement de l&rsquo;\u00e9difice, amenant l&rsquo;h\u00f4tel \u00e0 son excellent niveau actuel.<\/p>\n\n\n\n<p class=\"has-text-align-center\"><\/p>\n\n\n\n<div class=\"wp-block-image is-style-default\"><figure class=\"alignleft size-full is-resized\"><img decoding=\"async\" data-src=\"https:\/\/venadoro.it\/wp-content\/uploads\/2022\/02\/POST-21-giugno-2021-3-1-edited.png\" alt=\"\" class=\"wp-image-4127 lazyload\" width=\"204\" height=\"326\" data-srcset=\"https:\/\/venadoro.it\/wp-content\/uploads\/2022\/02\/POST-21-giugno-2021-3-1-edited.png 492w, https:\/\/venadoro.it\/wp-content\/uploads\/2022\/02\/POST-21-giugno-2021-3-1-edited-187x300.png 187w\" data-sizes=\"(max-width: 204px) 100vw, 204px\" src=\"data:image\/svg+xml;base64,PHN2ZyB3aWR0aD0iMSIgaGVpZ2h0PSIxIiB4bWxucz0iaHR0cDovL3d3dy53My5vcmcvMjAwMC9zdmciPjwvc3ZnPg==\" style=\"--smush-placeholder-width: 204px; --smush-placeholder-aspect-ratio: 204\/326;\" \/><\/figure><\/div>\n\n\n\n<p>Depuis vingt ans, l&rsquo;h\u00f4tel Terme Vena d&rsquo;Oro est entre les mains de la deuxi\u00e8me g\u00e9n\u00e9ration. Marta et Marco dirigent l&rsquo;h\u00f4tel avec amour, le m\u00eame amour avec lequel la m\u00e8re Paola et le p\u00e8re Antonio ont fait de ce lieu un paradis thermal magique. Ils ch\u00e9rissent les pr\u00e9cieux conseils et enseignements de leurs parents et transmettent les traditions familiales \u00e0 leurs enfants Jacopo et Carola.<\/p>\n\n\n\n<p>Chaque ann\u00e9e, avec l&rsquo;aide de leur pr\u00e9cieux personnel, ils accueillent leurs clients comme si c&rsquo;\u00e9tait la premi\u00e8re fois : avec enthousiasme, ils travaillent pour garantir \u00e0 leurs clients le bien-\u00eatre thermal et l&rsquo;atmosph\u00e8re familiale qui caract\u00e9risent l&rsquo;H\u00f4tel Terme Vena d&rsquo;Oro depuis 60 ans.<\/p>\n","protected":false},"excerpt":{"rendered":"<p>Nous tenons \u00e0 notre pass\u00e9 pour vous accueillir avec passion et professionnalisme. L&rsquo;h\u00f4tel Vena d&rsquo;Oro a accompagn\u00e9 l&rsquo;histoire d&rsquo;Abano au cours du si\u00e8cle dernier. Il op\u00e8re dans une zone privil\u00e9gi\u00e9e en termes de thermalisme, situ\u00e9e au c\u0153ur de la ville thermale d&rsquo;Abano Terme. C\u00e9l\u00e8bre pour ses pr\u00e9cieuses eaux thermales, ses boues curatives, ses parcs et [&hellip;]<\/p>\n","protected":false},"author":2,"featured_media":0,"parent":5748,"menu_order":0,"comment_status":"closed","ping_status":"closed","template":"","meta":{"_acf_changed":false,"footnotes":""},"class_list":["post-5744","page","type-page","status-publish","hentry"],"acf":[],"_links":{"self":[{"href":"https:\/\/venadoro.it\/fr\/wp-json\/wp\/v2\/pages\/5744","targetHints":{"allow":["GET"]}}],"collection":[{"href":"https:\/\/venadoro.it\/fr\/wp-json\/wp\/v2\/pages"}],"about":[{"href":"https:\/\/venadoro.it\/fr\/wp-json\/wp\/v2\/types\/page"}],"author":[{"embeddable":true,"href":"https:\/\/venadoro.it\/fr\/wp-json\/wp\/v2\/users\/2"}],"replies":[{"embeddable":true,"href":"https:\/\/venadoro.it\/fr\/wp-json\/wp\/v2\/comments?post=5744"}],"version-history":[{"count":0,"href":"https:\/\/venadoro.it\/fr\/wp-json\/wp\/v2\/pages\/5744\/revisions"}],"up":[{"embeddable":true,"href":"https:\/\/venadoro.it\/fr\/wp-json\/wp\/v2\/pages\/5748"}],"wp:attachment":[{"href":"https:\/\/venadoro.it\/fr\/wp-json\/wp\/v2\/media?parent=5744"}],"curies":[{"name":"wp","href":"https:\/\/api.w.org\/{rel}","templated":true}]}}