{"id":5735,"date":"2022-01-25T14:09:39","date_gmt":"2022-01-25T13:09:39","guid":{"rendered":"https:\/\/venadoro.it\/?page_id=5735"},"modified":"2024-02-21T10:45:41","modified_gmt":"2024-02-21T09:45:41","slug":"stay-info","status":"publish","type":"page","link":"https:\/\/venadoro.it\/fr\/hotel\/stay-info\/","title":{"rendered":"Informations sur le s\u00e9jour"},"content":{"rendered":"\n<div class=\"wp-block-columns has-black-color has-text-color is-layout-flex wp-container-core-columns-is-layout-9d6595d7 wp-block-columns-is-layout-flex\">\n<div class=\"wp-block-column is-layout-flow wp-block-column-is-layout-flow\" style=\"flex-basis:100%\">\n<div class=\"wp-block-columns is-layout-flex wp-container-core-columns-is-layout-9d6595d7 wp-block-columns-is-layout-flex\">\n<div class=\"wp-block-column is-layout-flow wp-block-column-is-layout-flow\">\n<h3 class=\"wp-block-heading\" id=\"check-in-check-out\"><mark style=\"background-color:rgba(0, 0, 0, 0)\" class=\"has-inline-color has-vivid-cyan-blue-color\">Check-in \/ Check-out<\/mark><\/h3>\n\n\n\n<p>Le jour de l&rsquo;arriv\u00e9e, la chambre sera disponible \u00e0 partir de 14h00. Le jour du d\u00e9part, jusqu&rsquo;\u00e0 10h30.<\/p>\n<\/div>\n\n\n\n<div class=\"wp-block-column is-layout-flow wp-block-column-is-layout-flow\">\n<h3 class=\"wp-block-heading\" id=\"late-check-out\"><mark style=\"background-color:rgba(0, 0, 0, 0)\" class=\"has-inline-color has-vivid-cyan-blue-color\">Late Check-out<\/mark><\/h3>\n\n\n\n<p>Pour utiliser la chambre jusqu&rsquo;\u00e0 19h00 (uniquement en cas de disponibilit\u00e9)<\/p>\n<\/div>\n<\/div>\n<\/div>\n<\/div>\n\n\n\n<div class=\"wp-block-columns is-layout-flex wp-container-core-columns-is-layout-9d6595d7 wp-block-columns-is-layout-flex\">\n<div class=\"wp-block-column is-layout-flow wp-block-column-is-layout-flow\">\n<h3 class=\"wp-block-heading\" id=\"conferma-prenotazione\"><mark style=\"background-color:rgba(0, 0, 0, 0)\" class=\"has-inline-color has-vivid-cyan-blue-color\">Confirmation de r\u00e9servation<\/mark><\/h3>\n\n\n\n<p>La confirmation de la r\u00e9servation se fait par e-mail.<\/p>\n<\/div>\n\n\n\n<div class=\"wp-block-column is-layout-flow wp-block-column-is-layout-flow\">\n<h3 class=\"wp-block-heading\" id=\"condizioni-di-cancellazione\"><mark style=\"background-color:rgba(0, 0, 0, 0)\" class=\"has-inline-color has-vivid-cyan-blue-color\">Conditions d&rsquo;annulation<\/mark><\/h3>\n\n\n\n<p>ISi vous payez votre r\u00e9servation par virement bancaire, 30 % du co\u00fbt de vos vacances vous seront factur\u00e9s. Annulation gratuite si vous r\u00e9servez par carte de cr\u00e9dit et que vous nous informez dans les 5 jours pr\u00e9c\u00e9dant le jour d&rsquo;arriv\u00e9e. Apr\u00e8s le cinqui\u00e8me jour, le paiement de la premi\u00e8re nuit\u00e9e sera exig\u00e9. En cas de non-pr\u00e9sentation \u00e0 l&rsquo;h\u00f4tel, le co\u00fbt total du s\u00e9jour sera factur\u00e9.<\/p>\n<\/div>\n<\/div>\n\n\n\n<div class=\"wp-block-columns is-layout-flex wp-container-core-columns-is-layout-9d6595d7 wp-block-columns-is-layout-flex\">\n<div class=\"wp-block-column is-layout-flow wp-block-column-is-layout-flow\">\n<h3 class=\"wp-block-heading\" id=\"diritto-di-prenotazione\"><mark style=\"background-color:rgba(0, 0, 0, 0)\" class=\"has-inline-color has-vivid-cyan-blue-color\">Droits de r\u00e9servation<\/mark><\/h3>\n\n\n\n<p>Nous vous assurons de notre volont\u00e9 de satisfaire toute pr\u00e9f\u00e9rence de chambre exprim\u00e9e au moment de la r\u00e9servation. Toutefois, nous vous rappelons qu&rsquo;il n&rsquo;est pas toujours possible de garantir \u00e0 l&rsquo;avance le num\u00e9ro de chambre souhait\u00e9.<\/p>\n<\/div>\n\n\n\n<div class=\"wp-block-column is-layout-flow wp-block-column-is-layout-flow\">\n<h3 class=\"wp-block-heading\" id=\"parcheggio\"><mark style=\"background-color:rgba(0, 0, 0, 0)\" class=\"has-inline-color has-vivid-cyan-blue-color\">Parking<\/mark><\/h3>\n\n\n\n<p>L&rsquo;h\u00f4tel Vena d&rsquo;Oro dispose d&rsquo;un parking gratuit qui peut \u00eatre utilis\u00e9 par les clients de l&rsquo;h\u00f4tel.<\/p>\n\n\n\n<p><\/p>\n<\/div>\n<\/div>\n\n\n\n<div class=\"wp-block-columns is-layout-flex wp-container-core-columns-is-layout-9d6595d7 wp-block-columns-is-layout-flex\">\n<div class=\"wp-block-column is-layout-flow wp-block-column-is-layout-flow\">\n<h3 class=\"wp-block-heading\" id=\"biciclette\"><mark style=\"background-color:rgba(0, 0, 0, 0)\" class=\"has-inline-color has-vivid-cyan-blue-color\">Bicyclettes<\/mark><\/h3>\n\n\n\n<p>L&rsquo;h\u00f4tel met gratuitement \u00e0 votre disposition quelques v\u00e9los pour de courts trajets dans la ville et des excursions dans les environs, \u00e0 demander \u00e0 la r\u00e9ception. L&rsquo;h\u00f4tel ne sera pas responsable des dommages corporels et\/ou des dommages caus\u00e9s \u00e0 des tiers en cas d&rsquo;accident.<\/p>\n<\/div>\n\n\n\n<div class=\"wp-block-column is-layout-flow wp-block-column-is-layout-flow\">\n<h3 class=\"wp-block-heading\" id=\"piccoli-animali\"><mark style=\"background-color:rgba(0, 0, 0, 0)\" class=\"has-inline-color has-vivid-cyan-blue-color\">Petits animaux<\/mark><\/h3>\n\n\n\n<p>Nous acceptons les petits chiens pour un co\u00fbt de \u20ac 15,00.<\/p>\n\n\n\n<p>Les animaux ne sont pas autoris\u00e9s dans le service de soins, les piscines, le centre de bien-\u00eatre et la salle \u00e0 manger.<\/p>\n<\/div>\n<\/div>\n\n\n\n<div class=\"wp-block-columns is-layout-flex wp-container-core-columns-is-layout-9d6595d7 wp-block-columns-is-layout-flex\">\n<div class=\"wp-block-column is-layout-flow wp-block-column-is-layout-flow\">\n<h3 class=\"has-vivid-cyan-blue-color has-text-color wp-block-heading\">Telephone charges<\/h3>\n\n\n\n<p>Une redevance est per\u00e7ue pour chaque appel effectu\u00e9 depuis votre chambre.<br>Hall, une redevance est factur\u00e9e pour chaque appel effectu\u00e9 depuis votre chambre.<\/p>\n<\/div>\n\n\n\n<div class=\"wp-block-column is-layout-flow wp-block-column-is-layout-flow\">\n<h3 class=\"has-vivid-cyan-blue-color has-text-color wp-block-heading\">Connexion WIFI<\/h3>\n\n\n\n<p>Les codes d&rsquo;acc\u00e8s sont disponibles \u00e0 la r\u00e9ception<\/p>\n<\/div>\n<\/div>\n\n\n\n<div class=\"wp-block-columns is-layout-flex wp-container-core-columns-is-layout-9d6595d7 wp-block-columns-is-layout-flex\">\n<div class=\"wp-block-column is-layout-flow wp-block-column-is-layout-flow\" style=\"flex-basis:100%\">\n<div class=\"wp-block-columns is-layout-flex wp-container-core-columns-is-layout-9d6595d7 wp-block-columns-is-layout-flex\">\n<div class=\"wp-block-column is-layout-flow wp-block-column-is-layout-flow\" style=\"flex-basis:50%\">\n<div class=\"wp-block-columns is-layout-flex wp-container-core-columns-is-layout-9d6595d7 wp-block-columns-is-layout-flex\">\n<div class=\"wp-block-column is-layout-flow wp-block-column-is-layout-flow\" style=\"flex-basis:100%\">\n<h3 class=\"has-vivid-cyan-blue-color has-text-color wp-block-heading\">Service de r\u00e9veil<\/h3>\n\n\n\n<p>Demandez \u00e0 la r\u00e9ception du b\u00e2timent principal.<\/p>\n<\/div>\n<\/div>\n<\/div>\n\n\n\n<div class=\"wp-block-column is-layout-flow wp-block-column-is-layout-flow\" style=\"flex-basis:50%\">\n<h3 class=\"has-vivid-cyan-blue-color has-text-color wp-block-heading\">Coffre-fort<\/h3>\n\n\n\n<p>L&rsquo;utilisation est gratuite.<\/p>\n<\/div>\n<\/div>\n<\/div>\n<\/div>\n\n\n\n<div class=\"wp-block-columns is-layout-flex wp-container-core-columns-is-layout-9d6595d7 wp-block-columns-is-layout-flex\">\n<div class=\"wp-block-column is-layout-flow wp-block-column-is-layout-flow\" style=\"flex-basis:50%\">\n<div class=\"wp-block-group\"><div class=\"wp-block-group__inner-container is-layout-flow wp-block-group-is-layout-flow\">\n<h3 class=\"has-vivid-cyan-blue-color has-text-color wp-block-heading\">Tourist tax<\/h3>\n<\/div><\/div>\n\n\n\n<p>\u20ac 2,00 per person per night up to a maximum of 7 days, excluding residents of Abano Terme,<br>children under 16 years of age and group bus drivers. On request, we will issue<br>receipt of payment.<\/p>\n<\/div>\n\n\n\n<div class=\"wp-block-column is-layout-flow wp-block-column-is-layout-flow\" style=\"flex-basis:50%\"><\/div>\n<\/div>\n","protected":false},"excerpt":{"rendered":"<p>Check-in \/ Check-out Le jour de l&rsquo;arriv\u00e9e, la chambre sera disponible \u00e0 partir de 14h00. Le jour du d\u00e9part, jusqu&rsquo;\u00e0 10h30. Late Check-out Pour utiliser la chambre jusqu&rsquo;\u00e0 19h00 (uniquement en cas de disponibilit\u00e9) Confirmation de r\u00e9servation La confirmation de la r\u00e9servation se fait par e-mail. Conditions d&rsquo;annulation ISi vous payez votre r\u00e9servation par virement [&hellip;]<\/p>\n","protected":false},"author":2,"featured_media":0,"parent":5748,"menu_order":0,"comment_status":"closed","ping_status":"closed","template":"","meta":{"_acf_changed":false,"footnotes":""},"class_list":["post-5735","page","type-page","status-publish","hentry"],"acf":[],"_links":{"self":[{"href":"https:\/\/venadoro.it\/fr\/wp-json\/wp\/v2\/pages\/5735","targetHints":{"allow":["GET"]}}],"collection":[{"href":"https:\/\/venadoro.it\/fr\/wp-json\/wp\/v2\/pages"}],"about":[{"href":"https:\/\/venadoro.it\/fr\/wp-json\/wp\/v2\/types\/page"}],"author":[{"embeddable":true,"href":"https:\/\/venadoro.it\/fr\/wp-json\/wp\/v2\/users\/2"}],"replies":[{"embeddable":true,"href":"https:\/\/venadoro.it\/fr\/wp-json\/wp\/v2\/comments?post=5735"}],"version-history":[{"count":1,"href":"https:\/\/venadoro.it\/fr\/wp-json\/wp\/v2\/pages\/5735\/revisions"}],"predecessor-version":[{"id":5995,"href":"https:\/\/venadoro.it\/fr\/wp-json\/wp\/v2\/pages\/5735\/revisions\/5995"}],"up":[{"embeddable":true,"href":"https:\/\/venadoro.it\/fr\/wp-json\/wp\/v2\/pages\/5748"}],"wp:attachment":[{"href":"https:\/\/venadoro.it\/fr\/wp-json\/wp\/v2\/media?parent=5735"}],"curies":[{"name":"wp","href":"https:\/\/api.w.org\/{rel}","templated":true}]}}