{"id":5733,"date":"2022-01-25T14:18:32","date_gmt":"2022-01-25T13:18:32","guid":{"rendered":"https:\/\/venadoro.it\/?page_id=5733"},"modified":"2024-04-05T18:12:05","modified_gmt":"2024-04-05T16:12:05","slug":"faq","status":"publish","type":"page","link":"https:\/\/venadoro.it\/fr\/hotel\/faq\/","title":{"rendered":"Faq"},"content":{"rendered":"\n<p class=\"has-text-align-center has-large-font-size\"><mark style=\"background-color:rgba(0, 0, 0, 0);color:#125f87\" class=\"has-inline-color\"><strong>\u00c0 quelle heure la chambre est-elle disponible ?<\/strong><\/mark><\/p>\n\n\n\n<h5 class=\"wp-block-heading\"><\/h5>\n\n\n\n<p class=\"has-text-align-center\">La chambre est disponible \u00e0 partir de 14h00 le jour de l&rsquo;arriv\u00e9e.<\/p>\n\n\n\n<p><\/p>\n\n\n\n<p class=\"has-text-align-center\"><\/p>\n\n\n\n<hr class=\"wp-block-separator has-text-color has-background has-vivid-cyan-blue-background-color has-vivid-cyan-blue-color is-style-dots\"\/>\n\n\n\n<h2 class=\"has-text-align-center has-large-font-size wp-block-heading\" id=\"e-possibile-usufruire-delle-piscine-termali-e-della-zona-spa-dopo-il-check-out\"><mark style=\"background-color:rgba(0, 0, 0, 0);color:#125f87\" class=\"has-inline-color\"><strong>Est-il possible d&rsquo;utiliser les piscines thermales et l&rsquo;espace spa apr\u00e8s le d\u00e9part ?<\/strong><\/mark><\/h2>\n\n\n\n<p class=\"has-text-align-center\">Il est possible d&rsquo;utiliser les piscines et l&rsquo;espace spa apr\u00e8s l&rsquo;heure de d\u00e9part, moyennant des frais suppl\u00e9mentaires de 20,00 \u20ac par personne. Il n&rsquo;y a pas de frais suppl\u00e9mentaires pour les clients r\u00e9servant un d\u00e9part tardif.<\/p>\n\n\n\n<hr class=\"wp-block-separator has-text-color has-background has-pale-cyan-blue-background-color has-pale-cyan-blue-color is-style-dots\"\/>\n\n\n\n<p class=\"has-text-align-center has-large-font-size\"><mark style=\"background-color:rgba(0, 0, 0, 0);color:#125f87\" class=\"has-inline-color\"><strong>\u00c0 quelle heure devez-vous quitter la chambre le jour du d\u00e9part ?<\/strong><\/mark><\/p>\n\n\n\n<h4 class=\"wp-block-heading\"><\/h4>\n\n\n\n<p class=\"has-text-align-center\">La chambre doit \u00eatre lib\u00e9r\u00e9e avant 10h30. Avec d\u00e9part tardif (\u20ac 35,00 par personne)<\/p>\n\n\n\n<hr class=\"wp-block-separator has-text-color has-background has-pale-cyan-blue-background-color has-pale-cyan-blue-color is-style-dots\"\/>\n\n\n\n<p class=\"has-text-align-center has-large-font-size\"><mark style=\"background-color:rgba(0, 0, 0, 0);color:#125f87\" class=\"has-inline-color\"><strong>Est-il possible de d\u00e9jeuner dans un restaurant le jour de l&rsquo;arriv\u00e9e m\u00eame si la chambre n&rsquo;est pas encore disponible ?<\/strong><\/mark><\/p>\n\n\n\n<h4 class=\"wp-block-heading\"><\/h4>\n\n\n\n<p class=\"has-text-align-center\">Of course. It is possible to use the restaurant even if the room is not yet available.<\/p>\n\n\n\n<hr class=\"wp-block-separator has-text-color has-background has-pale-cyan-blue-background-color has-pale-cyan-blue-color is-style-dots\"\/>\n\n\n\n<p class=\"has-text-align-center has-large-font-size\"><mark style=\"background-color:rgba(0, 0, 0, 0);color:#125f87\" class=\"has-inline-color\"><strong>L&rsquo;h\u00f4tel dispose-t-il d&rsquo;un parking ?<\/strong><\/mark><\/p>\n\n\n\n<h4 class=\"wp-block-heading\"><\/h4>\n\n\n\n<p class=\"has-text-align-center\">There are 2 convenient indoor car parks available free of charge. The two entrances are located in the main street on either side of the hotel.<\/p>\n\n\n\n<hr class=\"wp-block-separator has-text-color has-background has-pale-cyan-blue-background-color has-pale-cyan-blue-color is-style-dots\"\/>\n\n\n\n<p class=\"has-text-align-center has-large-font-size\"><mark style=\"background-color:rgba(0, 0, 0, 0);color:#125f87\" class=\"has-inline-color\"><strong>Quelles cartes de cr\u00e9dit acceptez-vous ?<\/strong><\/mark><\/p>\n\n\n\n<p class=\"has-text-align-center\">Mastercard, Visa<\/p>\n\n\n\n<hr class=\"wp-block-separator has-text-color has-background has-pale-cyan-blue-background-color has-pale-cyan-blue-color is-style-dots\"\/>\n\n\n\n<hr class=\"wp-block-separator has-text-color has-background has-pale-cyan-blue-background-color has-pale-cyan-blue-color is-style-dots\"\/>\n","protected":false},"excerpt":{"rendered":"<p>\u00c0 quelle heure la chambre est-elle disponible ? La chambre est disponible \u00e0 partir de 14h00 le jour de l&rsquo;arriv\u00e9e. Est-il possible d&rsquo;utiliser les piscines thermales et l&rsquo;espace spa apr\u00e8s le d\u00e9part ? Il est possible d&rsquo;utiliser les piscines et l&rsquo;espace spa apr\u00e8s l&rsquo;heure de d\u00e9part, moyennant des frais suppl\u00e9mentaires de 20,00 \u20ac par personne. [&hellip;]<\/p>\n","protected":false},"author":2,"featured_media":0,"parent":5748,"menu_order":0,"comment_status":"closed","ping_status":"closed","template":"","meta":{"_acf_changed":false,"footnotes":""},"class_list":["post-5733","page","type-page","status-publish","hentry"],"acf":[],"_links":{"self":[{"href":"https:\/\/venadoro.it\/fr\/wp-json\/wp\/v2\/pages\/5733","targetHints":{"allow":["GET"]}}],"collection":[{"href":"https:\/\/venadoro.it\/fr\/wp-json\/wp\/v2\/pages"}],"about":[{"href":"https:\/\/venadoro.it\/fr\/wp-json\/wp\/v2\/types\/page"}],"author":[{"embeddable":true,"href":"https:\/\/venadoro.it\/fr\/wp-json\/wp\/v2\/users\/2"}],"replies":[{"embeddable":true,"href":"https:\/\/venadoro.it\/fr\/wp-json\/wp\/v2\/comments?post=5733"}],"version-history":[{"count":1,"href":"https:\/\/venadoro.it\/fr\/wp-json\/wp\/v2\/pages\/5733\/revisions"}],"predecessor-version":[{"id":6023,"href":"https:\/\/venadoro.it\/fr\/wp-json\/wp\/v2\/pages\/5733\/revisions\/6023"}],"up":[{"embeddable":true,"href":"https:\/\/venadoro.it\/fr\/wp-json\/wp\/v2\/pages\/5748"}],"wp:attachment":[{"href":"https:\/\/venadoro.it\/fr\/wp-json\/wp\/v2\/media?parent=5733"}],"curies":[{"name":"wp","href":"https:\/\/api.w.org\/{rel}","templated":true}]}}