{"id":5715,"date":"2022-01-25T14:38:54","date_gmt":"2022-01-25T13:38:54","guid":{"rendered":"https:\/\/venadoro.it\/offerte-day-spa\/"},"modified":"2026-03-17T10:43:49","modified_gmt":"2026-03-17T09:43:49","slug":"offerte-day-spa","status":"publish","type":"page","link":"https:\/\/venadoro.it\/fr\/offerte-day-spa\/","title":{"rendered":"Offerte Day Spa"},"content":{"rendered":"\n<div class=\"wp-block-group\"><div class=\"wp-block-group__inner-container is-layout-flow wp-block-group-is-layout-flow\">\n<hr class=\"wp-block-separator has-text-color has-vivid-cyan-blue-color has-css-opacity has-vivid-cyan-blue-background-color has-background aligncenter is-style-dots\"\/>\n<\/div><\/div>\n\n\n\n<h4 class=\"wp-block-heading\" id=\"le-migliori-offerte-day-spa-e-ingressi-giornalieri-alle-nostre-tre-bellissime-piscine-termali-a-34-costanti-una-interna-e-due-esterne-aperte-dalle-8-30-alle-19-tutti-i-giorni\"><strong>Le migliori offerte Day Spa e ingressi giornalieri alle nostre tre bellissime piscine termali a 34\u00b0 costanti, una interna e due esterne, aperte dalle 8.30 alle 19 tutti i giorni.<\/strong><\/h4>\n\n\n\n<h4 class=\"wp-block-heading\" id=\"l-ingresso-comprende\"><strong>L\u2019ingresso comprende:<\/strong><\/h4>\n\n\n\n<ul class=\"wp-block-list\">\n<li>accesso alle tre&nbsp;piscine termali, una interna e due esterne<\/li>\n\n\n\n<li>5 lettini idromassaggio nella piscina scoperta<\/li>\n\n\n\n<li>5 sedute idromassaggio nella piscina scoperta<\/li>\n\n\n\n<li>2 cascate cervicali nella piscina scoperta<\/li>\n\n\n\n<li>percorso Kneipp caldo-freddo nella piscina scoperta<\/li>\n\n\n\n<li>percorso emozionale con docce tropicali e percorso Kneipp nella zona spa (accesso non consentito ai minori)<\/li>\n\n\n\n<li>uso della sauna finlandese a 80-90\u00b0 dalle 16 alle 18 (accesso non consentito ai minori)<\/li>\n\n\n\n<li>uso del bagno turco dalle 10 alle 12 e dalle 16 alle 18 (accesso non consentito ai minori)<\/li>\n\n\n\n<li>uso della vasca whirlpool all&rsquo;interno dell&rsquo;area spa (accesso non consentito ai minori)<\/li>\n\n\n\n<li>uso della palestra comprendente tapis roulant e cyclette (accesso non consentito ai minori)<\/li>\n\n\n\n<li>uso di lettini e materassini all\u2019interno o all\u2019esterno;<\/li>\n<\/ul>\n\n\n\n<p><strong>Ingresso solo su prenotazione previa verifica disponibilit\u00e0 di posti.<\/strong> <br><strong>La disponibilit\u00e0 sar\u00e0 verificabile solo IL GIORNO PRECEDENTE. Si prega di non chiamare se non per il giorno successivo<\/strong><\/p>\n\n\n\n<p>Per accedere alle nostre piscine \u00e8 obbligatorio l\u2019uso della cuffia.&nbsp;Se sprovvisti, potete richiederla alla Reception al costo di 2,00 \u20ac<\/p>\n\n\n\n<figure class=\"wp-block-gallery has-nested-images columns-default is-cropped wp-block-gallery-1 is-layout-flex wp-block-gallery-is-layout-flex\"><\/figure>\n\n\n\n<div class=\"wp-block-group\"><div class=\"wp-block-group__inner-container is-layout-flow wp-block-group-is-layout-flow\">\n<h2 class=\"wp-block-heading has-text-align-center\" id=\"ingresso-piscine-intera-giornata-8-30-19-00\"><strong>Ingresso piscine intera giornata (8.30-19.00)<\/strong><\/h2>\n\n\n\n<div class=\"wp-block-group\"><div class=\"wp-block-group__inner-container is-layout-flow wp-block-group-is-layout-flow\">\n<p><\/p>\n\n\n\n<p class=\"has-text-align-center\">Possibilit\u00e0 di pranzare nel ristorante dell\u2019hotel (su prenotazione, 25 \u20ac a persona, bevande escluse)<\/p>\n\n\n\n<p class=\"has-text-align-center\">Accappatoio e telo piscina non compresi. <\/p>\n\n\n\n<p class=\"has-text-align-center\">Possiamo fornire l\u2019accappatoio + telo a \u20ac 8.00, o solo il telo a \u20ac 4.00<\/p>\n\n\n\n<h4 class=\"wp-block-heading has-text-align-center\" id=\"infrasettimanale-20\"><strong>Infrasettimanale = 20 \u20ac<\/strong><\/h4>\n\n\n\n<p class=\"has-text-align-center\">(bambini non ammessi)<\/p>\n\n\n\n<h4 class=\"wp-block-heading has-text-align-center\" id=\"sabato-domenica-e-festivi-25\"><strong>Sabato Domenica e festivi = 30 \u20ac<\/strong><\/h4>\n\n\n\n<p class=\"has-text-align-center\">(bambini non ammessi)<\/p>\n<\/div><\/div>\n<\/div><\/div>\n\n\n\n<hr class=\"wp-block-separator has-css-opacity is-style-wide\"\/>\n\n\n\n<div class=\"wp-block-group\"><div class=\"wp-block-group__inner-container is-layout-flow wp-block-group-is-layout-flow\">\n<h2 class=\"wp-block-heading has-text-align-center\" id=\"spa-day\"><strong>Spa Day<\/strong><\/h2>\n\n\n\n<h5 class=\"wp-block-heading has-text-align-center\" id=\"con-camera-d-appoggio\">(con camera d\u2019appoggio)<\/h5>\n\n\n\n<p class=\"has-text-align-center\">Camera d\u2019appoggio disponibile&nbsp;dalle 9 alle 19<\/p>\n\n\n\n<p class=\"has-text-align-center\">Possibilit\u00e0 di pranzare nel ristorante dell\u2019hotel (su prenotazione, 25 \u20ac a persona, bevande escluse)<\/p>\n\n\n\n<p class=\"has-text-align-center\">Compreso uso dei teli piscina, che troverete a vostra disposizione in camera. Se desiderate anche l\u2019accappatoio, \u00e8 disponibile con un piccolo supplemento di \u20ac 8,00<\/p>\n\n\n\n<p class=\"has-text-align-center\">Sconto del 10% su tutti i trattamenti benessere prenotati alla conferma della vostra giornata relax (ad esclusione di quelli gi\u00e0 in promozione)<\/p>\n\n\n\n<p class=\"has-text-align-center\"><strong>Infrasettimanale = 39 \u20ac a persona<\/strong><\/p>\n\n\n\n<p class=\"has-text-align-center\"><strong>Sabato Domenica e festivi = 49 \u20ac a persona<\/strong><\/p>\n\n\n\n<p class=\"has-text-align-center\">(bambini non ammessi)<\/p>\n\n\n\n<p class=\"has-text-align-center\"><strong>Supplemento singola = \u20ac 10 <\/strong><\/p>\n<\/div><\/div>\n","protected":false},"excerpt":{"rendered":"<p>Le migliori offerte Day Spa e ingressi giornalieri alle nostre tre bellissime piscine termali a 34\u00b0 costanti, una interna e due esterne, aperte dalle 8.30 alle 19 tutti i giorni. L\u2019ingresso comprende: Ingresso solo su prenotazione previa verifica disponibilit\u00e0 di posti. La disponibilit\u00e0 sar\u00e0 verificabile solo IL GIORNO PRECEDENTE. Si prega di non chiamare se [&hellip;]<\/p>\n","protected":false},"author":1,"featured_media":3682,"parent":0,"menu_order":0,"comment_status":"closed","ping_status":"closed","template":"","meta":{"_acf_changed":false,"footnotes":""},"class_list":["post-5715","page","type-page","status-publish","has-post-thumbnail","hentry"],"acf":[],"_links":{"self":[{"href":"https:\/\/venadoro.it\/fr\/wp-json\/wp\/v2\/pages\/5715","targetHints":{"allow":["GET"]}}],"collection":[{"href":"https:\/\/venadoro.it\/fr\/wp-json\/wp\/v2\/pages"}],"about":[{"href":"https:\/\/venadoro.it\/fr\/wp-json\/wp\/v2\/types\/page"}],"author":[{"embeddable":true,"href":"https:\/\/venadoro.it\/fr\/wp-json\/wp\/v2\/users\/1"}],"replies":[{"embeddable":true,"href":"https:\/\/venadoro.it\/fr\/wp-json\/wp\/v2\/comments?post=5715"}],"version-history":[{"count":3,"href":"https:\/\/venadoro.it\/fr\/wp-json\/wp\/v2\/pages\/5715\/revisions"}],"predecessor-version":[{"id":6633,"href":"https:\/\/venadoro.it\/fr\/wp-json\/wp\/v2\/pages\/5715\/revisions\/6633"}],"wp:featuredmedia":[{"embeddable":true,"href":"https:\/\/venadoro.it\/fr\/wp-json\/wp\/v2\/media\/3682"}],"wp:attachment":[{"href":"https:\/\/venadoro.it\/fr\/wp-json\/wp\/v2\/media?parent=5715"}],"curies":[{"name":"wp","href":"https:\/\/api.w.org\/{rel}","templated":true}]}}