{"id":4349,"date":"2022-01-25T14:34:06","date_gmt":"2022-01-25T13:34:06","guid":{"rendered":"https:\/\/venadoro.it\/?page_id=4349"},"modified":"2024-02-13T11:40:18","modified_gmt":"2024-02-13T10:40:18","slug":"acqua-termale-fr","status":"publish","type":"page","link":"https:\/\/venadoro.it\/fr\/cure\/acqua-termale-fr\/","title":{"rendered":"Acqua termale fr"},"content":{"rendered":"\n<h2 class=\"has-text-align-center has-text-color wp-block-heading\" id=\"una-ricchezza-ed-una-risorsa-termale-unica-al-mondo\" style=\"color:#0d71ab\">Une richesse et une ressource thermale unique au monde.<\/h2>\n\n\n\n<p>Uniques au monde, nos eaux thermales sont appliqu\u00e9es \u00e0 une vaste gamme de soins et de programmes de remise en formes, et utilis\u00e9es pour les piscines, pour la baln\u00e9oth\u00e9rapie thermale, dans les maladies des voies respiratoires ; mais surtout ils sont \u00e0 la base du processus de maturation, de conservation et de r\u00e9g\u00e9n\u00e9ration de la boue thermale, in\u00e9gal\u00e9e pour ses propri\u00e9t\u00e9s thermo-min\u00e9rales et ses capacit\u00e9s anti-inflammatoires et analg\u00e9siques. En effet, il reste dans des r\u00e9servoirs sp\u00e9ciaux pendant environ 2 mois, pendant lesquels il est maintenu immerg\u00e9 dans l&rsquo;eau thermale qui, avec les composants dont il est riche et la lumi\u00e8re du soleil, d\u00e9veloppe les algues qui synth\u00e9tisent les substances anti-inflammatoires qui le rendent unique. le point de vue th\u00e9rapeutique.<\/p>\n\n\n\n<p><\/p>\n\n\n\n<p><strong>L&rsquo;eau thermale des Bains Eugan\u00e9ens s&rsquo;infiltre dans les bassins vierges des Pr\u00e9alpes \u00e0 environ 2000 m d&rsquo;altitude : des \u00e9tudes approfondies men\u00e9es par l&rsquo;Universit\u00e9 de Padoue et le Centre d&rsquo;\u00e9tudes thermales Pietro D&rsquo;Abano ont permis d&rsquo;\u00e9tablir que les eaux thermales r\u00e9ellement pr\u00e9sentes dans le sous-sol des Monts Eugan\u00e9ens proviennent des pluies qui tombent sur les Petites Dolomites et les Pr\u00e9alpes, pr\u00e9cis\u00e9ment sur les Monts Lessini pr\u00e8s de V\u00e9rone. Elles doivent donc couler sous terre sur environ 80 km \u00e0 une profondeur de 3000 m\u00e8tres avant d&rsquo;arriver aux pr\u00e9cieuses sources (les principales sources thermales coulent alors dans la zone de Poggio di Montirone \u00e0 Abano Terme).<\/strong><\/p>\n\n\n\n<figure class=\"wp-block-image size-large\"><img decoding=\"async\" width=\"1024\" height=\"578\" data-src=\"https:\/\/venadoro.it\/wp-content\/uploads\/2022\/02\/Acqua-Termale-Abano-Montegrotto-Terme1-1024x578.png\" alt=\"\" class=\"wp-image-3532 lazyload\" data-srcset=\"https:\/\/venadoro.it\/wp-content\/uploads\/2022\/02\/Acqua-Termale-Abano-Montegrotto-Terme1-1024x578.png 1024w, https:\/\/venadoro.it\/wp-content\/uploads\/2022\/02\/Acqua-Termale-Abano-Montegrotto-Terme1-300x169.png 300w, https:\/\/venadoro.it\/wp-content\/uploads\/2022\/02\/Acqua-Termale-Abano-Montegrotto-Terme1-768x434.png 768w, https:\/\/venadoro.it\/wp-content\/uploads\/2022\/02\/Acqua-Termale-Abano-Montegrotto-Terme1-1536x867.png 1536w, https:\/\/venadoro.it\/wp-content\/uploads\/2022\/02\/Acqua-Termale-Abano-Montegrotto-Terme1.png 1828w\" data-sizes=\"(max-width: 1024px) 100vw, 1024px\" src=\"data:image\/svg+xml;base64,PHN2ZyB3aWR0aD0iMSIgaGVpZ2h0PSIxIiB4bWxucz0iaHR0cDovL3d3dy53My5vcmcvMjAwMC9zdmciPjwvc3ZnPg==\" style=\"--smush-placeholder-width: 1024px; --smush-placeholder-aspect-ratio: 1024\/578;\" \/><\/figure>\n\n\n\n<p>Au cours de ce voyage qui dure des milliers d&rsquo;ann\u00e9es, \u00e0 travers la roche calcaire et sous forte pression l&rsquo;eau de pluie, charg\u00e9e d&rsquo;\u00e9nergie g\u00e9othermique, atteint par endroits des temp\u00e9ratures de 200\u00b0C, puis se refroidit en remontant vers le sol o\u00f9 elle coule \u00e0 87\u00b0C. C , et sont \u00e9galement enrichis de quelques sels min\u00e9raux, fondamentaux pour la production de la microflore particuli\u00e8re avec laquelle sont trait\u00e9es les boues tr\u00e8s connues et particuli\u00e8rement b\u00e9n\u00e9fiques : sodium, potassium, magn\u00e9sium, iode, brome et silicium (le brome a un effet relaxant et l&rsquo;iode stimule l&rsquo;activit\u00e9 thyro\u00efdienne).<\/p>\n\n\n\n<hr class=\"wp-block-separator has-text-color has-background has-pale-cyan-blue-background-color has-pale-cyan-blue-color is-style-dots\"\/>\n\n\n\n<pre class=\"wp-block-verse\" style=\"font-style:normal;font-weight:300\">L\u00c9GENDE\n\nLa l\u00e9gende raconte que le l\u00e9gendaire Hercule, parti avec ses h\u00e9ro\u00efques compagnons grecs affronter G\u00e9ryon, \u00e9puis\u00e9 et fatigu\u00e9 apr\u00e8s l'avoir tu\u00e9, fut rafra\u00eechi par les vertus miraculeuses de ces eaux chaudes et ne voulut plus retourner en Gr\u00e8ce, attir\u00e9 \u00e9galement par le beaut\u00e9 des collines, et ils s'y arr\u00eat\u00e8rent pour y vivre de fa\u00e7on permanente. Les collines \u00e9taient appel\u00e9es Euganei pr\u00e9cis\u00e9ment en raison de la noblesse de leur lign\u00e9e (\u00ab Euganei \u00bb d\u00e9riverait du grec \u00ab de lign\u00e9e noble \u00bb). La source qui avait apport\u00e9 tant de soulagement aux guerriers s'appelait Aponon en grec. Hercule lui-m\u00eame, pour purger le mal fait \u00e0 G\u00e9ryon, fit construire un temple \u00e0 Abano en son honneur, lui permettant de devenir un v\u00e9ritable oracle. Comme l'\u00e9crit Su\u00e9tone, cette l\u00e9gende \u00e9tait bien connue dans le monde romain ; de sorte que l'empereur Tib\u00e8re, alors qu'un jour il se rendait en Illyrie, voulut \u00e9couter ce c\u00e9l\u00e8bre oracle et re\u00e7ut une r\u00e9ponse p\u00e9remptoire, \u00e0 savoir qu'il devait jeter des d\u00e9s d'or dans la source, l\u00e0 o\u00f9 se trouve aujourd'hui Abano, pour conna\u00eetre le le destin qui l'attendait. La l\u00e9gende raconte que les d\u00e9s lanc\u00e9s rendaient l\u2019eau pr\u00e9cieuse, lui conf\u00e9rant des qualit\u00e9s peu communes pour gu\u00e9rir diverses maladies.<\/pre>\n\n\n\n<hr class=\"wp-block-separator has-text-color has-background has-pale-cyan-blue-background-color has-pale-cyan-blue-color is-style-dots\"\/>\n\n\n\n<blockquote class=\"wp-block-quote has-text-align-right is-style-large is-layout-flow wp-block-quote-is-layout-flow\"><p><strong>\u00ab\u00a0Ce sont les eaux qui expliquent tout le \u00ab\u00a0bonheur\u00a0\u00bb du personnage v\u00e9nitien\u00a0\u00bb<\/strong><\/p><p><\/p><cite><em>Stendhal, 1817<\/em><\/cite><\/blockquote>\n","protected":false},"excerpt":{"rendered":"<p>Une richesse et une ressource thermale unique au monde. Uniques au monde, nos eaux thermales sont appliqu\u00e9es \u00e0 une vaste gamme de soins et de programmes de remise en formes, et utilis\u00e9es pour les piscines, pour la baln\u00e9oth\u00e9rapie thermale, dans les maladies des voies respiratoires ; mais surtout ils sont \u00e0 la base du processus [&hellip;]<\/p>\n","protected":false},"author":1,"featured_media":0,"parent":1324,"menu_order":0,"comment_status":"closed","ping_status":"closed","template":"","meta":{"_acf_changed":false,"footnotes":""},"class_list":["post-4349","page","type-page","status-publish","hentry"],"acf":[],"_links":{"self":[{"href":"https:\/\/venadoro.it\/fr\/wp-json\/wp\/v2\/pages\/4349","targetHints":{"allow":["GET"]}}],"collection":[{"href":"https:\/\/venadoro.it\/fr\/wp-json\/wp\/v2\/pages"}],"about":[{"href":"https:\/\/venadoro.it\/fr\/wp-json\/wp\/v2\/types\/page"}],"author":[{"embeddable":true,"href":"https:\/\/venadoro.it\/fr\/wp-json\/wp\/v2\/users\/1"}],"replies":[{"embeddable":true,"href":"https:\/\/venadoro.it\/fr\/wp-json\/wp\/v2\/comments?post=4349"}],"version-history":[{"count":2,"href":"https:\/\/venadoro.it\/fr\/wp-json\/wp\/v2\/pages\/4349\/revisions"}],"predecessor-version":[{"id":5983,"href":"https:\/\/venadoro.it\/fr\/wp-json\/wp\/v2\/pages\/4349\/revisions\/5983"}],"up":[{"embeddable":true,"href":"https:\/\/venadoro.it\/fr\/wp-json\/wp\/v2\/pages\/1324"}],"wp:attachment":[{"href":"https:\/\/venadoro.it\/fr\/wp-json\/wp\/v2\/media?parent=4349"}],"curies":[{"name":"wp","href":"https:\/\/api.w.org\/{rel}","templated":true}]}}