{"id":3051,"date":"2009-10-29T12:56:27","date_gmt":"2009-10-29T12:56:27","guid":{"rendered":"https:\/\/venadoro.it\/home\/"},"modified":"2022-01-11T15:02:07","modified_gmt":"2022-01-11T15:02:07","slug":"home","status":"publish","type":"page","link":"https:\/\/venadoro.it\/fr\/home\/","title":{"rendered":"Home"},"content":{"rendered":"<p>\u00c0 l\u2019<strong>H\u00f4tel Vena d\u2019Oro<\/strong>, vous trouverez, immerg\u00e9 dans le vert de la nature, un environnement pourvu de tout confort et <strong>trois nouveau piscines thermales<\/strong> (deux en plein air et une interne, communicantes) dot\u00e9es d\u2019hydromassages Whirlpool<br \/>\nSous la direction de <strong>m\u00e9dicins sp\u00e9cialistes <\/strong>vous pourrez b\u00e9n\u00e9ficier de traitements \u00e0 base de <strong>boue thermale m\u00fbre<\/strong> l\u2019unique avec brevet europ\u00e9en \u201cEuropean Patent Pending n\u00b0 1571203\u2033.<br \/>\nDes recherches et \u00e9tudes r\u00e9centes confirment les extraordinaires propri\u00e9t\u00e9s anti- inflammatoires de la boue d\u2019Abano Terme, sans les effets collat\u00e9raux des m\u00e9dicaments traditionnellement employ\u00e9s. Les traitements \u00e0 base de boue thermale sont particuli\u00e8rement indiqu\u00e9s en cas de probl\u00e8mes d\u2019arthrites, d\u2019arthroses, de douleurs cervicaux et de rhumatismes.<br \/>\nPour une r\u00e9g\u00e9n\u00e9ration psychophysique, nous proposons \u00e9galement une vaste gamme de<strong>traitements de beaut\u00e9 et esth\u00e9tiques<\/strong> lesquels, gr\u00e2ce \u00e0 l\u2019unicit\u00e9 qualitative de notre ressource thermale, redonneront \u00e0 votre corps tonicit\u00e9 et bien-\u00eatre.<br \/>\nParmi <strong>nos offres<\/strong>: des paquets avantageux de \u201cremise en forme\u201d et \u201crelax\u201d, massages et gymnastique dans l\u2019eau.<\/p>\n","protected":false},"excerpt":{"rendered":"<p>\u00c0 l\u2019H\u00f4tel Vena d\u2019Oro, vous trouverez, immerg\u00e9 dans le vert de la nature, un environnement pourvu de tout confort et trois nouveau piscines thermales (deux en plein air et une interne, communicantes) dot\u00e9es d\u2019hydromassages Whirlpool Sous la direction de m\u00e9dicins sp\u00e9cialistes vous pourrez b\u00e9n\u00e9ficier de traitements \u00e0 base de boue thermale m\u00fbre l\u2019unique avec brevet [&hellip;]<\/p>\n","protected":false},"author":1,"featured_media":0,"parent":0,"menu_order":0,"comment_status":"closed","ping_status":"closed","template":"","meta":{"_acf_changed":false,"footnotes":""},"class_list":["post-3051","page","type-page","status-publish","hentry"],"acf":[],"_links":{"self":[{"href":"https:\/\/venadoro.it\/fr\/wp-json\/wp\/v2\/pages\/3051","targetHints":{"allow":["GET"]}}],"collection":[{"href":"https:\/\/venadoro.it\/fr\/wp-json\/wp\/v2\/pages"}],"about":[{"href":"https:\/\/venadoro.it\/fr\/wp-json\/wp\/v2\/types\/page"}],"author":[{"embeddable":true,"href":"https:\/\/venadoro.it\/fr\/wp-json\/wp\/v2\/users\/1"}],"replies":[{"embeddable":true,"href":"https:\/\/venadoro.it\/fr\/wp-json\/wp\/v2\/comments?post=3051"}],"version-history":[{"count":0,"href":"https:\/\/venadoro.it\/fr\/wp-json\/wp\/v2\/pages\/3051\/revisions"}],"wp:attachment":[{"href":"https:\/\/venadoro.it\/fr\/wp-json\/wp\/v2\/media?parent=3051"}],"curies":[{"name":"wp","href":"https:\/\/api.w.org\/{rel}","templated":true}]}}