{"id":1693,"date":"2019-04-26T15:08:03","date_gmt":"2019-04-26T13:08:03","guid":{"rendered":"http:\/\/venadoro\/it\/?page_id=86"},"modified":"2022-03-30T09:52:24","modified_gmt":"2022-03-30T09:52:24","slug":"piscine","status":"publish","type":"page","link":"https:\/\/venadoro.it\/fr\/piscine\/","title":{"rendered":"Piscines"},"content":{"rendered":"<p>Notre centre de bien-\u00eatre \u00e0 Abano Terme se compose de deux piscines aux eaux thermales, une int\u00e9rieure et deux en plein air, communicante. Les deux sont \u00e9quip\u00e9es de Spa, de lame d\u2019eau et d\u2019un parcours d\u2019activation de la circulation.<\/p>\n<p>Les propri\u00e9t\u00e9s des eaux salso-bromo-iodiques, en provenance des sources de Terme Euganee, sont connues depuis l&rsquo;antiquit\u00e9. Nos piscines thermales offrent une superbe occasion de r\u00e9g\u00e9n\u00e9rer aussi bien le corps que l&rsquo;esprit, en r\u00e9pandant une agr\u00e9able sensation de bien-\u00eatre, \u00e9galement lors des mois les plus froids, vous pourrez vous immerger dans la piscine couverte, pour passer ensuite dans celle ext\u00e9rieure, nageant en plein air, sans craindre un saut de temp\u00e9rature. Les deux piscines sont en r\u00e9alit\u00e9 aliment\u00e9es par une eau thermale d\u2019une temp\u00e9rature entre 32\u00b0 et 34\u00b0 : la composition originale de notre eau et sa temp\u00e9rature sont une panac\u00e9e pour d\u00e9tendre les muscles contract\u00e9s, pour soulager les tensions accumul\u00e9es et, surtout, pour traiter les s\u00e9quelles de traumatisme aux os et aux muscles, ainsi que les maladies li\u00e9es aux rhumatismes.<\/p>\n<p>En plus, du lundi au samedi, il y a un amusant rendez-vous avec l\u2019Aquagym qui vous attend : un moniteur exp\u00e9riment\u00e9 vous aidera \u00e0 rester en forme.<\/p>\n<p>Des chaises longues avec coussins et des parasols sont \u00e0 votre disposition, sans frais suppl\u00e9mentaires.<\/p>\n","protected":false},"excerpt":{"rendered":"<p>Notre centre de bien-\u00eatre \u00e0 Abano Terme se compose de deux piscines aux eaux thermales, une int\u00e9rieure et deux en plein air, communicante. Les deux sont \u00e9quip\u00e9es de Spa, de lame d\u2019eau et d\u2019un parcours d\u2019activation de la circulation. Les propri\u00e9t\u00e9s des eaux salso-bromo-iodiques, en provenance des sources de Terme Euganee, sont connues depuis l&rsquo;antiquit\u00e9. [&hellip;]<\/p>\n","protected":false},"author":1,"featured_media":3723,"parent":0,"menu_order":0,"comment_status":"closed","ping_status":"closed","template":"","meta":{"_acf_changed":false,"footnotes":""},"class_list":["post-1693","page","type-page","status-publish","has-post-thumbnail","hentry"],"acf":[],"_links":{"self":[{"href":"https:\/\/venadoro.it\/fr\/wp-json\/wp\/v2\/pages\/1693","targetHints":{"allow":["GET"]}}],"collection":[{"href":"https:\/\/venadoro.it\/fr\/wp-json\/wp\/v2\/pages"}],"about":[{"href":"https:\/\/venadoro.it\/fr\/wp-json\/wp\/v2\/types\/page"}],"author":[{"embeddable":true,"href":"https:\/\/venadoro.it\/fr\/wp-json\/wp\/v2\/users\/1"}],"replies":[{"embeddable":true,"href":"https:\/\/venadoro.it\/fr\/wp-json\/wp\/v2\/comments?post=1693"}],"version-history":[{"count":0,"href":"https:\/\/venadoro.it\/fr\/wp-json\/wp\/v2\/pages\/1693\/revisions"}],"wp:featuredmedia":[{"embeddable":true,"href":"https:\/\/venadoro.it\/fr\/wp-json\/wp\/v2\/media\/3723"}],"wp:attachment":[{"href":"https:\/\/venadoro.it\/fr\/wp-json\/wp\/v2\/media?parent=1693"}],"curies":[{"name":"wp","href":"https:\/\/api.w.org\/{rel}","templated":true}]}}