{"id":1623,"date":"2015-03-20T10:10:06","date_gmt":"2015-03-20T10:10:06","guid":{"rendered":"https:\/\/www.venadoro.it\/?page_id=1623"},"modified":"2022-03-30T09:56:49","modified_gmt":"2022-03-30T09:56:49","slug":"wellness","status":"publish","type":"page","link":"https:\/\/venadoro.it\/fr\/wellness\/","title":{"rendered":"Wellness"},"content":{"rendered":"<p><strong>D\u00e9tente et bien-\u00eatre<\/strong><\/p>\n<p>Pour soigner l\u2019harmonie entre l\u2019esprit, le corps et l\u2019\u00e2me, un bien pr\u00e9cieux qu\u2019il ne faut jamais sous-estimer, notre Centre de Bien-\u00eatre vous offre un vaste choix de traitements de beaut\u00e9 et pour le bien-\u00eatre psychophysique. Le traitement de fango-baln\u00e9oth\u00e9rapie que l\u2019H\u00f4tel Vena d\u2019oro vous offre peut \u00eatre facilement compl\u00e9t\u00e9 ou associ\u00e9 \u00e0 ces traitements. Profitez d\u2019un moment de d\u00e9tente m\u00e9rit\u00e9 en vous confiant \u00e0 des mains exp\u00e9riment\u00e9es.<\/p>\n<p><strong>Sauna et bain turc<\/strong><\/p>\n<p>Notre nouveau centre bien-\u00eatre est id\u00e9al pour obtenir le maximum de b\u00e9n\u00e9fices d\u2019une d\u00e9tente saine et naturelle. \u00c0 l\u2019int\u00e9rieur de la zone r\u00e9serv\u00e9e \u00e0 la piscine couverte vous trouverez aussi un sauna, un bain turc et un parcours Kneipp. Tous cela est compl\u00e9t\u00e9 par une magnifique douche avec brume froide pour compl\u00e9ter la d\u00e9tente et retrouver la forme perdue.<\/p>\n<p><strong>Fangobaln\u00e9oth\u00e9rapie<\/strong><\/p>\n<p>* Cycle des traitements: 12 jours (avec fr\u00e9quence journali\u00e8re)<br \/>\n* Fangoth\u00e9rapie: dur\u00e9e 20 minutes \u2013 temperature 39-40\u00b0C<br \/>\n* (la boue thermale est appliqu\u00e9e sur la superficie des articulations du corps, comme signal\u00e9 sur un formulaire sp\u00e9cial compil\u00e9 par le m\u00e9decin responsable de l\u2019\u00e9tablissement thermal pendant la visite m\u00e9dicale obligatoire d\u2019acc\u00e8s et aptitude \u00e0 soutenir la cure thermale)<br \/>\n* Baln\u00e9oth\u00e9rapie: dur\u00e9e 12-15 minutes \u2013 temperatur 38-39\u00b0C<\/p>\n<p><strong>Baln\u00e9oth\u00e9rapie<\/strong><\/p>\n<p>* Le bain thermal consiste \u00e0 immerger le corps dans une baignoire contenant de l\u2019eau thermale chaude, que l\u2019on fait couler avant que le patient n\u2019y entre.<br \/>\n* L\u2019eau thermale sodique bromo-iodique (propre au Bassin Eugan\u00e9en) utilis\u00e9e pour la baln\u00e9oth\u00e9rapie a une temp\u00e9rature de 36-38\u00b0C; la dur\u00e9e de la s\u00e9ance de baln\u00e9oth\u00e9rapie est de 15 minutes environ, pour des cycles complets de 12 bains effectu\u00e9s \u00e0 raison d\u2019un par jour. Le bain thermal suit et compl\u00e8te presque toujours la s\u00e9ance de fangoth\u00e9rapie.<br \/>\n* Le bain thermal exerce des effets li\u00e9s aux influences m\u00e9caniques et \u00e0 la pression hydrostatique exerc\u00e9e par l\u2019eau<br \/>\n* (cercle veineux de retour, d\u00e9contraction musculaire, sollicitation des r\u00e9cepteurs tactiles et presseurs de la peau) et des effets qui d\u00e9pendent des caract\u00e9ristiques chimico-physiques de l\u2019eau.<br \/>\n* La temp\u00e9rature de l\u2019eau thermale du Bassin Eugan\u00e9en influence surtout la vasodilatation cutan\u00e9e et musculaire, elle favorise la d\u00e9contraction de la musculature stri\u00e9e et lisse (avec la diminution de la tension art\u00e9rielle) et suscite une action analg\u00e9sique.<br \/>\n* A tout cela s\u2019ajoutent des stimuli sp\u00e9cifiques hormonaux, biochimiques et neurov\u00e9g\u00e9tatifs qui d\u00e9pendent de la composition chimique de l\u2019eau min\u00e9rale, qui compl\u00e8tent et amplifient l\u2019enti\u00e8re r\u00e9cup\u00e9ration du bien-\u00eatre et du fonctionnement de l\u2019appareil locomoteur, de la peau, du d\u00e9troit art\u00e9rio-veineux.<\/p>\n<p><strong>Physiotherapie<\/strong><\/p>\n<p>La physioth\u00e9rapie est responsable du d\u00e9veloppement, de la maintenance , de la r\u00e9cup\u00e9ration du mouvement et de la fonction pendant la vie, en particulier dans les circonstances dans lesquelles elles sont compromises par des traumatismes, maladies, facteurs environnementaux, et par l\u2019\u00e2ge.<br \/>\nLa physioth\u00e9rapie identifie et maximise la qualit\u00e9 de la vie et le mouvement potentiel dans les domaines de la promotion, de pr\u00e9vention, de traitement \/ d\u2019intervention, adaptation et la r\u00e9adaptation.<br \/>\nLe physioth\u00e9rapeute utilise les ant\u00e9c\u00e9dents m\u00e9dicaux, l\u2019examen physique, et si n\u00e9cessaire les r\u00e9sultats des tests de laboratoire (radiographie, \u00e9chographie, \u00e9lectromyographie, etc.) pour en arriver \u00e0 un diagnostic et \u00e9tablir un plan de traitement<\/p>\n<p><strong>Hydrokinesitherapie<\/strong><\/p>\n<p>* S\u2019il est possible d\u2019affirmer qu\u2019en milieu thermal, pratiquement toutes les m\u00e9thodes physio-kin\u00e9sith\u00e9rapeutiques sont applicables, il est bon de pr\u00e9ciser que l\u2019hydrokin\u00e9sith\u00e9rapie est sans doute la plus utilis\u00e9e, gr\u00e2ce \u00e9galement \u00e0 l\u2019abondante disponibilit\u00e9 de ressources hydriques et de la diffusion des structures dans lesquelles on peut pratiquer cette m\u00e9thode de r\u00e9\u00e9ducation: les piscines.<br \/>\n* L\u2019hydrokin\u00e9sith\u00e9rapie utilise les propri\u00e9t\u00e9s chimiques et physiques de l\u2019eau \u00e0 des fins th\u00e9rapeutiques; elle est appliqu\u00e9e \u00e0 diff\u00e9rentes branches de la r\u00e9\u00e9ducation: orthop\u00e9die, traumatologie, rhumatologie, neurologie.<br \/>\n* L\u2019immersion en piscine thermale, gr\u00e2ce \u00e0 la composition chimique sp\u00e9cifique de l\u2019eau et \u00e0 sa temp\u00e9rature, permet une reprise douce et progressive de l\u2019exercice musculaire; avec un grand b\u00e9n\u00e9fice et un petit effort, on peut effectuer les premi\u00e8res phases de r\u00e9cup\u00e9ration des mouvements, avant de passer \u00e0 des formes d\u2019activit\u00e9 qui peuvent \u00eatre prescrites et applicables m\u00eame une fois termin\u00e9 le s\u00e9jour thermal.<br \/>\n* Le patient trouve \u00e9galement une aide tr\u00e8s importante gr\u00e2ce \u00e0 l\u2019hydrokin\u00e9sith\u00e9rapie dans la r\u00e9\u00e9ducation \u00e0 la d\u00e9ambulation: la pression de l\u2019eau thermale r\u00e9partie de fa\u00e7on uniforme sur toutes les parties du corps recouvert d\u2019eau, le soutient en position droite et ceci, associ\u00e9 au soulagement du poids donn\u00e9 par la pouss\u00e9e de flottabilit\u00e9, permet d\u2019anticiper la r\u00e9\u00e9ducation \u00e0 la d\u00e9ambulation (si la t\u00eate et le cou sont situ\u00e9s hors de l\u2019eau, le poids corporel est all\u00e9g\u00e9 d\u2019environ 90%).<br \/>\n* L\u2019hydrokin\u00e9sith\u00e9rapie est tr\u00e8s utile lorsqu\u2019il s\u2019agit d\u2019\u00e9loigner des troubles tels que: raideur musculaire, douleur, crampes caus\u00e9es par l\u2019effort, tous les facteurs pouvant causer de graves limitations fonctionnelles.<br \/>\n* L\u2019hydrokin\u00e9sith\u00e9rapie procure un soulagement de la douleur et des spasmes musculaires, un drainage des zones tum\u00e9fi\u00e9es ou od\u00e9mateuses et favorise la r\u00e9\u00e9ducation au mouvement.<br \/>\n* Dans la strat\u00e9gie de r\u00e9\u00e9ducation il est possible de programmer l\u2019implication d\u2019un grand nombre d\u2019articulations et de muscles, une progression graduelle de l\u2019exercice en dur\u00e9e et intensit\u00e9, d\u2019abord en utilisant la flottaison pour soutenir le mouvement, puis pour le supporter et enfin comme r\u00e9sistance, jusqu\u2019\u00e0 l\u2019obtention de la meilleure r\u00e9action musculaire.<br \/>\n* Comme cela a clairement \u00e9t\u00e9 d\u00e9montr\u00e9 par les \u00e9l\u00e9ments ci-dessus, tout cela sera d\u2019une grande importance dans la r\u00e9cup\u00e9ration, l\u2019am\u00e9lioration et le maintien du fonctionnement de l\u2019appareil locomoteur, outre dans la r\u00e9duction des temps de r\u00e9cup\u00e9ration d\u2019articulations \u00e9puis\u00e9es ou traumatis\u00e9es.<\/p>\n<p><strong>Gymnastique aquatique (acqua-gym)<\/strong><\/p>\n<p>Gymnastique dans l\u2019eau est un ensemble complexe d\u2019exercices qui se sont r\u00e9unis pour apporter des r\u00e9sultats tr\u00e8s satisfaisant pour le raffermissement du tonus musculaire dans les points les plus critiques de notre corps.<\/p>\n<p><strong>Massage lymphodrainant<\/strong><\/p>\n<p>Le massage lymphodrainant est un type particulier de massage pratiqu\u00e9e dans les zones du corps avec une baisse excessive de la circulation lymphatique. Une lente lymphatiques lui-m\u00eame peut causer de graves perturbations des fonctions de la lymphe:<br \/>\n* D\u00e9fense<br \/>\n* Nutrition<br \/>\n* Purification.<br \/>\nAfin de ne pas manquer une de ces fonctions ci-dessus, le syst\u00e8me lymphatique est n\u00e9cessaire pour assurer un d\u00e9bit constant et l\u2019\u00e9limination de toute stagnation.<br \/>\nIl est d\u00e9montr\u00e9, par exemple, pour traiter l\u2019oed\u00e8me et de traitement de la cellulite.<\/p>\n<p><strong>Shiatsu<\/strong><\/p>\n<p>Le shiatzu est une technique manuelle bas\u00e9e principalement sur la pression d\u2019\u00e9coulement avec pouces, les doigts, les paumes, les coudes, les genoux ou les pieds. Une pression efficace se caract\u00e9rise par cinq facteurs qui doivent toujours \u00eatre pr\u00e9sentes:<br \/>\n1. utiliser les bons outils pour travailler<br \/>\n2. exploitant la bonne position<br \/>\n3. identification correcte de la zone sur laquelle l\u2019exploitation<br \/>\n4. attention de l\u2019op\u00e9rateur<br \/>\n5. trois phases de pression: entr\u00e9e, la stase, la sortie<br \/>\nCela permet, en communiquant avec votre niveau d\u2019\u00e9nergie plus profonde et donc tous les aspects de sa r\u00e9alit\u00e9, de r\u00e9veiller en recevant son pouvoir de gu\u00e9rison. En m\u00e9decine traditionnelle chinoise (MTC) psych\u00e9 et soma n\u2019a jamais \u00e9t\u00e9 divis\u00e9 et c\u2019est l\u2019un de la diff\u00e9rence fondamentale avec la m\u00e9decine occidentale.<\/p>\n<p><strong>R\u00e9flexologie plantaire<\/strong><\/p>\n<p>La r\u00e9flexologie est une branche de la m\u00e9decine traditionnelle de massage \u00e0 base de chinois, puis masser la plante des pieds.<br \/>\nSe concentre donc sur les exploits de zone technique de massage de la richesse de ces nerfs dans les pieds pour gu\u00e9rir la maladie ou de soulager la douleur en puisant dans des zones strat\u00e9giques : se sont des points r\u00e9flexes dans tout le corps, \u00e0 traverse laquelle agit sur les organes, les \u00e9quipements internes, les glandes et le syst\u00e8me nerveux pour purifier et r\u00e9\u00e9quilibrer l\u2019organisme l\u2019\u00e9nergie vitale, lib\u00e9rant les canaux d\u2019\u00e9nergie bloqu\u00e9.<\/p>\n<p><strong>Massages du bien-\u00eatre<\/strong><\/p>\n<p>Nous avons une large gamme de soins du corps comme les massages sportifs, l\u2019anti-stress, l\u2019anti-cellulite, le raffermissant ou conjonctif, le d\u00e9tendant, le massage aux huiles essentielles chaudes. Contactez-nous pour plus de d\u00e9tails<\/p>\n","protected":false},"excerpt":{"rendered":"<p>D\u00e9tente et bien-\u00eatre Pour soigner l\u2019harmonie entre l\u2019esprit, le corps et l\u2019\u00e2me, un bien pr\u00e9cieux qu\u2019il ne faut jamais sous-estimer, notre Centre de Bien-\u00eatre vous offre un vaste choix de traitements de beaut\u00e9 et pour le bien-\u00eatre psychophysique. Le traitement de fango-baln\u00e9oth\u00e9rapie que l\u2019H\u00f4tel Vena d\u2019oro vous offre peut \u00eatre facilement compl\u00e9t\u00e9 ou associ\u00e9 \u00e0 [&hellip;]<\/p>\n","protected":false},"author":1,"featured_media":4146,"parent":0,"menu_order":0,"comment_status":"closed","ping_status":"closed","template":"templates\/lista.php","meta":{"_acf_changed":false,"footnotes":""},"class_list":["post-1623","page","type-page","status-publish","has-post-thumbnail","hentry"],"acf":[],"_links":{"self":[{"href":"https:\/\/venadoro.it\/fr\/wp-json\/wp\/v2\/pages\/1623","targetHints":{"allow":["GET"]}}],"collection":[{"href":"https:\/\/venadoro.it\/fr\/wp-json\/wp\/v2\/pages"}],"about":[{"href":"https:\/\/venadoro.it\/fr\/wp-json\/wp\/v2\/types\/page"}],"author":[{"embeddable":true,"href":"https:\/\/venadoro.it\/fr\/wp-json\/wp\/v2\/users\/1"}],"replies":[{"embeddable":true,"href":"https:\/\/venadoro.it\/fr\/wp-json\/wp\/v2\/comments?post=1623"}],"version-history":[{"count":0,"href":"https:\/\/venadoro.it\/fr\/wp-json\/wp\/v2\/pages\/1623\/revisions"}],"wp:featuredmedia":[{"embeddable":true,"href":"https:\/\/venadoro.it\/fr\/wp-json\/wp\/v2\/media\/4146"}],"wp:attachment":[{"href":"https:\/\/venadoro.it\/fr\/wp-json\/wp\/v2\/media?parent=1623"}],"curies":[{"name":"wp","href":"https:\/\/api.w.org\/{rel}","templated":true}]}}