{"id":1620,"date":"2009-11-30T19:29:22","date_gmt":"2009-11-30T18:29:22","guid":{"rendered":"https:\/\/www.venadoro.it\/?page_id=1620"},"modified":"2022-03-30T09:43:06","modified_gmt":"2022-03-30T09:43:06","slug":"ristorante","status":"publish","type":"page","link":"https:\/\/venadoro.it\/fr\/ristorante\/","title":{"rendered":"Restaurant"},"content":{"rendered":"<p>Nos chefs, que nous n\u2019h\u00e9sitons pas \u00e0 d\u00e9finir de v\u00e9ritables artistes, proposent, chaque jour, de magnifiques plats de la cuisine traditionnelle de la V\u00e9n\u00e9tie personnalis\u00e9s et aux saveurs revisit\u00e9es .<\/p>\n<p>En outre vous pourrez vous servir au buffet garni de l\u00e9gumes de saison, cuits et crus, aussi bien au d\u00e9jeuner qu\u2019au d\u00eener.<\/p>\n<p>Venez d\u00e9guster la fantaisie et les pr\u00e9parations de nos chefs : les soir\u00e9es de gala, les f\u00eates et les d\u00eeners aux chandelles notamment, avec accompagnement musical, repr\u00e9senteront les meilleures occasions de d\u00e9guster nos plats.<\/p>\n","protected":false},"excerpt":{"rendered":"<p>Nos chefs, que nous n\u2019h\u00e9sitons pas \u00e0 d\u00e9finir de v\u00e9ritables artistes, proposent, chaque jour, de magnifiques plats de la cuisine traditionnelle de la V\u00e9n\u00e9tie personnalis\u00e9s et aux saveurs revisit\u00e9es . En outre vous pourrez vous servir au buffet garni de l\u00e9gumes de saison, cuits et crus, aussi bien au d\u00e9jeuner qu\u2019au d\u00eener. Venez d\u00e9guster la [&hellip;]<\/p>\n","protected":false},"author":1,"featured_media":4621,"parent":0,"menu_order":0,"comment_status":"closed","ping_status":"closed","template":"templates\/lista.php","meta":{"_acf_changed":false,"footnotes":""},"class_list":["post-1620","page","type-page","status-publish","has-post-thumbnail","hentry"],"acf":[],"_links":{"self":[{"href":"https:\/\/venadoro.it\/fr\/wp-json\/wp\/v2\/pages\/1620","targetHints":{"allow":["GET"]}}],"collection":[{"href":"https:\/\/venadoro.it\/fr\/wp-json\/wp\/v2\/pages"}],"about":[{"href":"https:\/\/venadoro.it\/fr\/wp-json\/wp\/v2\/types\/page"}],"author":[{"embeddable":true,"href":"https:\/\/venadoro.it\/fr\/wp-json\/wp\/v2\/users\/1"}],"replies":[{"embeddable":true,"href":"https:\/\/venadoro.it\/fr\/wp-json\/wp\/v2\/comments?post=1620"}],"version-history":[{"count":0,"href":"https:\/\/venadoro.it\/fr\/wp-json\/wp\/v2\/pages\/1620\/revisions"}],"wp:featuredmedia":[{"embeddable":true,"href":"https:\/\/venadoro.it\/fr\/wp-json\/wp\/v2\/media\/4621"}],"wp:attachment":[{"href":"https:\/\/venadoro.it\/fr\/wp-json\/wp\/v2\/media?parent=1620"}],"curies":[{"name":"wp","href":"https:\/\/api.w.org\/{rel}","templated":true}]}}