{"id":135,"date":"2010-03-14T15:10:50","date_gmt":"2010-03-14T14:10:50","guid":{"rendered":"https:\/\/www.venadoro.it\/fr\/?page_id=135"},"modified":"2022-01-12T08:13:07","modified_gmt":"2022-01-12T08:13:07","slug":"pension-complete-comprenant","status":"publish","type":"page","link":"https:\/\/venadoro.it\/fr\/pension-complete-comprenant\/","title":{"rendered":"Pension compl\u00e8te comprenant"},"content":{"rendered":"<p>\u2022 Chambres avec bain ou douche, t\u00e9l\u00e9vision, coffre fort, t\u00e9l\u00e9phone, s\u00e8che-cheveux, r\u00e9frig\u00e9rateur, air conditionn\u00e9 en \u00e9t\u00e9;<br \/>\n\u2022 Petit d\u00e9jeuner \u00e0 buffet avec un large choix de c\u00e9r\u00e9ales, yogourts, charcuteries, fromages, jus de fruits;<br \/>\n\u2022 Buffet de salades au d\u00e9jeuner et au d\u00eener, choix de 4 entr\u00e9es et 4 plats principaux, dessert ou fruit;<br \/>\n\u2022 Ev\u00e9nement de la semaine : d\u00eener aux chandelles, soir\u00e9e dansante avec musique live;<br \/>\n\u2022 Activit\u00e9s physiques: aquagym musical , du lundi au samedi dans l\u2019apr\u00e8s-midi;<br \/>\n\u2022 piscines thermales unies \u00e0 une temp\u00e9rature constante de 34-35 \u00b0;<br \/>\n\u2022 Bancs avec hydro massages, jet d\u2019eau et parcours de r\u00e9activation circulatoire (Kneipp) dans la piscine ext\u00e9rieure;<br \/>\n\u2022 Centre de bien-\u00eatre avec sauna, bain turc et parcours Kneipp;<br \/>\n\u2022 connexion wifi internet gratuite.<br \/>\n\u2022 L&rsquo;utilisation du v\u00e9lo pour votre d\u00e9placement en ville;<\/p>\n","protected":false},"excerpt":{"rendered":"<p>\u2022 Chambres avec bain ou douche, t\u00e9l\u00e9vision, coffre fort, t\u00e9l\u00e9phone, s\u00e8che-cheveux, r\u00e9frig\u00e9rateur, air conditionn\u00e9 en \u00e9t\u00e9; \u2022 Petit d\u00e9jeuner \u00e0 buffet avec un large choix de c\u00e9r\u00e9ales, yogourts, charcuteries, fromages, jus de fruits; \u2022 Buffet de salades au d\u00e9jeuner et au d\u00eener, choix de 4 entr\u00e9es et 4 plats principaux, dessert ou fruit; \u2022 Ev\u00e9nement [&hellip;]<\/p>\n","protected":false},"author":1,"featured_media":2608,"parent":0,"menu_order":0,"comment_status":"closed","ping_status":"closed","template":"","meta":{"_acf_changed":false,"footnotes":""},"class_list":["post-135","page","type-page","status-publish","has-post-thumbnail","hentry"],"acf":[],"_links":{"self":[{"href":"https:\/\/venadoro.it\/fr\/wp-json\/wp\/v2\/pages\/135","targetHints":{"allow":["GET"]}}],"collection":[{"href":"https:\/\/venadoro.it\/fr\/wp-json\/wp\/v2\/pages"}],"about":[{"href":"https:\/\/venadoro.it\/fr\/wp-json\/wp\/v2\/types\/page"}],"author":[{"embeddable":true,"href":"https:\/\/venadoro.it\/fr\/wp-json\/wp\/v2\/users\/1"}],"replies":[{"embeddable":true,"href":"https:\/\/venadoro.it\/fr\/wp-json\/wp\/v2\/comments?post=135"}],"version-history":[{"count":0,"href":"https:\/\/venadoro.it\/fr\/wp-json\/wp\/v2\/pages\/135\/revisions"}],"wp:featuredmedia":[{"embeddable":true,"href":"https:\/\/venadoro.it\/fr\/wp-json\/"}],"wp:attachment":[{"href":"https:\/\/venadoro.it\/fr\/wp-json\/wp\/v2\/media?parent=135"}],"curies":[{"name":"wp","href":"https:\/\/api.w.org\/{rel}","templated":true}]}}