{"id":1331,"date":"2015-03-19T15:33:22","date_gmt":"2015-03-19T14:33:22","guid":{"rendered":"https:\/\/www.venadoro.it\/fr\/?page_id=113"},"modified":"2022-01-11T15:23:07","modified_gmt":"2022-01-11T15:23:07","slug":"prix","status":"publish","type":"page","link":"https:\/\/venadoro.it\/fr\/prix\/","title":{"rendered":"Prix"},"content":{"rendered":"<p style=\"text-align: center;\"><span style=\"font-size: medium;\"><strong>Prix 2020<\/strong><\/span><\/p>\n<p style=\"text-align: center;\">PRIX DE PENSION COMPLETE (MINIMUM 3 JOURS) PAR PERSONNE ET PAR JOUR, SERVICE ET TAXES COMPRIS. <span style=\"color: #ff0000;\">Taxe de s\u00e9jour exclue;<\/span><\/p>\n<p>Acc\u00e8s aux piscines thermales \u00e0 34\u00b0 avec hydromassages, jet d&rsquo;eau, parcours Kneipp, chaise longue et matelas \u00e0 disposition en piscine, nouveau centre du bien-etre \u00ab\u00a0J&rsquo;adore\u00a0\u00bb (sauna, bain turc, cascade de glac\u00e9 et espace de d\u00e9tente), gym dans l&rsquo;eau, wi-fi.<\/p>\n<p>prix de r\u00e9f\u00e9rence moyens<\/p>\n<table class=\"offtable\" border=\"1\" align=\"center\">\n<tbody>\n<tr>\n<td colspan=\"2\">Chambre avec bain or douche, s\u00e8che-cheveaux, t\u00e9l\u00e9phone, sat-Tv, wifi, r\u00e9frig\u00e9rateur,&nbsp;coffre fort, balcon, aire cond., wifi<\/td>\n<\/tr>\n<tr valign=\"top\">\n<td style=\"text-align: center;\"><strong>Hors saison<\/strong><br \/>\n07&nbsp;mars &#8211;&nbsp;08 avril<br \/>\n14&nbsp;avril &#8211;&nbsp;15 aout<br \/>\n11&nbsp;octobre &#8211;&nbsp;22 novembre<\/td>\n<td style=\"text-align: center;\"><strong>Haute saison<\/strong><br \/>\n09&nbsp;avril &#8211;&nbsp;13 avril<br \/>\n16&nbsp;aout &#8211;&nbsp;10 octobre<\/td>\n<\/tr>\n<tr>\n<td style=\"text-align: center;\">2 lits &#8211; 1 lit<\/td>\n<td style=\"text-align: center;\">2 lits &#8211; 1 lit<\/td>\n<\/tr>\n<tr>\n<td class=\"tdprezzi\" style=\"text-align: center;\">\u20ac&nbsp;62 \/ \u20ac 69<\/td>\n<td class=\"tdprezzi\" style=\"text-align: center;\">\u20ac&nbsp;66 \/ \u20ac 73<\/td>\n<\/tr>\n<\/tbody>\n<\/table>\n<p>Suppl\u00e8ment pour s\u00e9jours de 2 jours: 15 % sur le prix de pension journali\u00e8re indiqu\u00e9e<\/p>\n<p>R\u00e9duction pour demi pension, par jour, par personne \u20ac 3,00<\/p>\n<p>Pour enfants en-dessous de deux ans en lit suppl\u00e9mentaire \u20ac 6,00 par jour.<\/p>\n<p>R\u00e9duction pour enfants en-dessous de&nbsp;douze ans en lit suppl\u00e9mentaire: 50%<\/p>\n<p>Chambre sans balcon r\u00e9duction de 3,00 \u20ac par jour par personne<\/p>\n<p>les repas non consomm\u00e9s ne seront pas rembours\u00e9s<\/p>\n<p>SUPPLEMENT CHAMBRE DOUBLE \u00c0 USAGE INDIVIDUEL \u20ac 6,00 PAR JOUR<\/p>\n<hr>\n<div class=\"offh2\" style=\"text-align: center;\"><strong>PRIX FORFETAIRE<\/strong><\/div>\n<p>Par personne comprenant: pension compl\u00e8te, applications de boue avec bain d&rsquo;eau thermale et douche, massages th\u00e9rapeutiques,visite m\u00e9dicale, location de peigboir, acc\u00e8s aux piscine thermales \u00e0 34\u00b0 avec hydromassages, jet d&rsquo;eau, parcours de r\u00e9activation circulatoire, chaise longue et matelas \u00e0 disposition en piscine, nouveau centre du bien-etre \u00ab\u00a0J&rsquo;adore\u00a0\u00bb (sauna, bain turc, cascade de glac\u00e9 et espace de d\u00e9tente), service et taxes.<\/p>\n<table class=\"offtable\" border=\"1\" align=\"center\">\n<tbody>\n<tr>\n<td><\/td>\n<td style=\"text-align: center;\"><strong>Saison verte<\/strong><\/td>\n<td style=\"text-align: center;\"><strong>Hors saison<\/strong><\/td>\n<td style=\"text-align: center;\"><strong>Haute saison<\/strong><\/td>\n<\/tr>\n<tr>\n<td><\/td>\n<td style=\"text-align: center;\">07&nbsp;mars &#8211;&nbsp;08 avril<br \/>\n14&nbsp;juin &#8211;&nbsp;01 aout<\/td>\n<td style=\"text-align: center;\">14 avril &#8211;&nbsp;13 juin<br \/>\n02&nbsp;aout&nbsp;&#8211;&nbsp;15 aout<br \/>\n11&nbsp;octobre &#8211;&nbsp;22 novembre<\/td>\n<td style=\"text-align: center;\">03&nbsp;avril &#8211;&nbsp;13 avril<br \/>\n16&nbsp;aout &#8211;&nbsp;10 octobre<\/td>\n<\/tr>\n<tr>\n<td><\/td>\n<td style=\"text-align: center;\">2 lits &#8211; 1 lit<\/td>\n<td style=\"text-align: center;\">2 lits &#8211; 1 lit<\/td>\n<td style=\"text-align: center;\">2 lits &#8211; 1 lit<\/td>\n<\/tr>\n<tr>\n<td>7 jours 6 traitem.<\/td>\n<td class=\"tdprezzi\" style=\"text-align: center;\">\u20ac 701,60 &#8211; \u20ac 745,70<\/td>\n<td class=\"tdprezzi\" style=\"text-align: center;\">\u20ac 735,00- \u20ac 784,00<\/td>\n<td class=\"tdprezzi\" style=\"text-align: center;\">\u20ac 763,00 &#8211; \u20ac 812,00<\/td>\n<\/tr>\n<tr>\n<td>12 jours 10 traitem.<\/td>\n<td class=\"tdprezzi\" style=\"text-align: center;\">\u20ac 1.160,60 &#8211; \u20ac 1.236,20<\/td>\n<td class=\"tdprezzi\" style=\"text-align: center;\">\u20ac 1.224,00 &#8211; \u20ac 1.299,00<\/td>\n<td class=\"tdprezzi\" style=\"text-align: center;\">\u20ac 1.272,00 &#8211; \u20ac 1.347,00<\/td>\n<\/tr>\n<tr>\n<td>13 jours 12 traitem.<\/td>\n<td class=\"tdprezzi\" style=\"text-align: center;\">\u20ac 1.306,40 &#8211; \u20ac 1.388,30<\/td>\n<td class=\"tdprezzi\" style=\"text-align: center;\">\u20ac 1.372,00 &#8211; \u20ac 1.453,00<\/td>\n<td class=\"tdprezzi\" style=\"text-align: center;\">\u20ac 1.424,00 &#8211; \u20ac 1.505,00<\/td>\n<\/tr>\n<tr>\n<td>21 jours 15 traitem.<\/td>\n<td class=\"tdprezzi\" style=\"text-align: center;\">\u20ac 1.887,80 &#8211; \u20ac 2.020,10<\/td>\n<td class=\"tdprezzi\" style=\"text-align: center;\">\u20ac 1.983,00 &#8211; \u20ac 2.113,00<\/td>\n<td class=\"tdprezzi\" style=\"text-align: center;\">\u20ac 2.067,00 &#8211; \u20ac 2.197,000<\/td>\n<\/tr>\n<\/tbody>\n<\/table>\n<p>PAS COMPRIS: OZONISATION DU BAIN THERMAL.<\/p>\n<hr>\n<p><strong>LES CHAMBRES EXCELLENCE<\/strong><\/p>\n<p>Sont des chambres doubles qui disposent de qualit\u00e9, dimensions, \u00e9quipement et confort au-dessus de la moyenne. Elles vous offrent toute une s\u00e9rie de services inclus, qui le rendent encore plus attirantes:<\/p>\n<ul>\n<li style=\"text-align: left;\">Corbeille de fruits dans la chambre<\/li>\n<li style=\"text-align: left;\">Journal quotidien au choix tous les jours<\/li>\n<li style=\"text-align: left;\">Peignoir pour la cure ou la piscine<\/li>\n<li style=\"text-align: left;\">Cyclette dans la chambre pour vos exercices de remise en forme<\/li>\n<\/ul>\n<p>Avec un suppl\u00e9ment sur le prix de pension de 7,00 \u20ac par juor et par personne.<\/p>\n<p>D\u00e9p\u00eachez vous, les chambres sont limit\u00e9es et tr\u00e8s demand\u00e9es!<\/p>\n<hr>\n<div class=\"offh1\" style=\"text-align: center;\"><strong>PRIX DES TRAITEMENTS<\/strong><\/div>\n<p style=\"text-align: center;\">(services et taxes compris):<\/p>\n<p style=\"text-align: center;\">Prestaions lesquelles n\u00e9cessitent une visite m\u00e9dicale d&rsquo;admission<\/p>\n<table class=\"offtable\" border=\"1\" align=\"center\">\n<tbody>\n<tr>\n<td style=\"text-align: left;\">Visite m\u00e9dical<\/td>\n<td class=\"tdprezzi\" style=\"text-align: right;\">\u20ac 29,00<\/td>\n<\/tr>\n<tr>\n<td style=\"text-align: left;\">Application de boue avec bain thermal et douche<\/td>\n<td class=\"tdprezzi\" style=\"text-align: right;\">\u20ac 28,00<\/td>\n<\/tr>\n<tr>\n<td style=\"text-align: left;\">Bain thermal<\/td>\n<td class=\"tdprezzi\" style=\"text-align: right;\">\u20ac 14,00<\/td>\n<\/tr>\n<tr>\n<td style=\"text-align: left;\">Ozone dans le bain thermal<\/td>\n<td class=\"tdprezzi\" style=\"text-align: right;\">\u20ac 5,00<\/td>\n<\/tr>\n<tr>\n<td style=\"text-align: left;\">Inahalation avec eau thermale<\/td>\n<td class=\"tdprezzi\" style=\"text-align: right;\">\u20ac 7,00<\/td>\n<\/tr>\n<tr>\n<td style=\"text-align: left;\">Aerosol<\/td>\n<td class=\"tdprezzi\" style=\"text-align: right;\">\u20ac 7,00<\/td>\n<\/tr>\n<tr>\n<td style=\"text-align: left;\">Douche nasale<\/td>\n<td style=\"text-align: right;\">\u20ac 8,00<\/td>\n<\/tr>\n<tr>\n<td style=\"text-align: left;\">Humage<\/td>\n<td style=\"text-align: right;\">\u20ac 8,00<\/td>\n<\/tr>\n<tr>\n<td style=\"text-align: left;\">Massage th\u00e9rapeutique<\/td>\n<td class=\"tdprezzi\" style=\"text-align: right;\">\u20ac 17,00<\/td>\n<\/tr>\n<tr>\n<td style=\"text-align: left;\">Massage th\u00e9rapeutique<\/td>\n<td class=\"tdprezzi\" style=\"text-align: right;\">\u20ac 26,00<\/td>\n<\/tr>\n<tr>\n<td style=\"text-align: left;\">Massage lymphodrainant th\u00e9rapeutique&nbsp;25 min.<\/td>\n<td style=\"text-align: right;\">\u20ac 32,00<\/td>\n<\/tr>\n<tr>\n<td style=\"text-align: left;\">Massage lymphodrainant th\u00e9rapeutique&nbsp;40 min.<\/td>\n<td style=\"text-align: right;\">\u20ac 41,00<\/td>\n<\/tr>\n<tr>\n<td style=\"text-align: left;\">Peignoir pour la cure<\/td>\n<td class=\"tdprezzi\" style=\"text-align: right;\">\u20ac 12,00<\/td>\n<\/tr>\n<\/tbody>\n<\/table>\n<p style=\"text-align: center;\">L&rsquo; Hotel Terme Vena d&rsquo;Oro est ins\u00e9r\u00e9 dans la r\u00e9seau de monitorage O.T.P. de l&rsquo;Universit\u00e9 de Padoue pour le controle du processus de maturation et de qualit\u00e9 de la boue thermale.<\/p>\n<p style=\"text-align: center;\"><strong>PHISIOTHERAPIE<\/strong><\/p>\n<div class=\"offh2\">\n<table class=\"offtable\" border=\"1\" align=\"center\">\n<tbody>\n<tr>\n<td style=\"text-align: left;\">Visite sp\u00e9cialis\u00e9e (la visite medicale vous sera rembours\u00e9e<br \/>\nen cas que vous suivrez des s\u00e9ances physioth\u00e9rapiques)<\/td>\n<td class=\"tdprezzi\">\u20ac 40,00<\/td>\n<\/tr>\n<tr>\n<td style=\"text-align: left;\">Physiotherapie Kinesitherapie&nbsp;25 min.<\/td>\n<td class=\"tdprezzi\">\u20ac 29,00<\/td>\n<\/tr>\n<tr>\n<td style=\"text-align: left;\">Physiotherapie Kinesitherapie&nbsp;55 min.<\/td>\n<td class=\"tdprezzi\">\u20ac 45,00<\/td>\n<\/tr>\n<tr>\n<td style=\"text-align: left;\">Hydrokinesitherapie individuelle 25 min.<\/td>\n<td class=\"tdprezzi\">\u20ac 29,00<\/td>\n<\/tr>\n<tr>\n<td style=\"text-align: left;\">Hydrokinesitherapie individuelle 55 min.<\/td>\n<td class=\"tdprezzi\">\u20ac 50,00<\/td>\n<\/tr>\n<\/tbody>\n<\/table>\n<\/div>\n<hr>\n<div class=\"offh2\">\n<div class=\"offh2\" style=\"text-align: center;\"><strong>SOINS DU VISAGE<\/strong><\/div>\n<div class=\"offh2\" style=\"text-align: center;\"><\/div>\n<div class=\"offh2\">\n<table class=\"offtable\" border=\"1\" align=\"center\">\n<tbody>\n<tr>\n<td style=\"text-align: left;\">Traitement purifiant et r\u00e9\u00e9quilibrant avec nettoyage profond du visage<\/td>\n<td class=\"tdprezzi\">\u20ac 35,00<\/td>\n<\/tr>\n<tr>\n<td style=\"text-align: left;\">Soin intensif anti-age&nbsp;avec feuille de collag\u00e8ne<\/td>\n<td class=\"tdprezzi\">\u20ac 59,00<\/td>\n<\/tr>\n<tr>\n<td style=\"text-align: left;\">Traitement du visage avec boue anti-age d&rsquo;Abano et vitamines<\/td>\n<td class=\"tdprezzi\">\u20ac 35,00<\/td>\n<\/tr>\n<tr>\n<td style=\"text-align: left;\">Traitement visage Anti-\u00c2ge<\/td>\n<td class=\"tdprezzi\">\u20ac 45,00<\/td>\n<\/tr>\n<tr>\n<td style=\"text-align: left;\">Traitement hydratant visage \u00e0 l&rsquo;acide hyaluronique<\/td>\n<td class=\"tdprezzi\">\u20ac 49,00<\/td>\n<\/tr>\n<tr>\n<td style=\"text-align: left;\">Traitement&nbsp;Anti-\u00c2ge&nbsp;au chanvre<\/td>\n<td class=\"tdprezzi\">\u20ac 59,00<\/td>\n<\/tr>\n<\/tbody>\n<\/table>\n<\/div>\n<p style=\"text-align: center;\"><strong>SOINS DU&nbsp;CORPS<\/strong><\/p>\n<div class=\"offh2\">\n<div>\n<div>\n<table border=\"1\" align=\"center\">\n<tbody>\n<tr>\n<td>Traitement Hammam peeling corporel avec massage aromatique<\/td>\n<td style=\"text-align: right;\">\u20ac 40,00<\/td>\n<\/tr>\n<tr>\n<td style=\"text-align: left;\">Traitement avec des bandages pour r\u00e9duire les jambes lourdes<\/td>\n<td style=\"text-align: right;\">\u20ac 44,00<\/td>\n<\/tr>\n<tr>\n<td style=\"text-align: left;\">Traitement intensif anticellulite<\/td>\n<td style=\"text-align: right;\">\u20ac 40,00<\/td>\n<\/tr>\n<tr>\n<td style=\"text-align: left;\">Peeling salso-bromo-iodique avec boue thermale d&rsquo;Abano Terme<\/td>\n<td style=\"text-align: right;\">\u20ac 28,00<\/td>\n<\/tr>\n<tr>\n<td style=\"text-align: left;\">Epilation partielle ou totale<\/td>\n<td style=\"text-align: right;\">de \u20ac 21,00 \u00e0 \u20ac 35,00<\/td>\n<\/tr>\n<tr>\n<td style=\"text-align: left;\">Pedicure curative esth\u00e9tique<\/td>\n<td style=\"text-align: right;\">\u20ac 27,00<\/td>\n<\/tr>\n<tr>\n<td style=\"text-align: left;\">Manicure<\/td>\n<td style=\"text-align: right;\">\u20ac 16,00<\/td>\n<\/tr>\n<\/tbody>\n<\/table>\n<\/div>\n<p style=\"text-align: center;\"><strong> MASSAGES DU CORPS<\/strong><\/p>\n<div class=\"offh2\">\n<div class=\"offh2\" style=\"text-align: left;\">\n<table class=\"offtable\" style=\"width: 688px; height: 266px;\" border=\"1\" align=\"center\">\n<tbody>\n<tr>\n<td><del>Shiatzu&nbsp;rituel \u00e9nerg\u00e9tique r\u00e9\u00e9quilibrant<\/del><\/td>\n<td class=\"tdprezzi\" style=\"text-align: right;\"><del>\u20ac 59,00<\/del><\/td>\n<\/tr>\n<tr>\n<td style=\"text-align: left;\">Massage Indonesien<\/td>\n<td style=\"text-align: right;\">\u20ac 59,00<\/td>\n<\/tr>\n<tr>\n<td>Hot Stone&nbsp;massage aux pierres chaudes<\/td>\n<td class=\"tdprezzi\" style=\"text-align: right;\">\u20ac 59,00<\/td>\n<\/tr>\n<tr>\n<td>Pinda Sweda Nam&nbsp;avec des petits fagots chauds aux herbes<\/td>\n<td class=\"tdprezzi\" style=\"text-align: right;\">\u20ac 59,00<\/td>\n<\/tr>\n<tr>\n<td>R\u00e9flexologie plantaire<\/td>\n<td class=\"tdprezzi\" style=\"text-align: right;\">\u20ac 39,00<\/td>\n<\/tr>\n<tr>\n<td>Massage Ayurveda<\/td>\n<td class=\"tdprezzi\" style=\"text-align: right;\">\u20ac 50.00<\/td>\n<\/tr>\n<tr>\n<td>Rituel Polynesien Lomi&nbsp;Lomi<\/td>\n<td class=\"tdprezzi\" style=\"text-align: right;\">\u20ac 50,00<\/td>\n<\/tr>\n<tr>\n<td>Massage Thai-Spa&nbsp;sur tatami<\/td>\n<td class=\"tdprezzi\" style=\"text-align: right;\">\u20ac 50,00<\/td>\n<\/tr>\n<tr>\n<td>Massage Limphodrainant&nbsp;40 min.<\/td>\n<td style=\"text-align: right;\">\u20ac 49,00<\/td>\n<\/tr>\n<tr>\n<td>Massage Anticellulite<\/td>\n<td style=\"text-align: right;\">\u20ac 39,00<\/td>\n<\/tr>\n<tr>\n<td>Reffermissant ou&nbsp;Conjonctif<\/td>\n<td style=\"text-align: right;\">\u20ac 39,00<\/td>\n<\/tr>\n<tr>\n<td>Detenant ou Anti-stress<\/td>\n<td style=\"text-align: right;\">\u20ac 39,00<\/td>\n<\/tr>\n<tr>\n<td>Massage aux huiles essentielles chaudes<\/td>\n<td style=\"text-align: right;\">\u20ac 39,00<\/td>\n<\/tr>\n<tr>\n<td style=\"text-align: left;\">Massage pour sportifs&nbsp;13&Prime; o 25&Prime;<\/td>\n<td style=\"text-align: right;\">de \u20ac 21,00 \u00e0 \u20ac 32,00<\/td>\n<\/tr>\n<\/tbody>\n<\/table>\n<\/div>\n<div><\/div>\n<div>\n<div style=\"text-align: center;\"><strong>AUTRES PRESTATIONS <\/strong><strong><br \/>\n<\/strong><\/div>\n<div style=\"text-align: center;\">\n<div>\n<table border=\"1\" align=\"center\">\n<tbody>\n<tr>\n<td style=\"text-align: left;\">Peignoir et drap de bain pour les piscines<\/td>\n<td style=\"text-align: right;\">\u20ac 12,00<\/td>\n<\/tr>\n<tr>\n<td style=\"text-align: left;\">Drap de bain pour les piscines<\/td>\n<td style=\"text-align: right;\">\u20ac 6,00<\/td>\n<\/tr>\n<\/tbody>\n<\/table>\n<\/div>\n<\/div>\n<p class=\"offh2\" style=\"text-align: center;\">TOUS LES TRAITEMENTS ET CURES SE FONT A L&rsquo;HOTEL MEME.<br \/>\nPossibilit\u00e9 de prendre en location des peignoirs et essuie serviettes &#8211; bains pour les cures et pour les piscines.<br \/>\nLes cures ne s&rsquo;effectuent pas le dimanche.<br \/>\n<strong>Gym dans l&rsquo;eau&nbsp;6 fois par semaine en piscine avec instructeur<\/strong><\/p>\n<div class=\"offh2\" style=\"text-align: center;\">\n<hr>\n<\/div>\n<p class=\"offh2\" style=\"text-align: center;\">Position centrale, mais tranquille, dans un oasis vert.<br \/>\nParc de 10.000 m\u00e8tres carr\u00e9s pour votre relax.<br \/>\nPiscines thermales couvertes et en plein air avec hydromassage.<br \/>\nTennis de table, cyclette (home-trainer), bicyclette \u00e0 disposition.<br \/>\nAire conditionn\u00e9 dans tout l&rsquo;hotel.<br \/>\nToutes les chambres ont bain ou douche, s\u00e8che-cheveux, t\u00e9l\u00e9phone, sat-TV, r\u00e9frig\u00e9rateur, coffre fort, aire conditionn\u00e9.<br \/>\nLe jour de d\u00e9part vous etes pir\u00e9 de lib\u00e9rer la chambre au plus tard \u00e0 10.30 heures.<br \/>\nGrand parking \u00e9clair\u00e9.<br \/>\nBuffet de salades au d\u00e9jeuner et au d\u00eener.<br \/>\nPetit-d\u00e9jeuner \u00e0 buffet.Soir\u00e9es dansantes.<br \/>\nD\u00eeners aux chandelles.<br \/>\nCocktail de bienvenu.<br \/>\nInternet point payant dans la halle et wifi gratuit dans tous l&rsquo;hotel.<br \/>\nDes coffres fort sont mis gratuitement \u00e0 disposition des clients aupr\u00e8s de la direction de l&rsquo;h\u00f4tel pour d\u00e9poser des objets de valeur et\/ou des bijoux.<br \/>\nDes excursions par l&rsquo;intermediaire d&rsquo;agences qualifi\u00e9es sont possible \u00e0 : Venise, padoue, Verone, Vicenza, le long de la Riviera du Brenta, Lac de garde, les Dolomites, etc.<br \/>\nA l&rsquo;occasion des repr\u00e9sentations et op\u00e9ras \u00e0 l&rsquo;ar\u00e8ne de Verone, vous pourrez demander la r\u00e9servation des billets d&rsquo;entr\u00e9e \u00e0 la r\u00e9ception de notre Hotel.<\/p>\n<\/div>\n<\/div>\n<\/div>\n<\/div>\n<\/div>\n","protected":false},"excerpt":{"rendered":"<p>Prix 2020 PRIX DE PENSION COMPLETE (MINIMUM 3 JOURS) PAR PERSONNE ET PAR JOUR, SERVICE ET TAXES COMPRIS. Taxe de s\u00e9jour exclue; Acc\u00e8s aux piscines thermales \u00e0 34\u00b0 avec hydromassages, jet d&rsquo;eau, parcours Kneipp, chaise longue et matelas \u00e0 disposition en piscine, nouveau centre du bien-etre \u00ab\u00a0J&rsquo;adore\u00a0\u00bb (sauna, bain turc, cascade de glac\u00e9 et espace [&hellip;]<\/p>\n","protected":false},"author":1,"featured_media":1899,"parent":0,"menu_order":0,"comment_status":"closed","ping_status":"closed","template":"","meta":{"_acf_changed":false,"footnotes":""},"class_list":["post-1331","page","type-page","status-publish","has-post-thumbnail","hentry"],"acf":[],"_links":{"self":[{"href":"https:\/\/venadoro.it\/fr\/wp-json\/wp\/v2\/pages\/1331","targetHints":{"allow":["GET"]}}],"collection":[{"href":"https:\/\/venadoro.it\/fr\/wp-json\/wp\/v2\/pages"}],"about":[{"href":"https:\/\/venadoro.it\/fr\/wp-json\/wp\/v2\/types\/page"}],"author":[{"embeddable":true,"href":"https:\/\/venadoro.it\/fr\/wp-json\/wp\/v2\/users\/1"}],"replies":[{"embeddable":true,"href":"https:\/\/venadoro.it\/fr\/wp-json\/wp\/v2\/comments?post=1331"}],"version-history":[{"count":0,"href":"https:\/\/venadoro.it\/fr\/wp-json\/wp\/v2\/pages\/1331\/revisions"}],"wp:featuredmedia":[{"embeddable":true,"href":"https:\/\/venadoro.it\/fr\/wp-json\/"}],"wp:attachment":[{"href":"https:\/\/venadoro.it\/fr\/wp-json\/wp\/v2\/media?parent=1331"}],"curies":[{"name":"wp","href":"https:\/\/api.w.org\/{rel}","templated":true}]}}