{"id":1330,"date":"2009-11-30T19:30:15","date_gmt":"2009-11-30T18:30:15","guid":{"rendered":"http:\/\/www.hotelalmalcanton.com\/it\/?page_id=28"},"modified":"2024-04-05T18:15:02","modified_gmt":"2024-04-05T16:15:02","slug":"posizione","status":"publish","type":"page","link":"https:\/\/venadoro.it\/fr\/posizione\/","title":{"rendered":"Acces"},"content":{"rendered":"<p><iframe style=\"border: 0;\" src=\"https:\/\/www.google.com\/maps\/embed?pb=!1m14!1m8!1m3!1d5607.78859190769!2d11.789091!3d45.350946!3m2!1i1024!2i768!4f13.1!3m3!1m2!1s0x0%3A0x2a9849880ea7e9a3!2sHotel+Terme+Vena+d'Oro!5e0!3m2!1sit!2sit!4v1400228342407\" width=\"400\" height=\"300\" frameborder=\"0\"><\/iframe><\/p>\n<p><strong>Pour rejoindre Abano Terme et l&rsquo;H\u00f4tel Vena d&rsquo;Oro<\/strong><\/p>\n<p><strong>En voiture:<\/strong><br \/>\nAutoroute A4 (Torino-Trieste) sortie Padova ovest.<br \/>\nAutoroute A13 (Bologna-Padova) sortie Padova Sud<\/p>\n<p>suivre Terme Euganee ou Abano Terme.<\/p>\n<p><strong>En train:<\/strong><br \/>\nGare Terme Euganee (MONTEGROTTO) sur la ligne Padova-Bologna<br \/>\nTaxi de la gare de Montegrotto \u00e0 peu pr\u00e8s \u20ac 13,00<br \/>\nBillet pour le car (chaque 30 min. \u00e0 peu pr\u00e9s) \u20ac 1,70<\/p>\n<p>Gare de PADOVA sur la ligne Milan-Venise<br \/>\nTaxi de Padova \u00e0 peu pr\u00e8s \u20ac 31,00<br \/>\nBillet pour le car (chaque 20 min. \u00e0 peu pr\u00e9s) \u20ac 2,00<\/p>\n<p><strong>Pour Avion:<\/strong><br \/>\nA\u00e9roport Marco Polo-Venezia (50 Km)<br \/>\nTransfer avec car de l&rsquo;aeroport \u00e0 l&rsquo;hotel \u20ac 35,00<br \/>\nTaxi du aeroport \u00e0 l&rsquo;hotel \u00e0 peu pr\u00e8s \u20ac 100,00<\/p>\n<p>A\u00e9roport de Verone (90 Km)<br \/>\nTaxi du aeroport \u00e0 l&rsquo;hotel \u00e0 peu pr\u00e8s \u20ac 170,00<\/p>\n<p>A\u00e9roport de Tr\u00e9vise (70 Km)<br \/>\nTaxi du aeroport \u00e0 l&rsquo;hotel \u00e0 peu pr\u00e8s \u20ac 105,00<\/p>\n<p>A\u00e9eroport de Milan-Malpensa (240 Km)<br \/>\nTaxi du aeroport \u00e0 l&rsquo;hotel \u00e0 peu pr\u00e8s \u20ac 420,00<\/p>\n","protected":false},"excerpt":{"rendered":"<p>Pour rejoindre Abano Terme et l&rsquo;H\u00f4tel Vena d&rsquo;Oro En voiture: Autoroute A4 (Torino-Trieste) sortie Padova ovest. Autoroute A13 (Bologna-Padova) sortie Padova Sud suivre Terme Euganee ou Abano Terme. En train: Gare Terme Euganee (MONTEGROTTO) sur la ligne Padova-Bologna Taxi de la gare de Montegrotto \u00e0 peu pr\u00e8s \u20ac 13,00 Billet pour le car (chaque 30 [&hellip;]<\/p>\n","protected":false},"author":1,"featured_media":397,"parent":0,"menu_order":0,"comment_status":"closed","ping_status":"closed","template":"","meta":{"_acf_changed":false,"footnotes":""},"class_list":["post-1330","page","type-page","status-publish","has-post-thumbnail","hentry"],"acf":[],"_links":{"self":[{"href":"https:\/\/venadoro.it\/fr\/wp-json\/wp\/v2\/pages\/1330","targetHints":{"allow":["GET"]}}],"collection":[{"href":"https:\/\/venadoro.it\/fr\/wp-json\/wp\/v2\/pages"}],"about":[{"href":"https:\/\/venadoro.it\/fr\/wp-json\/wp\/v2\/types\/page"}],"author":[{"embeddable":true,"href":"https:\/\/venadoro.it\/fr\/wp-json\/wp\/v2\/users\/1"}],"replies":[{"embeddable":true,"href":"https:\/\/venadoro.it\/fr\/wp-json\/wp\/v2\/comments?post=1330"}],"version-history":[{"count":1,"href":"https:\/\/venadoro.it\/fr\/wp-json\/wp\/v2\/pages\/1330\/revisions"}],"predecessor-version":[{"id":6026,"href":"https:\/\/venadoro.it\/fr\/wp-json\/wp\/v2\/pages\/1330\/revisions\/6026"}],"wp:featuredmedia":[{"embeddable":true,"href":"https:\/\/venadoro.it\/fr\/wp-json\/"}],"wp:attachment":[{"href":"https:\/\/venadoro.it\/fr\/wp-json\/wp\/v2\/media?parent=1330"}],"curies":[{"name":"wp","href":"https:\/\/api.w.org\/{rel}","templated":true}]}}