{"id":1324,"date":"2009-10-21T19:13:35","date_gmt":"2009-10-21T17:13:35","guid":{"rendered":"http:\/\/www.hotelalmalcanton.com\/it\/?page_id=2"},"modified":"2022-01-11T15:29:51","modified_gmt":"2022-01-11T15:29:51","slug":"cure","status":"publish","type":"page","link":"https:\/\/venadoro.it\/fr\/cure\/","title":{"rendered":"Cures"},"content":{"rendered":"<p>Les sources thermales et la boue curative qui en d\u00e9rivent, atteignent au Terme Euganee la temp\u00e9rature de 87\u00b0C et ont une forte min\u00e9ralisation.<\/p>\n<p>Conform\u00e9ment \u00e0 la tradition de toutes les structures thermales \u00e0 Abano, l\u2019H\u00f4tel Vena d&rsquo;Oro dispose de son propre espace de boue-baln\u00e9oth\u00e9rapie et d\u2019une \u00e9quipe d&rsquo;op\u00e9rateurs hautement qualifi\u00e9e, travaillant sous la supervision du Directeur Sanitaire.<\/p>\n<p>L\u2019H\u00f4tel Vena d&rsquo;Oro fait partie du r\u00e9seau de monitorage O.T.P (Observatoire Thermal Permanent) de l&rsquo;Universit\u00e9 de Padoue, pour le contr\u00f4le du processus de maturation et de qualit\u00e9 des boues thermales.<\/p>\n<p>De nombreuses pathologies peuvent \u00eatre trait\u00e9es et \u00e9vit\u00e9es avec une boue-baln\u00e9oth\u00e9rapie bien choisie. En particulier l&rsquo;ost\u00e9oporose (tous les troubles \u00e9num\u00e9r\u00e9s ne doivent pas \u00eatre dans une phase aigu\u00eb), les rhumatismes, les fibroses, les myalgies, les n\u00e9vralgies et les n\u00e9vrites, les sciatiques. Et puis encore, l&rsquo;uric\u00e9mie, la goutte, les s\u00e9quelles de fractures, luxations, entorses, l\u00e9sions traumatiques et toutes op\u00e9rations orthop\u00e9diques, les rhumatismes dysm\u00e9taboliques et inflammatoires primaires, ainsi que de nombreuses maladies de l\u2019appareil respiratoire telles que les catarrhes chroniques, l&rsquo;asthme, les sinusites et les bronchites chroniques.<\/p>\n<p>Les s\u00e9ances de fangoth\u00e9rapie se composent de quatre \u00e9l\u00e9ments fondamentaux :<\/p>\n<p>1. l&rsquo;application de la boue thermale<\/p>\n<p>(15\/20 min environ)<\/p>\n<p>2. la douche et le bain d&rsquo;eau thermale<\/p>\n<p>(15\/20 min environ)<\/p>\n<p>3. la r\u00e9action sudorale (temps variable en fonction de votre r\u00e9ponse personnelle au traitement),<\/p>\n<p>4. le massage pour tonifier les muscles et le syst\u00e8me nerveux<\/p>\n<p>(13 ou 25 min).<\/p>\n<p>Pour obtenir les meilleurs b\u00e9n\u00e9fices on effectue g\u00e9n\u00e9ralement les s\u00e9ances de fango-baln\u00e9oth\u00e9rapie tous les jour (sauf le dimanche), le matin, de sorte que l&rsquo;efficacit\u00e9 du traitement soit chaque jour plus intense.<\/p>\n","protected":false},"excerpt":{"rendered":"<p>Les sources thermales et la boue curative qui en d\u00e9rivent, atteignent au Terme Euganee la temp\u00e9rature de 87\u00b0C et ont une forte min\u00e9ralisation. Conform\u00e9ment \u00e0 la tradition de toutes les structures thermales \u00e0 Abano, l\u2019H\u00f4tel Vena d&rsquo;Oro dispose de son propre espace de boue-baln\u00e9oth\u00e9rapie et d\u2019une \u00e9quipe d&rsquo;op\u00e9rateurs hautement qualifi\u00e9e, travaillant sous la supervision du [&hellip;]<\/p>\n","protected":false},"author":1,"featured_media":352,"parent":0,"menu_order":0,"comment_status":"closed","ping_status":"closed","template":"","meta":{"_acf_changed":false,"footnotes":""},"class_list":["post-1324","page","type-page","status-publish","has-post-thumbnail","hentry"],"acf":[],"_links":{"self":[{"href":"https:\/\/venadoro.it\/fr\/wp-json\/wp\/v2\/pages\/1324","targetHints":{"allow":["GET"]}}],"collection":[{"href":"https:\/\/venadoro.it\/fr\/wp-json\/wp\/v2\/pages"}],"about":[{"href":"https:\/\/venadoro.it\/fr\/wp-json\/wp\/v2\/types\/page"}],"author":[{"embeddable":true,"href":"https:\/\/venadoro.it\/fr\/wp-json\/wp\/v2\/users\/1"}],"replies":[{"embeddable":true,"href":"https:\/\/venadoro.it\/fr\/wp-json\/wp\/v2\/comments?post=1324"}],"version-history":[{"count":0,"href":"https:\/\/venadoro.it\/fr\/wp-json\/wp\/v2\/pages\/1324\/revisions"}],"wp:featuredmedia":[{"embeddable":true,"href":"https:\/\/venadoro.it\/fr\/wp-json\/"}],"wp:attachment":[{"href":"https:\/\/venadoro.it\/fr\/wp-json\/wp\/v2\/media?parent=1324"}],"curies":[{"name":"wp","href":"https:\/\/api.w.org\/{rel}","templated":true}]}}