{"id":6522,"date":"2025-12-10T15:31:58","date_gmt":"2025-12-10T14:31:58","guid":{"rendered":"https:\/\/venadoro.it\/?page_id=6522"},"modified":"2026-01-09T13:21:47","modified_gmt":"2026-01-09T12:21:47","slug":"hotel-mit-thermalbecken-in-abano","status":"publish","type":"page","link":"https:\/\/venadoro.it\/de\/thermaler-wellnessfuhrer-fuer-abano\/hotel-mit-thermalbecken-in-abano\/","title":{"rendered":"Hotel mit Thermalbecken in Abano: Entspannung zwischen warmem Wasser und Privatpark"},"content":{"rendered":"\n<p>Wenn Sie ein Hotel mit Thermalbecken in Abano suchen, in dem Sie sich in einer ruhigen Umgebung entspannen k\u00f6nnen, finden Sie hier drei miteinander verbundene Pools, alle mit warmem Wasser von 34\u201335 \u00b0C und auf Komfort ausgelegt. Rund um die Becken befindet sich ein Privatpark, der eine ruhige Atmosph\u00e4re schafft \u2013 ideal zum Lesen, <a href=\"https:\/\/venadoro.it\/de\/thermaler-wellnessfuhrer-fuer-abano\/wellness-wochenende-in-abano-terme\/\" data-type=\"page\" data-id=\"6552\">Ausruhen oder um die Stille in v\u00f6lliger Freiheit zu genie\u00dfen<\/a>.<\/p>\n\n\n\n<h2 class=\"wp-block-heading\"><strong>Die Thermalbecken: Warmes Wasser und Hydromassagen<\/strong><\/h2>\n\n\n\n<p>Unsere Thermalbecken geh\u00f6ren zu den Elementen, die den Aufenthalt angenehm und regenerierend machen. Ihnen stehen drei miteinander verbundene Becken zur Verf\u00fcgung, innen und au\u00dfen, mit einer konstanten Temperatur zwischen 34 \u00b0C und 35 \u00b0C.<\/p>\n\n\n\n<p>Was Sie in den Pools finden:<\/p>\n\n\n\n<ul class=\"wp-block-list\">\n<li>drei verbundene Pools (ein Innen- und zwei Au\u00dfenbecken)<\/li>\n\n\n\n<li>Thermalwasser mit 34\u201335 \u00b0C<\/li>\n\n\n\n<li>Wassertiefe von 1 bis 1,40 Meter<\/li>\n\n\n\n<li>Hydromassageliegen, Massagesitzbank und Au\u00dfenwasserstrahlen <\/li>\n\n\n\n<li>warmer\/k\u00fchler Kneipp-Parcours<\/li>\n\n\n\n<li>Innen-Whirlpool f\u00fcr bis zu 5 Personen<\/li>\n\n\n\n<li><a href=\"https:\/\/venadoro.it\/de\/piscine\/\" data-type=\"page\" data-id=\"1276\">Hallenbad<\/a>, das direkt mit den Au\u00dfenbecken verbunden ist<\/li>\n<\/ul>\n\n\n\n<p>Gemeinsam mit meinem Team k\u00fcmmere ich mich pers\u00f6nlich um die Wasserqualit\u00e4t durch eine regelm\u00e4\u00dfige Reinigung des Beckengrunds, die Wartung der Filter und eine Schockchlorung w\u00e4hrend der Schlie\u00dfzeiten.<\/p>\n\n\n\n<h2 class=\"wp-block-heading\"><strong>Die Atmosph\u00e4re der Pools in den k\u00e4lteren Monaten<\/strong><\/h2>\n\n\n\n<p>In den k\u00fchleren Monaten erzeugt das warme Wasser einen leichten Dampf, der das Badeerlebnis besonders stimmungsvoll macht. Auch an kalten Tagen bieten die Pools dank der konstanten Wassertemperatur eine angenehme und entspannende Atmosph\u00e4re.<\/p>\n\n\n\n<h2 class=\"wp-block-heading\"><strong>Der Privatpark: Schatten, Sonne und Ruhe<\/strong><\/h2>\n\n\n\n<p>Der Park rund um das Hotel ist ein gro\u00dfz\u00fcgiger und ruhiger Bereich, der f\u00fcr alle gedacht ist, die entschleunigen m\u00f6chten. Es gibt schattige und sonnige Zonen, sodass Sie w\u00e4hlen k\u00f6nnen, wo Sie Ihren Moment der Entspannung verbringen.<\/p>\n\n\n\n<p>Es ist eine einfache, aber sehr gesch\u00e4tzte Umgebung f\u00fcr G\u00e4ste, die Ruhe suchen und Zeit im Freien, eingebettet ins Gr\u00fcn, verbringen m\u00f6chten.<\/p>\n\n\n\n<h2 class=\"wp-block-heading\"><strong>Ein Ganzheitliches Wohlf\u00fchlerlebnis<\/strong><\/h2>\n\n\n\n<p>Die Kombination aus warmem Thermalwasser, Hydromassagen und den ruhigen Bereichen des Parks macht den Aufenthalt sowohl f\u00fcr G\u00e4ste angenehm, die sich entspannen m\u00f6chten, als auch f\u00fcr jene, die den <a href=\"https:\/\/venadoro.it\/de\/thermaler-wellnessfuhrer-fuer-abano\/wellnesswoche-in-abano-terme\/\" data-type=\"page\" data-id=\"6540\">Aufenthalt<\/a> mit Thermalbehandlungen verbinden. Es ist ein langsamer, nat\u00fcrlicher Rhythmus, der hilft, neue Energie und Wohlbefinden zu finden.<\/p>\n\n\n\n<h2 class=\"wp-block-heading\"><strong>Entdecken Sie Unsere Welt des Wohlbefindens<\/strong><\/h2>\n\n\n\n<p>Wenn Sie weitere Aspekte Ihres Aufenthalts vertiefen m\u00f6chten \u2013 von der Fangotherapie bis zu den Zimmern \u2013 <a href=\"https:\/\/venadoro.it\/de\/thermaler-wellnessfuhrer-fuer-abano\/\" data-type=\"page\" data-id=\"6498\">finden Sie alles in unserem Wellnessf\u00fchrer<\/a>. Dort k\u00f6nnen Sie jede Sektion einfach und schnell erkunden.<\/p>\n\n\n\n<h2 class=\"wp-block-heading\"><strong>FAQ<\/strong><\/h2>\n\n\n<div id=\"rank-math-faq\" class=\"rank-math-block\">\n<div class=\"rank-math-list \">\n<div id=\"faq-question-1767870791004\" class=\"rank-math-list-item\">\n<h3 class=\"rank-math-question \">Sind die Thermalpools im Aufenthalt inbegriffen?<\/h3>\n<div class=\"rank-math-answer \">\n\n<p>Ja, f\u00fcr alle G\u00e4ste, die bei uns \u00fcbernachten, ist der Zugang zu den Thermalpools immer inklusive.<\/p>\n\n<\/div>\n<\/div>\n<div id=\"faq-question-1767870793531\" class=\"rank-math-list-item\">\n<h3 class=\"rank-math-question \">Wie hoch ist die Wassertemperatur der Pools?<\/h3>\n<div class=\"rank-math-answer \">\n\n<p>Die Wassertemperatur ist konstant zwischen 34 \u00b0C und 35 \u00b0C.<\/p>\n\n<\/div>\n<\/div>\n<div id=\"faq-question-1767870794714\" class=\"rank-math-list-item\">\n<h3 class=\"rank-math-question \">Sind die Innen- und Au\u00dfenpools miteinander verbunden?<\/h3>\n<div class=\"rank-math-answer \">\n\n<p>Ja, das Hallenbad ist direkt mit den beiden Au\u00dfenbecken verbunden.<\/p>\n\n<\/div>\n<\/div>\n<div id=\"faq-question-1767870795601\" class=\"rank-math-list-item\">\n<h3 class=\"rank-math-question \">Welche Hydromassagen gibt es?<\/h3>\n<div class=\"rank-math-answer \">\n\n<p>Es gibt Hydromassageliegen, eine Sitzbank, Au\u00dfenwasserstrahlen, einen Innen-Whirlpool und einen warmen\/k\u00fchlen Kneipp-Parcours.<\/p>\n\n<\/div>\n<\/div>\n<\/div>\n<\/div>","protected":false},"excerpt":{"rendered":"<p>Wenn Sie ein Hotel mit Thermalbecken in Abano suchen, in dem Sie sich in einer ruhigen Umgebung entspannen k\u00f6nnen, finden Sie hier drei miteinander verbundene Pools, alle mit warmem Wasser von 34\u201335 \u00b0C und auf Komfort ausgelegt. Rund um die Becken befindet sich ein Privatpark, der eine ruhige Atmosph\u00e4re schafft \u2013 ideal zum Lesen, Ausruhen [&hellip;]<\/p>\n","protected":false},"author":3,"featured_media":6521,"parent":6498,"menu_order":0,"comment_status":"closed","ping_status":"closed","template":"","meta":{"_acf_changed":false,"footnotes":""},"class_list":["post-6522","page","type-page","status-publish","has-post-thumbnail","hentry"],"acf":[],"_links":{"self":[{"href":"https:\/\/venadoro.it\/de\/wp-json\/wp\/v2\/pages\/6522","targetHints":{"allow":["GET"]}}],"collection":[{"href":"https:\/\/venadoro.it\/de\/wp-json\/wp\/v2\/pages"}],"about":[{"href":"https:\/\/venadoro.it\/de\/wp-json\/wp\/v2\/types\/page"}],"author":[{"embeddable":true,"href":"https:\/\/venadoro.it\/de\/wp-json\/wp\/v2\/users\/3"}],"replies":[{"embeddable":true,"href":"https:\/\/venadoro.it\/de\/wp-json\/wp\/v2\/comments?post=6522"}],"version-history":[{"count":2,"href":"https:\/\/venadoro.it\/de\/wp-json\/wp\/v2\/pages\/6522\/revisions"}],"predecessor-version":[{"id":6583,"href":"https:\/\/venadoro.it\/de\/wp-json\/wp\/v2\/pages\/6522\/revisions\/6583"}],"up":[{"embeddable":true,"href":"https:\/\/venadoro.it\/de\/wp-json\/wp\/v2\/pages\/6498"}],"wp:featuredmedia":[{"embeddable":true,"href":"https:\/\/venadoro.it\/de\/wp-json\/wp\/v2\/media\/6521"}],"wp:attachment":[{"href":"https:\/\/venadoro.it\/de\/wp-json\/wp\/v2\/media?parent=6522"}],"curies":[{"name":"wp","href":"https:\/\/api.w.org\/{rel}","templated":true}]}}