{"id":5719,"date":"2022-01-25T14:33:21","date_gmt":"2022-01-25T13:33:21","guid":{"rendered":"https:\/\/venadoro.it\/?page_id=5719"},"modified":"2023-02-17T10:57:34","modified_gmt":"2023-02-17T09:57:34","slug":"inhalationstherapien","status":"publish","type":"page","link":"https:\/\/venadoro.it\/de\/cure\/inhalationstherapien\/","title":{"rendered":"Inhalationstherapien"},"content":{"rendered":"\n<p class=\"has-text-align-center\"><strong>Das wahre Konzentrat der Gesundheit steckt in unserem Thermalwasser.<\/strong><\/p>\n\n\n\n<p class=\"has-text-align-left\"><br>Das mikronisierte Thermalwasser ist bei Erkrankungen der Atemwege und zur Vorbeugung von Infektionskrankheiten angezeigt.<\/p>\n\n\n\n<p>Unsere Abteilung f\u00fcr Inhalationstherapie ist mit Ger\u00e4ten f\u00fcr Inhalation, Aerosol und Humage ausgestattet.<br>Am Ende jeder Therapie durchl\u00e4uft das Inhalationsger\u00e4t einen kurzen Zyklus zur Selbstreinigung, der durch gr\u00fcndliche Sicherheitsma\u00dfnahmen unseres Personals verst\u00e4rkt wird.<\/p>\n\n\n\n<p>Jede Behandlung dauert etwa 10 bis 12 Minuten.<\/p>\n\n\n\n<p class=\"has-text-align-center has-text-color\" style=\"color:#1627a9\"><strong>THERAPEUTISCHE EIGENSCHAFTEN von mit AEROSOL verabreichtem THERMALWASSER:<\/strong><\/p>\n\n\n\n<div class=\"wp-block-columns is-layout-flex wp-container-core-columns-is-layout-9d6595d7 wp-block-columns-is-layout-flex\">\n<div class=\"wp-block-column is-layout-flow wp-block-column-is-layout-flow\" style=\"flex-basis:100%\">\n<div class=\"wp-block-group\"><div class=\"wp-block-group__inner-container is-layout-flow wp-block-group-is-layout-flow\">\n<div class=\"wp-block-group\"><div class=\"wp-block-group__inner-container is-layout-flow wp-block-group-is-layout-flow\">\n<ul class=\"wp-block-list\"><li>Antiseptische Wirkung;<\/li><\/ul>\n\n\n\n<ul class=\"wp-block-list\"><li>Stimulation des Ziliark\u00f6rpers;<\/li><li>Verfl\u00fcssigung des Sekrets;<\/li><li>Normalisierung der Eigenschaften des Atemwegsschleims;<\/li><li>Verringerung der unphysiologischen mikrobiologischen Komponente.<\/li><\/ul>\n<\/div><\/div>\n<\/div><\/div>\n<\/div>\n<\/div>\n\n\n\n<div class=\"wp-block-media-text alignwide is-stacked-on-mobile\"><figure class=\"wp-block-media-text__media\"><img decoding=\"async\" width=\"1024\" height=\"683\" data-src=\"https:\/\/venadoro.it\/wp-content\/uploads\/2022\/01\/cure4-1024x683.jpg\" alt=\"\" class=\"wp-image-3178 size-full lazyload\" data-srcset=\"https:\/\/venadoro.it\/wp-content\/uploads\/2022\/01\/cure4-1024x683.jpg 1024w, https:\/\/venadoro.it\/wp-content\/uploads\/2022\/01\/cure4-300x200.jpg 300w, https:\/\/venadoro.it\/wp-content\/uploads\/2022\/01\/cure4-768x512.jpg 768w, https:\/\/venadoro.it\/wp-content\/uploads\/2022\/01\/cure4-1536x1024.jpg 1536w, https:\/\/venadoro.it\/wp-content\/uploads\/2022\/01\/cure4-2048x1365.jpg 2048w\" data-sizes=\"(max-width: 1024px) 100vw, 1024px\" src=\"data:image\/svg+xml;base64,PHN2ZyB3aWR0aD0iMSIgaGVpZ2h0PSIxIiB4bWxucz0iaHR0cDovL3d3dy53My5vcmcvMjAwMC9zdmciPjwvc3ZnPg==\" style=\"--smush-placeholder-width: 1024px; --smush-placeholder-aspect-ratio: 1024\/683;\" \/><\/figure><div class=\"wp-block-media-text__content\">\n<p><strong><em>HUMAGE<\/em><\/strong><\/p>\n\n\n\n<p class=\"has-small-font-size\">The thermal treatment humage or emanations (indirect collectives, direct collectives), consists in inhaling the gases that spring from thermal waters for therapeutic purposes. Technically, it is obtained by pushing compressed air into a container containing thermal water, which, by stimulating the water and making it bubble, releases the thermal particles it contains. By induction, the gas released, pushed by the air pressure, is conveyed into a small tube that brings it to the patient&#8217;s mask. The humage treatment is ideal for reaching the most intimate parts of the respiratory system and plays a very important role in the treatment of diseases affecting the lower respiratory tract (recurrent bronchitis, chronic bronchitis, treatment of symptoms and prevention of bronchial asthma, treatment of possible respiratory tract infections).<\/p>\n<\/div><\/div>\n\n\n\n<div class=\"wp-block-media-text alignwide has-media-on-the-right is-stacked-on-mobile\" style=\"grid-template-columns:auto 43%\"><figure class=\"wp-block-media-text__media\"><img decoding=\"async\" width=\"1024\" height=\"683\" data-src=\"https:\/\/venadoro.it\/wp-content\/uploads\/2022\/01\/cure5-1024x683.jpg\" alt=\"\" class=\"wp-image-3182 size-full lazyload\" data-srcset=\"https:\/\/venadoro.it\/wp-content\/uploads\/2022\/01\/cure5-1024x683.jpg 1024w, https:\/\/venadoro.it\/wp-content\/uploads\/2022\/01\/cure5-300x200.jpg 300w, https:\/\/venadoro.it\/wp-content\/uploads\/2022\/01\/cure5-768x512.jpg 768w, https:\/\/venadoro.it\/wp-content\/uploads\/2022\/01\/cure5-1536x1024.jpg 1536w, https:\/\/venadoro.it\/wp-content\/uploads\/2022\/01\/cure5-2048x1365.jpg 2048w\" data-sizes=\"(max-width: 1024px) 100vw, 1024px\" src=\"data:image\/svg+xml;base64,PHN2ZyB3aWR0aD0iMSIgaGVpZ2h0PSIxIiB4bWxucz0iaHR0cDovL3d3dy53My5vcmcvMjAwMC9zdmciPjwvc3ZnPg==\" style=\"--smush-placeholder-width: 1024px; --smush-placeholder-aspect-ratio: 1024\/683;\" \/><\/figure><div class=\"wp-block-media-text__content\">\n<p><strong><em>AEROSOL<\/em><\/strong><\/p>\n\n\n\n<p class=\"has-small-font-size\">The concept of aerosol (for the upper or lower airways) is also similar, the difference being determined by the devices, which break down the mineral water into particles with a diameter of between 3 and 10 microns, which stop mainly in the upper airways and also in the finest branches of the bronchial tree. An alternative application to the classic aerosol is the sonic aerosol, where the administration of thermal water particles is associated with a flow of sound waves at 100 Hertz: the adaptation between sound waves and sulphurous thermal water gives the particles a particular kinetic attitude that allows the gaseous particles to easily penetrate the cavities of the paranasal sinuses and middle ear through the Eustachian tube.<\/p>\n<\/div><\/div>\n\n\n\n<div class=\"wp-block-columns is-layout-flex wp-container-core-columns-is-layout-9d6595d7 wp-block-columns-is-layout-flex\">\n<div class=\"wp-block-column is-layout-flow wp-block-column-is-layout-flow\" style=\"flex-basis:100%\">\n<div class=\"wp-block-group\"><div class=\"wp-block-group__inner-container is-layout-flow wp-block-group-is-layout-flow\">\n<p class=\"has-text-color\" style=\"color:#102d96\"><strong>INHALATIONEN und AEROSOLS mit THERMALEM WASSER sind GEGENWIRKLICH:<\/strong><\/p>\n\n\n\n<ul class=\"wp-block-list\"><li>Chronische Bronchitis, einfach oder begleitet von einer obstruktiven Komponente (au\u00dfer Asthma und Emphysem);<\/li><li>Vasomotorische Rhinopathie;<\/li><li>Chronische Pharyngolaryngitis;<\/li><li>Chronische Sinusitis oder chronisches rhinosinusitisches Syndrom;<\/li><li>Chronische rhinosinusitische-bronchiale Syndrome;<\/li><li>Hypertrophie der Tonsillen und der Mandeln;<\/li><li>Eileiterverengung;<\/li><li>Chronische katarrhalische Otitis;<\/li><li>Chronische eitrige Mittelohrentz\u00fcndung.<\/li><\/ul>\n\n\n\n<div class=\"wp-block-group\"><div class=\"wp-block-group__inner-container is-layout-flow wp-block-group-is-layout-flow\">\n<div class=\"wp-block-columns is-layout-flex wp-container-core-columns-is-layout-9d6595d7 wp-block-columns-is-layout-flex\">\n<div class=\"wp-block-column is-layout-flow wp-block-column-is-layout-flow\"><\/div>\n\n\n\n<div class=\"wp-block-column is-layout-flow wp-block-column-is-layout-flow\"><\/div>\n<\/div>\n<\/div><\/div>\n<\/div><\/div>\n<\/div>\n<\/div>\n","protected":false},"excerpt":{"rendered":"<p>Das wahre Konzentrat der Gesundheit steckt in unserem Thermalwasser. Das mikronisierte Thermalwasser ist bei Erkrankungen der Atemwege und zur Vorbeugung von Infektionskrankheiten angezeigt. Unsere Abteilung f\u00fcr Inhalationstherapie ist mit Ger\u00e4ten f\u00fcr Inhalation, Aerosol und Humage ausgestattet.Am Ende jeder Therapie durchl\u00e4uft das Inhalationsger\u00e4t einen kurzen Zyklus zur Selbstreinigung, der durch gr\u00fcndliche Sicherheitsma\u00dfnahmen unseres Personals verst\u00e4rkt wird. [&hellip;]<\/p>\n","protected":false},"author":2,"featured_media":3564,"parent":1270,"menu_order":3,"comment_status":"closed","ping_status":"closed","template":"","meta":{"_acf_changed":false,"footnotes":""},"class_list":["post-5719","page","type-page","status-publish","has-post-thumbnail","hentry"],"acf":[],"_links":{"self":[{"href":"https:\/\/venadoro.it\/de\/wp-json\/wp\/v2\/pages\/5719","targetHints":{"allow":["GET"]}}],"collection":[{"href":"https:\/\/venadoro.it\/de\/wp-json\/wp\/v2\/pages"}],"about":[{"href":"https:\/\/venadoro.it\/de\/wp-json\/wp\/v2\/types\/page"}],"author":[{"embeddable":true,"href":"https:\/\/venadoro.it\/de\/wp-json\/wp\/v2\/users\/2"}],"replies":[{"embeddable":true,"href":"https:\/\/venadoro.it\/de\/wp-json\/wp\/v2\/comments?post=5719"}],"version-history":[{"count":0,"href":"https:\/\/venadoro.it\/de\/wp-json\/wp\/v2\/pages\/5719\/revisions"}],"up":[{"embeddable":true,"href":"https:\/\/venadoro.it\/de\/wp-json\/wp\/v2\/pages\/1270"}],"wp:featuredmedia":[{"embeddable":true,"href":"https:\/\/venadoro.it\/de\/wp-json\/wp\/v2\/media\/3564"}],"wp:attachment":[{"href":"https:\/\/venadoro.it\/de\/wp-json\/wp\/v2\/media?parent=5719"}],"curies":[{"name":"wp","href":"https:\/\/api.w.org\/{rel}","templated":true}]}}