{"id":5716,"date":"2022-01-25T14:38:54","date_gmt":"2022-01-25T13:38:54","guid":{"rendered":"https:\/\/venadoro.it\/offerte-day-spa\/"},"modified":"2026-04-20T15:28:58","modified_gmt":"2026-04-20T13:28:58","slug":"offerte-day-spa","status":"publish","type":"page","link":"https:\/\/venadoro.it\/de\/offerte-day-spa\/","title":{"rendered":"Offerte Day Spa"},"content":{"rendered":"\n<div class=\"wp-block-group\"><div class=\"wp-block-group__inner-container is-layout-flow wp-block-group-is-layout-flow\">\n<p><\/p>\n\n\n\n<p class=\"has-white-color has-text-color\">    gggg<\/p>\n\n\n\n<hr class=\"wp-block-separator has-text-color has-vivid-cyan-blue-color has-css-opacity has-vivid-cyan-blue-background-color has-background aligncenter is-style-dots\"\/>\n<\/div><\/div>\n\n\n\n<h4 class=\"wp-block-heading\" id=\"le-migliori-offerte-day-spa-e-ingressi-giornalieri-alle-nostre-tre-bellissime-piscine-termali-a-34-costanti-una-interna-e-due-esterne-aperte-dalle-8-30-alle-19-tutti-i-giorni\"><strong>Die besten Day-Spa-Angebote und t\u00e4gliche Eintritte in unsere drei wundersch\u00f6nen Thermalbecken mit konstanten 34\u00b0, ein Innen- und zwei Au\u00dfenbecken, die t\u00e4glich von 8.30 bis 19 Uhr ge\u00f6ffnet sind.<\/strong><\/h4>\n\n\n\n<h4 class=\"wp-block-heading\" id=\"l-ingresso-comprende\"><strong>Der Eintritt beinhaltet:<\/strong><\/h4>\n\n\n\n<ul class=\"wp-block-list\">\n<li>Zugang zu den drei Thermalbecken, einem Innen- und zwei Au\u00dfenbecken<\/li>\n\n\n\n<li>5 Hydromassage-Liegen im Au\u00dfenbecken<\/li>\n\n\n\n<li>5 Hydromassage-Sitze im Au\u00dfenbecken<\/li>\n\n\n\n<li>2 Nackenwasserf\u00e4lle im Au\u00dfenbecken<\/li>\n\n\n\n<li>Hei\u00df-Kalt-Kneipp-Pfad im Au\u00dfenbecken<\/li>\n\n\n\n<li>Erlebnisreise mit Tropenduschen und Kneipp-Pfad im Wellnessbereich<\/li>\n\n\n\n<li>Nutzung der finnischen Sauna bei 80-90\u00b0 von 10 bis 12 Uhr und von 16 bis 18 Uhr (Zutritt im Abstand von 1 Meter zwischen den Personen erlaubt)<\/li>\n\n\n\n<li>das Dampfbad ist aufgrund der nationalen Verordnung gegen die Verbreitung von Covid-19 bis auf weiteres geschlossen<\/li>\n\n\n\n<li>Benutzung des Whirlpools (Zutritt jeweils nur f\u00fcr eine Person oder eine Familieneinheit)<\/li>\n\n\n\n<li>Benutzung der Sporthalle mit Laufband und Heimtrainer (2 m Abstand zwischen den Personen)<\/li>\n\n\n\n<li>Benutzung von Liegest\u00fchlen und Matten im Innen- und Au\u00dfenbereich; die Liegest\u00fchle sind so zu platzieren, dass der zwischenmenschliche Abstand von 1 Meter eingehalten wird<\/li>\n<\/ul>\n\n\n\n<p><strong>Einlass nur mit Reservierung und je nach Verf\u00fcgbarkeit von Pl\u00e4tzen.<\/strong><\/p>\n\n\n\n<p>Das Tragen einer Badekappe ist f\u00fcr den Zugang zu unseren Schwimmb\u00e4dern obligatorisch. Wenn Sie keine haben, k\u00f6nnen Sie sie an der Rezeption gegen eine Geb\u00fchr von 2,00 \u20ac anfordern.<\/p>\n\n\n\n<figure class=\"wp-block-gallery has-nested-images columns-default is-cropped wp-block-gallery-1 is-layout-flex wp-block-gallery-is-layout-flex\"><\/figure>\n\n\n\n<div class=\"wp-block-group\"><div class=\"wp-block-group__inner-container is-layout-flow wp-block-group-is-layout-flow\">\n<h1 class=\"wp-block-heading has-text-align-center\" id=\"ingresso-piscine-intera-giornata-8-30-19-00\">Zutritt zu den Schwimmb\u00e4dern den ganzen Tag (8.30-19.00)<\/h1>\n\n\n\n<div class=\"wp-block-group\"><div class=\"wp-block-group__inner-container is-layout-flow wp-block-group-is-layout-flow\">\n<p class=\"has-text-align-center\">M\u00f6glichkeit zum Mittagessen im Hotelrestaurant (Reservierung erforderlich, 25 \u20ac pro Person)<\/p>\n\n\n\n<p class=\"has-text-align-center\">Bademantel und Poolhandtuch nicht inbegriffen.<\/p>\n\n\n\n<p class=\"has-text-align-center\">Wir k\u00f6nnen den Bademantel + Handtuch f\u00fcr \u20ac 8,00, oder nur das Handtuch f\u00fcr \u20ac 4,00 zur Verf\u00fcgung stellen<\/p>\n\n\n\n<h4 class=\"wp-block-heading has-text-align-center\" id=\"infrasettimanale-20\"><strong>Wochenmitte = 20 \u20ac<\/strong><\/h4>\n\n\n\n<h4 class=\"wp-block-heading has-text-align-center\" id=\"sabato-domenica-e-festivi-25\"><strong>Samstag, Sonntag und Feiertage = 30 \u20ac<\/strong><\/h4>\n<\/div><\/div>\n<\/div><\/div>\n\n\n\n<hr class=\"wp-block-separator has-css-opacity is-style-wide\"\/>\n\n\n\n<div class=\"wp-block-group\"><div class=\"wp-block-group__inner-container is-layout-flow wp-block-group-is-layout-flow\">\n<h1 class=\"wp-block-heading has-text-align-center\" id=\"spa-day\">Spa Day<\/h1>\n\n\n\n<h5 class=\"wp-block-heading has-text-align-center\" id=\"con-camera-d-appoggio\">(mit St\u00fctzkammer)<\/h5>\n\n\n\n<p class=\"has-text-align-center\">Sanierter Ganztagsbetreuungsraum (9 bis 19 Uhr)<\/p>\n\n\n\n<p class=\"has-text-align-center\">M\u00f6glichkeit zum Mittagessen im Hotelrestaurant (Reservierung erforderlich, 25 \u20ac pro Person)<\/p>\n\n\n\n<p class=\"has-text-align-center\">Inklusive Benutzung der Poolhandt\u00fccher, die Sie in Ihrem Zimmer finden. Wenn Sie auch einen Bademantel w\u00fcnschen, ist dieser gegen einen kleinen Aufpreis von \u20ac 6,00 erh\u00e4ltlich.<\/p>\n\n\n\n<p class=\"has-text-align-center\">10 % Erm\u00e4\u00dfigung auf alle Wellness-Behandlungen, die bei der Best\u00e4tigung Ihres Entspannungstages gebucht werden (mit Ausnahme der bereits im Angebot befindlichen Behandlungen)<\/p>\n\n\n\n<p class=\"has-text-align-center\"><strong>Wochenmitte = 39 \u20ac pro Person<\/strong><\/p>\n\n\n\n<p class=\"has-text-align-center\"><strong>Samstag, Sonntag und Feiertage = 49 \u20ac pro Person<\/strong><\/p>\n\n\n\n<p class=\"has-text-align-center\"><strong>Einzelzimmerzuschlag = \u20ac 7<\/strong><\/p>\n<\/div><\/div>\n","protected":false},"excerpt":{"rendered":"<p>gggg Die besten Day-Spa-Angebote und t\u00e4gliche Eintritte in unsere drei wundersch\u00f6nen Thermalbecken mit konstanten 34\u00b0, ein Innen- und zwei Au\u00dfenbecken, die t\u00e4glich von 8.30 bis 19 Uhr ge\u00f6ffnet sind. Der Eintritt beinhaltet: Einlass nur mit Reservierung und je nach Verf\u00fcgbarkeit von Pl\u00e4tzen. Das Tragen einer Badekappe ist f\u00fcr den Zugang zu unseren Schwimmb\u00e4dern obligatorisch. Wenn [&hellip;]<\/p>\n","protected":false},"author":1,"featured_media":3683,"parent":0,"menu_order":0,"comment_status":"closed","ping_status":"closed","template":"","meta":{"_acf_changed":false,"footnotes":""},"class_list":["post-5716","page","type-page","status-publish","has-post-thumbnail","hentry"],"acf":[],"_links":{"self":[{"href":"https:\/\/venadoro.it\/de\/wp-json\/wp\/v2\/pages\/5716","targetHints":{"allow":["GET"]}}],"collection":[{"href":"https:\/\/venadoro.it\/de\/wp-json\/wp\/v2\/pages"}],"about":[{"href":"https:\/\/venadoro.it\/de\/wp-json\/wp\/v2\/types\/page"}],"author":[{"embeddable":true,"href":"https:\/\/venadoro.it\/de\/wp-json\/wp\/v2\/users\/1"}],"replies":[{"embeddable":true,"href":"https:\/\/venadoro.it\/de\/wp-json\/wp\/v2\/comments?post=5716"}],"version-history":[{"count":2,"href":"https:\/\/venadoro.it\/de\/wp-json\/wp\/v2\/pages\/5716\/revisions"}],"predecessor-version":[{"id":6657,"href":"https:\/\/venadoro.it\/de\/wp-json\/wp\/v2\/pages\/5716\/revisions\/6657"}],"wp:featuredmedia":[{"embeddable":true,"href":"https:\/\/venadoro.it\/de\/wp-json\/wp\/v2\/media\/3683"}],"wp:attachment":[{"href":"https:\/\/venadoro.it\/de\/wp-json\/wp\/v2\/media?parent=5716"}],"curies":[{"name":"wp","href":"https:\/\/api.w.org\/{rel}","templated":true}]}}