{"id":4458,"date":"2022-01-25T14:32:44","date_gmt":"2022-01-25T13:32:44","guid":{"rendered":"https:\/\/venadoro.it\/cure\/fangoterapia\/"},"modified":"2022-03-22T21:48:00","modified_gmt":"2022-03-22T21:48:00","slug":"schlammtherapie","status":"publish","type":"page","link":"https:\/\/venadoro.it\/de\/cure\/schlammtherapie\/","title":{"rendered":"Schlammtherapie"},"content":{"rendered":"\n<p>Die Thermalquellen und der aus ihnen gewonnene Heilschlamm erreichen in den Terme Euganee eine Temperatur von 87\u00b0C und sind stark mineralisiert. Das Hotel Vena d&#8217;oro verf\u00fcgt \u00fcber eine eigene Abteilung f\u00fcr Schlammbalneotherapie und ein hochspezialisiertes Team von Mitarbeitern, die unter der Aufsicht des Gesundheitsdirektors arbeiten. Das Hotel Vena d&#8217;oro ist Teil des \u00dcberwachungsnetzes O.T.P. (Permanent Thermal Observatory) der Universit\u00e4t Padua zur Kontrolle des Reifungsprozesses und der Qualit\u00e4t des Thermalschlamms. Mit einer angemessenen Fango-Balneotherapie kann eine breite Palette von Krankheiten behandelt und verhindert werden. Dabei handelt es sich insbesondere um Osteoporose (alle aufgef\u00fchrten Erkrankungen m\u00fcssen sich nicht in einer akuten Phase befinden), Rheuma, Fibrositis, Myalgie, Neuralgie und Neuritis sowie Ischias.<\/p>\n\n\n\n<p><\/p>\n\n\n\n<p>E poi ancora l\u2019uricemia, la gotta, i postumi di fratture, lussazioni, distorsioni, le lesioni traumatiche e gli interventi ortopedici, i reumatismi dismetabolici e infiammatori primari, nonch\u00e9 molte malattie dell\u2019apparHinzu kommen Harnvergiftung, Gicht, die Folgen von Knochenbr\u00fcchen, Verrenkungen, Verstauchungen, traumatischen Verletzungen und orthop\u00e4dischen Operationen, dysmetabolischer und prim\u00e4r entz\u00fcndlicher Rheumatismus sowie zahlreiche Atemwegserkrankungen wie chronischer Katarrh, Asthma, Sinusitis und chronische Bronchitis.ato respiratorio come i catarri cronici, l\u2019asma, le sinusiti e le bronchiti croniche.<\/p>\n\n\n\n<figure class=\"wp-block-gallery has-nested-images columns-default is-cropped wp-block-gallery-1 is-layout-flex wp-block-gallery-is-layout-flex\">\n<figure class=\"wp-block-image size-large\"><img decoding=\"async\" width=\"1024\" height=\"683\" data-id=\"3504\" data-src=\"https:\/\/venadoro.it\/wp-content\/uploads\/2022\/02\/Consorzio_Terme_Euganee_2010__3_-1024x683.jpeg\" alt=\"\" class=\"wp-image-3504 lazyload\" data-srcset=\"https:\/\/venadoro.it\/wp-content\/uploads\/2022\/02\/Consorzio_Terme_Euganee_2010__3_-1024x683.jpeg 1024w, https:\/\/venadoro.it\/wp-content\/uploads\/2022\/02\/Consorzio_Terme_Euganee_2010__3_-300x200.jpeg 300w, https:\/\/venadoro.it\/wp-content\/uploads\/2022\/02\/Consorzio_Terme_Euganee_2010__3_-768x512.jpeg 768w, https:\/\/venadoro.it\/wp-content\/uploads\/2022\/02\/Consorzio_Terme_Euganee_2010__3_-1536x1024.jpeg 1536w, https:\/\/venadoro.it\/wp-content\/uploads\/2022\/02\/Consorzio_Terme_Euganee_2010__3_-2048x1366.jpeg 2048w\" data-sizes=\"(max-width: 1024px) 100vw, 1024px\" src=\"data:image\/svg+xml;base64,PHN2ZyB3aWR0aD0iMSIgaGVpZ2h0PSIxIiB4bWxucz0iaHR0cDovL3d3dy53My5vcmcvMjAwMC9zdmciPjwvc3ZnPg==\" style=\"--smush-placeholder-width: 1024px; --smush-placeholder-aspect-ratio: 1024\/683;\" \/><\/figure>\n\n\n\n<figure class=\"wp-block-image size-large\"><img decoding=\"async\" data-id=\"3508\" data-src=\"https:\/\/venadoro.it\/wp-content\/uploads\/2022\/02\/fangoterapia-700x492-1.jpeg\" alt=\"\" class=\"wp-image-3508 lazyload\" src=\"data:image\/svg+xml;base64,PHN2ZyB3aWR0aD0iMSIgaGVpZ2h0PSIxIiB4bWxucz0iaHR0cDovL3d3dy53My5vcmcvMjAwMC9zdmciPjwvc3ZnPg==\" style=\"--smush-placeholder-width: 700px; --smush-placeholder-aspect-ratio: 700\/492;\" \/><\/figure>\n\n\n\n<figure class=\"wp-block-image size-large\"><img decoding=\"async\" data-id=\"3512\" data-src=\"https:\/\/venadoro.it\/wp-content\/uploads\/2022\/02\/Prevenzione-Abano-Montegrotto-Terme1-577x400-1.jpeg\" alt=\"\" class=\"wp-image-3512 lazyload\" src=\"data:image\/svg+xml;base64,PHN2ZyB3aWR0aD0iMSIgaGVpZ2h0PSIxIiB4bWxucz0iaHR0cDovL3d3dy53My5vcmcvMjAwMC9zdmciPjwvc3ZnPg==\" style=\"--smush-placeholder-width: 577px; --smush-placeholder-aspect-ratio: 577\/400;\" \/><\/figure>\n<\/figure>\n\n\n\n<div class=\"wp-block-group\"><div class=\"wp-block-group__inner-container is-layout-flow wp-block-group-is-layout-flow\">\n<blockquote class=\"wp-block-quote has-text-align-center is-layout-flow wp-block-quote-is-layout-flow\"><p><strong>ART DER DURCHF\u00dcHRUNG DER SCHLAMMTHERAPIE:<\/strong><\/p><cite>I 4 MOMENTI DELLDIE 4 MOMENTE DER SITZUNGA SEDUTA<\/cite><\/blockquote>\n<\/div><\/div>\n\n\n\n<blockquote class=\"wp-block-quote is-style-default is-layout-flow wp-block-quote-is-layout-flow\"><p><strong>Anwendung von Thermalschlamm<\/strong><\/p><\/blockquote>\n\n\n\n<blockquote class=\"wp-block-quote is-style-default is-layout-flow wp-block-quote-is-layout-flow\"><p>Nach der obligatorischen \u00e4rztlichen Untersuchung der Eignung und der Zulassung zur Thermalkur, die einem Facharzt anvertraut wird, wird der Schlamm auf die Oberfl\u00e4che der Gelenke des K\u00f6rpers nach den Angaben des Arztes bei einer Temperatur zwischen 39 und 42\u00b0 C f\u00fcr etwa 15\/20 Minuten (30 Minuten bei Teilanwendungen) aufgetragen.<br>Vorteile: Die W\u00e4rme des Schlamms bewirkt eine wohltuende Vasodilatation der Komponenten des Bewegungsapparates. Auch auf zellul\u00e4rer Ebene kommt es zu Ver\u00e4nderungen in der Ausscheidungsfunktion der Haut, insbesondere im Hinblick auf die Harns\u00e4ure, deren Ausscheidung erh\u00f6ht wird, wodurch eine entgiftende Wirkung beg\u00fcnstigt wird.<\/p><\/blockquote>\n\n\n\n<blockquote class=\"wp-block-quote is-layout-flow wp-block-quote-is-layout-flow\"><p><strong>Thermalbad<\/strong><\/p><p>Dopo una doccia con acqua termale per rimuovere il fango, l\u2019ospite viene immerso in una vasca con acqua termale a circa 37\u00b0 C con idromassaggio e ozonoterapia, per circa 10 min.<\/p><p>Benefici: la balneoterapia favorisce la circolazione, il rilassamento della muscolatura ed induce un\u2019azione analgesica e, data la composizione chimica dell\u2019acqua, favorisce specifici stimoli ormonali, biochimici e neurovegetativi che completano il pieno recupero del benessere.<\/p><\/blockquote>\n\n\n\n<blockquote class=\"wp-block-quote is-layout-flow wp-block-quote-is-layout-flow\"><p><strong>Schwei\u00df-Reaktion<\/strong><\/p><p>Dies ist die Zeit der Ruhe und der Reaktion des K\u00f6rpers auf die Therapie, in der das Gewebe die im Schlamm und im Thermalbad angesammelte W\u00e4rme abgibt: Nach dem Thermalbad geht man in den Raum, wo man aufgrund der Erh\u00f6hung der K\u00f6rpertemperatur und der Blutgef\u00e4\u00dferweiterung etwa 30 bis 60 Minuten lang schwitzt.<\/p><\/blockquote>\n\n\n\n<blockquote class=\"wp-block-quote is-style-default is-layout-flow wp-block-quote-is-layout-flow\"><p><strong>Therapeutische Massage<\/strong><br>Massagetherapie: Massagen, die letzte Phase der t\u00e4glichen Spa-Behandlung, sind belebend, therapeutisch und entspannend.<br>Vorteile: Eine kurze Massage wirkt entkrampfend und straffend, stimuliert Haut und Muskeln und erg\u00e4nzt die W\u00e4rmetherapie.<\/p><\/blockquote>\n\n\n\n<div class=\"wp-block-group\"><div class=\"wp-block-group__inner-container is-layout-flow wp-block-group-is-layout-flow\"><\/div><\/div>\n\n\n\n<div class=\"wp-block-media-text alignfull is-stacked-on-mobile is-vertically-aligned-center\" style=\"grid-template-columns:37% auto\"><figure class=\"wp-block-media-text__media\"><img decoding=\"async\" data-src=\"https:\/\/venadoro.it\/wp-content\/uploads\/2022\/02\/Prevenzione-Abano-Montegrotto-Terme1-577x400-1.jpeg\" alt=\"\" class=\"wp-image-3512 size-full lazyload\" src=\"data:image\/svg+xml;base64,PHN2ZyB3aWR0aD0iMSIgaGVpZ2h0PSIxIiB4bWxucz0iaHR0cDovL3d3dy53My5vcmcvMjAwMC9zdmciPjwvc3ZnPg==\" style=\"--smush-placeholder-width: 577px; --smush-placeholder-aspect-ratio: 577\/400;\" \/><\/figure><div class=\"wp-block-media-text__content\">\n<h2 class=\"has-text-align-center has-text-color wp-block-heading\" id=\"prevenzione\" style=\"color:#0d4694\">Pr\u00e4vention<\/h2>\n\n\n\n<blockquote class=\"wp-block-quote is-style-default has-small-font-size is-layout-flow wp-block-quote-is-layout-flow\"><p><strong>VORBEUGUNG BEDEUTET, AUF SICH SELBST AUFZUPASSEN. ES IST LEICHT, GESUND ZU SEIN, WENN MAN BEREITS GESUND IST.<\/strong><\/p><cite><strong>WIE KORTISON, ABER 100% NAT\u00dcRLICH UND OHNE NEBENWIRKUNGEN.<\/strong><\/cite><\/blockquote>\n\n\n\n<p>Der Thermalschlamm, ein nat\u00fcrlicher Schatz, den nur die Euganeischen Inseln bieten k\u00f6nnen, enth\u00e4lt einzigartige Wirkstoffe wie MGDG, das bei Entz\u00fcndungen des menschlichen Gelenkknorpels wirksam ist. Gerade die Einzigartigkeit und der hohe therapeutische Wert der aktiven Bestandteile des Thermalschlamms haben uns veranlasst, ihn durch ein Patent zu sch\u00fctzen, ein so wertvolles Geschenk, das die Natur unserem Land machen wollte.<\/p>\n<\/div><\/div>\n\n\n\n<p><strong>Es gibt keine Kontraindikationen f\u00fcr die Anwendung des Schlamms auf metallischen Gelenkprothesen oder Schraubenplatten f\u00fcr die Osteosynthese.<\/strong><\/p>\n","protected":false},"excerpt":{"rendered":"<p>Die Thermalquellen und der aus ihnen gewonnene Heilschlamm erreichen in den Terme Euganee eine Temperatur von 87\u00b0C und sind stark mineralisiert. Das Hotel Vena d&#8217;oro verf\u00fcgt \u00fcber eine eigene Abteilung f\u00fcr Schlammbalneotherapie und ein hochspezialisiertes Team von Mitarbeitern, die unter der Aufsicht des Gesundheitsdirektors arbeiten. Das Hotel Vena d&#8217;oro ist Teil des \u00dcberwachungsnetzes O.T.P. (Permanent [&hellip;]<\/p>\n","protected":false},"author":1,"featured_media":3496,"parent":1270,"menu_order":0,"comment_status":"closed","ping_status":"closed","template":"","meta":{"_acf_changed":false,"footnotes":""},"class_list":["post-4458","page","type-page","status-publish","has-post-thumbnail","hentry"],"acf":[],"_links":{"self":[{"href":"https:\/\/venadoro.it\/de\/wp-json\/wp\/v2\/pages\/4458","targetHints":{"allow":["GET"]}}],"collection":[{"href":"https:\/\/venadoro.it\/de\/wp-json\/wp\/v2\/pages"}],"about":[{"href":"https:\/\/venadoro.it\/de\/wp-json\/wp\/v2\/types\/page"}],"author":[{"embeddable":true,"href":"https:\/\/venadoro.it\/de\/wp-json\/wp\/v2\/users\/1"}],"replies":[{"embeddable":true,"href":"https:\/\/venadoro.it\/de\/wp-json\/wp\/v2\/comments?post=4458"}],"version-history":[{"count":0,"href":"https:\/\/venadoro.it\/de\/wp-json\/wp\/v2\/pages\/4458\/revisions"}],"up":[{"embeddable":true,"href":"https:\/\/venadoro.it\/de\/wp-json\/wp\/v2\/pages\/1270"}],"wp:featuredmedia":[{"embeddable":true,"href":"https:\/\/venadoro.it\/de\/wp-json\/wp\/v2\/media\/3496"}],"wp:attachment":[{"href":"https:\/\/venadoro.it\/de\/wp-json\/wp\/v2\/media?parent=4458"}],"curies":[{"name":"wp","href":"https:\/\/api.w.org\/{rel}","templated":true}]}}