{"id":4424,"date":"2022-01-25T14:09:39","date_gmt":"2022-01-25T13:09:39","guid":{"rendered":"https:\/\/venadoro.it\/hotel\/info-di-soggiorno\/"},"modified":"2022-03-22T20:34:26","modified_gmt":"2022-03-22T20:34:26","slug":"infos-zum-aufenthalt","status":"publish","type":"page","link":"https:\/\/venadoro.it\/de\/hotel\/infos-zum-aufenthalt\/","title":{"rendered":"Info di soggiorno"},"content":{"rendered":"\n<div class=\"wp-block-columns has-black-color has-text-color is-layout-flex wp-container-core-columns-is-layout-9d6595d7 wp-block-columns-is-layout-flex\">\n<div class=\"wp-block-column is-layout-flow wp-block-column-is-layout-flow\" style=\"flex-basis:100%\">\n<div class=\"wp-block-columns is-layout-flex wp-container-core-columns-is-layout-9d6595d7 wp-block-columns-is-layout-flex\">\n<div class=\"wp-block-column is-layout-flow wp-block-column-is-layout-flow\">\n<h3 class=\"wp-block-heading\" id=\"check-in-check-out\"><mark style=\"background-color:rgba(0, 0, 0, 0)\" class=\"has-inline-color has-vivid-cyan-blue-color\">Einchecken \/ Auschecken<\/mark><\/h3>\n\n\n\n<p>Am Anreisetag steht das Zimmer ab 14:00 Uhr zur Verf\u00fcgung. Am Tag der Abreise bis 10:30 Uhr.<\/p>\n<\/div>\n\n\n\n<div class=\"wp-block-column is-layout-flow wp-block-column-is-layout-flow\">\n<h3 class=\"wp-block-heading\" id=\"late-check-out\"><mark style=\"background-color:rgba(0, 0, 0, 0)\" class=\"has-inline-color has-vivid-cyan-blue-color\">Sp\u00e4ter Check-out<\/mark><\/h3>\n\n\n\n<p>Nutzung des Zimmers bis 19:00 Uhr (nur im Falle der Verf\u00fcgbarkeit)<\/p>\n<\/div>\n<\/div>\n<\/div>\n<\/div>\n\n\n\n<div class=\"wp-block-columns is-layout-flex wp-container-core-columns-is-layout-9d6595d7 wp-block-columns-is-layout-flex\">\n<div class=\"wp-block-column is-layout-flow wp-block-column-is-layout-flow\">\n<h3 class=\"wp-block-heading\" id=\"conferma-prenotazione\"><mark style=\"background-color:rgba(0, 0, 0, 0)\" class=\"has-inline-color has-vivid-cyan-blue-color\">Buchungsbest\u00e4tigung<\/mark><\/h3>\n\n\n\n<p>Die Best\u00e4tigung der Reservierung erfolgt per E-Mail.<\/p>\n<\/div>\n\n\n\n<div class=\"wp-block-column is-layout-flow wp-block-column-is-layout-flow\">\n<h3 class=\"wp-block-heading\" id=\"condizioni-di-cancellazione\"><mark style=\"background-color:rgba(0, 0, 0, 0)\" class=\"has-inline-color has-vivid-cyan-blue-color\">Annullierungsbedingungen<\/mark><\/h3>\n\n\n\n<p>Wenn Sie Ihre Buchung per Bank\u00fcberweisung bezahlen, werden 30 % der Kosten f\u00fcr Ihren Urlaub berechnet. Kostenlose Stornierung, wenn Sie mit Kreditkarte buchen und uns innerhalb von 5 Tagen vor dem Anreisetag benachrichtigen. Nach dem f\u00fcnften Tag wird die Zahlung der ersten \u00dcbernachtung f\u00e4llig. Bei Nichterscheinen im Hotel wird der gesamte Reisepreis in Rechnung gestellt.<\/p>\n<\/div>\n<\/div>\n\n\n\n<div class=\"wp-block-columns is-layout-flex wp-container-core-columns-is-layout-9d6595d7 wp-block-columns-is-layout-flex\">\n<div class=\"wp-block-column is-layout-flow wp-block-column-is-layout-flow\">\n<h3 class=\"wp-block-heading\" id=\"diritto-di-prenotazione\"><mark style=\"background-color:rgba(0, 0, 0, 0)\" class=\"has-inline-color has-vivid-cyan-blue-color\">Vorbehaltsrechte<\/mark><\/h3>\n\n\n\n<p>Wir versichern Ihnen, dass wir bereit sind, alle zum Zeitpunkt der Buchung ge\u00e4u\u00dferten Zimmerw\u00fcnsche zu ber\u00fccksichtigen. Wir m\u00f6chten Sie jedoch darauf hinweisen, dass es nicht immer m\u00f6glich ist, die gew\u00fcnschte Zimmernummer im Voraus zu garantieren.<\/p>\n<\/div>\n\n\n\n<div class=\"wp-block-column is-layout-flow wp-block-column-is-layout-flow\">\n<h3 class=\"wp-block-heading\" id=\"parcheggio\"><mark style=\"background-color:rgba(0, 0, 0, 0)\" class=\"has-inline-color has-vivid-cyan-blue-color\">Parken<\/mark><\/h3>\n\n\n\n<p>Das Hotel Vena d&#8217;Oro verf\u00fcgt \u00fcber einen kostenlosen Parkplatz, der von den Hotelg\u00e4sten genutzt werden kann.<\/p>\n\n\n\n<p><\/p>\n<\/div>\n<\/div>\n\n\n\n<div class=\"wp-block-columns is-layout-flex wp-container-core-columns-is-layout-9d6595d7 wp-block-columns-is-layout-flex\">\n<div class=\"wp-block-column is-layout-flow wp-block-column-is-layout-flow\">\n<h3 class=\"wp-block-heading\" id=\"biciclette\"><mark style=\"background-color:rgba(0, 0, 0, 0)\" class=\"has-inline-color has-vivid-cyan-blue-color\">Fahrr\u00e4der<\/mark><\/h3>\n\n\n\n<p>Das Hotel stellt kostenlos einige Fahrr\u00e4der f\u00fcr kurze Ausfl\u00fcge in der Stadt und in der Umgebung zur Verf\u00fcgung, die an der Rezeption angefordert werden k\u00f6nnen.<br>Das Hotel haftet nicht f\u00fcr Personen- und\/oder Sachsch\u00e4den an Dritten im Falle eines Unfalls.<\/p>\n<\/div>\n\n\n\n<div class=\"wp-block-column is-layout-flow wp-block-column-is-layout-flow\">\n<h3 class=\"wp-block-heading\" id=\"piccoli-animali\"><mark style=\"background-color:rgba(0, 0, 0, 0)\" class=\"has-inline-color has-vivid-cyan-blue-color\">Kleine Tiere<\/mark><\/h3>\n\n\n\n<p>Wir akzeptieren kleine Hunde zu einem Preis von \u20ac 10,00<\/p>\n\n\n\n<p>Tiere sind in der Behandlungsabteilung, in den Schwimmb\u00e4dern, im Wellness-Center und im Speisesaal nicht erlaubt.<\/p>\n<\/div>\n<\/div>\n\n\n\n<div class=\"wp-block-columns is-layout-flex wp-container-core-columns-is-layout-9d6595d7 wp-block-columns-is-layout-flex\">\n<div class=\"wp-block-column is-layout-flow wp-block-column-is-layout-flow\">\n<h3 class=\"has-vivid-cyan-blue-color has-text-color wp-block-heading\">Telefongeb\u00fchren<\/h3>\n\n\n\n<p>F\u00fcr jeden Anruf, der von Ihrem Zimmer oder von der Lobbykabine im Hauptgeb\u00e4ude aus get\u00e4tigt wird, wird eine Geb\u00fchr erhoben.<br>Im Hauptgeb\u00e4ude wird f\u00fcr jeden Anruf, der von Ihrem Zimmer oder von der Lobbykabine aus get\u00e4tigt wird, eine Geb\u00fchr erhoben.<br>(wenn vom Zimmer aus) oder am Ende des Gespr\u00e4chs (wenn von der Sprecherkabine aus).<\/p>\n<\/div>\n\n\n\n<div class=\"wp-block-column is-layout-flow wp-block-column-is-layout-flow\">\n<h3 class=\"has-vivid-cyan-blue-color has-text-color wp-block-heading\">Connessione WIFI<\/h3>\n\n\n\n<p>Sono disponibili codici di accesso presso la Reception<\/p>\n<\/div>\n<\/div>\n\n\n\n<div class=\"wp-block-columns is-layout-flex wp-container-core-columns-is-layout-9d6595d7 wp-block-columns-is-layout-flex\">\n<div class=\"wp-block-column is-layout-flow wp-block-column-is-layout-flow\" style=\"flex-basis:100%\">\n<div class=\"wp-block-columns is-layout-flex wp-container-core-columns-is-layout-9d6595d7 wp-block-columns-is-layout-flex\">\n<div class=\"wp-block-column is-layout-flow wp-block-column-is-layout-flow\" style=\"flex-basis:50%\">\n<div class=\"wp-block-columns is-layout-flex wp-container-core-columns-is-layout-9d6595d7 wp-block-columns-is-layout-flex\">\n<div class=\"wp-block-column is-layout-flow wp-block-column-is-layout-flow\" style=\"flex-basis:100%\">\n<h3 class=\"has-vivid-cyan-blue-color has-text-color wp-block-heading\">Weckdienst<\/h3>\n\n\n\n<p>Fragen Sie an der Rezeption des Hauptgeb\u00e4udes nach.<\/p>\n<\/div>\n<\/div>\n<\/div>\n\n\n\n<div class=\"wp-block-column is-layout-flow wp-block-column-is-layout-flow\" style=\"flex-basis:50%\">\n<h3 class=\"has-vivid-cyan-blue-color has-text-color wp-block-heading\">Sicher<\/h3>\n\n\n\n<p>Die Nutzung ist kostenlos.<\/p>\n<\/div>\n<\/div>\n<\/div>\n<\/div>\n\n\n\n<div class=\"wp-block-columns is-layout-flex wp-container-core-columns-is-layout-9d6595d7 wp-block-columns-is-layout-flex\">\n<div class=\"wp-block-column is-layout-flow wp-block-column-is-layout-flow\" style=\"flex-basis:50%\">\n<div class=\"wp-block-group\"><div class=\"wp-block-group__inner-container is-layout-flow wp-block-group-is-layout-flow\">\n<h3 class=\"has-vivid-cyan-blue-color has-text-color wp-block-heading\">Kurtaxe<\/h3>\n<\/div><\/div>\n\n\n\n<p>1,5 \u20ac pro Person und Nacht bis zu einer H\u00f6chstdauer von 7 Tagen, ausgenommen Einwohner von Abano Terme,<br>Kinder unter 16 Jahren und Gruppenbusfahrer. Auf Anfrage stellen wir aus<br>Zahlungseingang.<\/p>\n<\/div>\n\n\n\n<div class=\"wp-block-column is-layout-flow wp-block-column-is-layout-flow\" style=\"flex-basis:50%\"><\/div>\n<\/div>\n","protected":false},"excerpt":{"rendered":"<p>Einchecken \/ Auschecken Am Anreisetag steht das Zimmer ab 14:00 Uhr zur Verf\u00fcgung. Am Tag der Abreise bis 10:30 Uhr. Sp\u00e4ter Check-out Nutzung des Zimmers bis 19:00 Uhr (nur im Falle der Verf\u00fcgbarkeit) Buchungsbest\u00e4tigung Die Best\u00e4tigung der Reservierung erfolgt per E-Mail. Annullierungsbedingungen Wenn Sie Ihre Buchung per Bank\u00fcberweisung bezahlen, werden 30 % der Kosten f\u00fcr [&hellip;]<\/p>\n","protected":false},"author":1,"featured_media":0,"parent":4374,"menu_order":0,"comment_status":"closed","ping_status":"closed","template":"","meta":{"_acf_changed":false,"footnotes":""},"class_list":["post-4424","page","type-page","status-publish","hentry"],"acf":[],"_links":{"self":[{"href":"https:\/\/venadoro.it\/de\/wp-json\/wp\/v2\/pages\/4424","targetHints":{"allow":["GET"]}}],"collection":[{"href":"https:\/\/venadoro.it\/de\/wp-json\/wp\/v2\/pages"}],"about":[{"href":"https:\/\/venadoro.it\/de\/wp-json\/wp\/v2\/types\/page"}],"author":[{"embeddable":true,"href":"https:\/\/venadoro.it\/de\/wp-json\/wp\/v2\/users\/1"}],"replies":[{"embeddable":true,"href":"https:\/\/venadoro.it\/de\/wp-json\/wp\/v2\/comments?post=4424"}],"version-history":[{"count":0,"href":"https:\/\/venadoro.it\/de\/wp-json\/wp\/v2\/pages\/4424\/revisions"}],"up":[{"embeddable":true,"href":"https:\/\/venadoro.it\/de\/wp-json\/wp\/v2\/pages\/4374"}],"wp:attachment":[{"href":"https:\/\/venadoro.it\/de\/wp-json\/wp\/v2\/media?parent=4424"}],"curies":[{"name":"wp","href":"https:\/\/api.w.org\/{rel}","templated":true}]}}