{"id":4406,"date":"2022-02-24T23:55:06","date_gmt":"2022-02-24T22:55:06","guid":{"rendered":"https:\/\/venadoro.it\/wellness\/massaggi\/"},"modified":"2022-03-17T21:32:49","modified_gmt":"2022-03-17T21:32:49","slug":"massagen","status":"publish","type":"page","link":"https:\/\/venadoro.it\/de\/wellness\/massagen\/","title":{"rendered":"Massagen"},"content":{"rendered":"\n<p>Lassen Sie sich von erfahrenen H\u00e4nden verw\u00f6hnen und genie\u00dfen Sie unsere Massagen. Entdecken Sie die Vorteile der beliebtesten Behandlungen unserer G\u00e4ste<\/p>\n","protected":false},"excerpt":{"rendered":"<p>Lassen Sie sich von erfahrenen H\u00e4nden verw\u00f6hnen und genie\u00dfen Sie unsere Massagen. Entdecken Sie die Vorteile der beliebtesten Behandlungen unserer G\u00e4ste<\/p>\n","protected":false},"author":2,"featured_media":4147,"parent":1627,"menu_order":2,"comment_status":"closed","ping_status":"closed","template":"templates\/lista-figlio.php","meta":{"_acf_changed":false,"footnotes":""},"class_list":["post-4406","page","type-page","status-publish","has-post-thumbnail","hentry"],"acf":[],"_links":{"self":[{"href":"https:\/\/venadoro.it\/de\/wp-json\/wp\/v2\/pages\/4406","targetHints":{"allow":["GET"]}}],"collection":[{"href":"https:\/\/venadoro.it\/de\/wp-json\/wp\/v2\/pages"}],"about":[{"href":"https:\/\/venadoro.it\/de\/wp-json\/wp\/v2\/types\/page"}],"author":[{"embeddable":true,"href":"https:\/\/venadoro.it\/de\/wp-json\/wp\/v2\/users\/2"}],"replies":[{"embeddable":true,"href":"https:\/\/venadoro.it\/de\/wp-json\/wp\/v2\/comments?post=4406"}],"version-history":[{"count":0,"href":"https:\/\/venadoro.it\/de\/wp-json\/wp\/v2\/pages\/4406\/revisions"}],"up":[{"embeddable":true,"href":"https:\/\/venadoro.it\/de\/wp-json\/wp\/v2\/pages\/1627"}],"wp:featuredmedia":[{"embeddable":true,"href":"https:\/\/venadoro.it\/de\/wp-json\/wp\/v2\/media\/4147"}],"wp:attachment":[{"href":"https:\/\/venadoro.it\/de\/wp-json\/wp\/v2\/media?parent=4406"}],"curies":[{"name":"wp","href":"https:\/\/api.w.org\/{rel}","templated":true}]}}