{"id":4394,"date":"2022-01-25T14:14:06","date_gmt":"2022-01-25T13:14:06","guid":{"rendered":"https:\/\/venadoro.it\/hotel\/la-nostra-storia\/"},"modified":"2022-03-22T20:36:51","modified_gmt":"2022-03-22T20:36:51","slug":"unsere-historie","status":"publish","type":"page","link":"https:\/\/venadoro.it\/de\/hotel\/unsere-historie\/","title":{"rendered":"unsere Historie"},"content":{"rendered":"\n<p class=\"has-text-align-center\" style=\"font-size:25px\">wir sch\u00e4tzen unsere Vergangenheit und hei\u00dfen Sie mit Leidenschaft und Professionalit\u00e4t willkommen<\/p>\n\n\n\n<p><\/p>\n\n\n\n<figure class=\"wp-block-gallery has-nested-images columns-4 is-cropped wp-block-gallery-1 is-layout-flex wp-block-gallery-is-layout-flex\">\n<figure class=\"wp-block-image size-full is-style-default\"><img decoding=\"async\" width=\"897\" height=\"673\" data-id=\"4075\" data-src=\"https:\/\/venadoro.it\/wp-content\/uploads\/2022\/02\/Immagine-2022-02-24-222007-1.jpg\" alt=\"\" class=\"wp-image-4075 lazyload\" data-srcset=\"https:\/\/venadoro.it\/wp-content\/uploads\/2022\/02\/Immagine-2022-02-24-222007-1.jpg 897w, https:\/\/venadoro.it\/wp-content\/uploads\/2022\/02\/Immagine-2022-02-24-222007-1-300x225.jpg 300w, https:\/\/venadoro.it\/wp-content\/uploads\/2022\/02\/Immagine-2022-02-24-222007-1-768x576.jpg 768w\" data-sizes=\"(max-width: 897px) 100vw, 897px\" src=\"data:image\/svg+xml;base64,PHN2ZyB3aWR0aD0iMSIgaGVpZ2h0PSIxIiB4bWxucz0iaHR0cDovL3d3dy53My5vcmcvMjAwMC9zdmciPjwvc3ZnPg==\" style=\"--smush-placeholder-width: 897px; --smush-placeholder-aspect-ratio: 897\/673;\" \/><\/figure>\n\n\n\n<figure class=\"wp-block-image size-large is-style-default\"><img decoding=\"async\" width=\"1024\" height=\"699\" data-id=\"3787\" data-src=\"https:\/\/venadoro.it\/wp-content\/uploads\/2022\/02\/1955-1024x699.jpg\" alt=\"\" class=\"wp-image-3787 lazyload\" data-srcset=\"https:\/\/venadoro.it\/wp-content\/uploads\/2022\/02\/1955-1024x699.jpg 1024w, https:\/\/venadoro.it\/wp-content\/uploads\/2022\/02\/1955-300x205.jpg 300w, https:\/\/venadoro.it\/wp-content\/uploads\/2022\/02\/1955-768x525.jpg 768w, https:\/\/venadoro.it\/wp-content\/uploads\/2022\/02\/1955-1536x1049.jpg 1536w, https:\/\/venadoro.it\/wp-content\/uploads\/2022\/02\/1955-2048x1399.jpg 2048w\" data-sizes=\"(max-width: 1024px) 100vw, 1024px\" src=\"data:image\/svg+xml;base64,PHN2ZyB3aWR0aD0iMSIgaGVpZ2h0PSIxIiB4bWxucz0iaHR0cDovL3d3dy53My5vcmcvMjAwMC9zdmciPjwvc3ZnPg==\" style=\"--smush-placeholder-width: 1024px; --smush-placeholder-aspect-ratio: 1024\/699;\" \/><\/figure>\n\n\n\n<figure class=\"wp-block-image size-full is-style-default\"><img decoding=\"async\" width=\"902\" height=\"617\" data-id=\"4023\" data-src=\"https:\/\/venadoro.it\/wp-content\/uploads\/2022\/02\/Immagine-2022-02-24-222040-1.jpg\" alt=\"\" class=\"wp-image-4023 lazyload\" data-srcset=\"https:\/\/venadoro.it\/wp-content\/uploads\/2022\/02\/Immagine-2022-02-24-222040-1.jpg 902w, https:\/\/venadoro.it\/wp-content\/uploads\/2022\/02\/Immagine-2022-02-24-222040-1-300x205.jpg 300w, https:\/\/venadoro.it\/wp-content\/uploads\/2022\/02\/Immagine-2022-02-24-222040-1-768x525.jpg 768w\" data-sizes=\"(max-width: 902px) 100vw, 902px\" src=\"data:image\/svg+xml;base64,PHN2ZyB3aWR0aD0iMSIgaGVpZ2h0PSIxIiB4bWxucz0iaHR0cDovL3d3dy53My5vcmcvMjAwMC9zdmciPjwvc3ZnPg==\" style=\"--smush-placeholder-width: 902px; --smush-placeholder-aspect-ratio: 902\/617;\" \/><\/figure>\n\n\n\n<figure class=\"wp-block-image size-large is-style-default\"><img decoding=\"async\" width=\"1024\" height=\"710\" data-id=\"3783\" data-src=\"https:\/\/venadoro.it\/wp-content\/uploads\/2022\/02\/anni-50_04-1024x710.jpg\" alt=\"\" class=\"wp-image-3783 lazyload\" data-srcset=\"https:\/\/venadoro.it\/wp-content\/uploads\/2022\/02\/anni-50_04-1024x710.jpg 1024w, https:\/\/venadoro.it\/wp-content\/uploads\/2022\/02\/anni-50_04-300x208.jpg 300w, https:\/\/venadoro.it\/wp-content\/uploads\/2022\/02\/anni-50_04-768x532.jpg 768w, https:\/\/venadoro.it\/wp-content\/uploads\/2022\/02\/anni-50_04-1536x1065.jpg 1536w, https:\/\/venadoro.it\/wp-content\/uploads\/2022\/02\/anni-50_04-2048x1420.jpg 2048w\" data-sizes=\"(max-width: 1024px) 100vw, 1024px\" src=\"data:image\/svg+xml;base64,PHN2ZyB3aWR0aD0iMSIgaGVpZ2h0PSIxIiB4bWxucz0iaHR0cDovL3d3dy53My5vcmcvMjAwMC9zdmciPjwvc3ZnPg==\" style=\"--smush-placeholder-width: 1024px; --smush-placeholder-aspect-ratio: 1024\/710;\" \/><\/figure>\n<\/figure>\n\n\n\n<p class=\"has-drop-cap\">Das Hotel Vena d&#8217;Oro hat die Geschichte von Abano im letzten Jahrhundert begleitet. Es befindet sich in einem privilegierten Gebiet aus der Sicht des Thermalismus, im Herzen des Kurortes von Abano Terme. Ber\u00fchmt f\u00fcr sein wertvolles Thermalwasser, seinen Heilschlamm, seine Parks und seinen Charme.<\/p>\n\n\n\n<p><\/p>\n\n\n\n<p><\/p>\n\n\n\n<p>Das Hotel Terme &#8222;Vena D&#8217;Oro&#8220; in Abano befindet sich in einer \u00e4u\u00dferst ruhigen Lage und bietet seinen G\u00e4sten mit modernen Einrichtungen ein ideales Umfeld f\u00fcr einen Aufenthalt der Pflege und Erholung, w\u00e4hrend ein gro\u00dfer Park mit Schwimmbad das Hotel von der Au\u00dfenwelt abschirmt. Das Hotel ist mit den modernsten Annehmlichkeiten ausgestattet und das hochqualifizierte Personal bietet einen effizienten und umfassenden Service.<\/p>\n\n\n\n<p><\/p>\n\n\n\n<div class=\"wp-block-media-text alignwide is-stacked-on-mobile\" style=\"grid-template-columns:53% auto\"><figure class=\"wp-block-media-text__media\"><img decoding=\"async\" width=\"897\" height=\"673\" data-src=\"https:\/\/venadoro.it\/wp-content\/uploads\/2022\/02\/Immagine-2022-02-24-222007-2.jpg\" alt=\"\" class=\"wp-image-4082 size-full lazyload\" data-srcset=\"https:\/\/venadoro.it\/wp-content\/uploads\/2022\/02\/Immagine-2022-02-24-222007-2.jpg 897w, https:\/\/venadoro.it\/wp-content\/uploads\/2022\/02\/Immagine-2022-02-24-222007-2-300x225.jpg 300w, https:\/\/venadoro.it\/wp-content\/uploads\/2022\/02\/Immagine-2022-02-24-222007-2-768x576.jpg 768w\" data-sizes=\"(max-width: 897px) 100vw, 897px\" src=\"data:image\/svg+xml;base64,PHN2ZyB3aWR0aD0iMSIgaGVpZ2h0PSIxIiB4bWxucz0iaHR0cDovL3d3dy53My5vcmcvMjAwMC9zdmciPjwvc3ZnPg==\" style=\"--smush-placeholder-width: 897px; --smush-placeholder-aspect-ratio: 897\/673;\" \/><\/figure><div class=\"wp-block-media-text__content\">\n<figure class=\"wp-block-pullquote\"><blockquote><p><em>St\u00e4ndige Liebe f\u00fcr die Familie<\/em><\/p><cite>1975<\/cite><\/blockquote><\/figure>\n<\/div><\/div>\n\n\n\n<div class=\"wp-block-columns alignwide are-vertically-aligned-center is-layout-flex wp-container-core-columns-is-layout-9d6595d7 wp-block-columns-is-layout-flex\">\n<div class=\"wp-block-column is-vertically-aligned-center is-layout-flow wp-block-column-is-layout-flow\" style=\"flex-basis:54%\">\n<figure class=\"wp-block-pullquote\"><blockquote><p><em>Mutter und Sohn: dieselbe Leidenschaft f\u00fcr die Gastfreundschaft, dasselbe L\u00e4cheln und dieselbe Freude zu vermitteln<\/em><\/p><cite>1988<\/cite><\/blockquote><\/figure>\n<\/div>\n\n\n\n<div class=\"wp-block-column is-vertically-aligned-center is-layout-flow wp-block-column-is-layout-flow\" style=\"flex-basis:46%\">\n<figure class=\"wp-block-image is-resized\"><img decoding=\"async\" data-src=\"https:\/\/venadoro.it\/wp-content\/uploads\/2022\/02\/Immagine-2022-02-24-223555.jpg\" alt=\"\" class=\"wp-image-4089 lazyload\" width=\"441\" height=\"298\" data-srcset=\"https:\/\/venadoro.it\/wp-content\/uploads\/2022\/02\/Immagine-2022-02-24-223555.jpg 543w, https:\/\/venadoro.it\/wp-content\/uploads\/2022\/02\/Immagine-2022-02-24-223555-300x203.jpg 300w\" data-sizes=\"(max-width: 441px) 100vw, 441px\" src=\"data:image\/svg+xml;base64,PHN2ZyB3aWR0aD0iMSIgaGVpZ2h0PSIxIiB4bWxucz0iaHR0cDovL3d3dy53My5vcmcvMjAwMC9zdmciPjwvc3ZnPg==\" style=\"--smush-placeholder-width: 441px; --smush-placeholder-aspect-ratio: 441\/298;\" \/><\/figure>\n<\/div>\n<\/div>\n\n\n\n<p>1950 begann die Familie Albertin mit dem Bau des Hotels Europa, das sp\u00e4ter von Herrn Antonio geleitet wurde, der 1952 Frau Braggin-Polina heiratete, mit der er zwei S\u00f6hne, Massimo und Marco, hatte. Im Laufe der Jahre wurde seine Frau zu einer wertvollen und unersetzlichen Mitarbeiterin ihres Mannes bei der F\u00fchrung des Unternehmens. 1957 zog das Ehepaar Albertin nach Venedig, wo sie 15 Jahre lang das Hotel &#8222;Nazionale&#8220; mit 200 Betten f\u00fchrten. Noch bedeutender war das Engagement von Frau Pauline, als sie 1964 zusammen mit ihrem Mann das Hotel &#8222;Vena D&#8217;Oro&#8220; kaufte, das sie mit gro\u00dfem Geschick bis 1971 leitete, dem Jahr, in dem sie von ihrem Mann abgel\u00f6st wurde, da er seine Verpflichtungen in Venedig beendet hatte. Die Eigent\u00fcmer begannen mit der Renovierung und dem Ausbau des Geb\u00e4udes und brachten das Hotel auf sein heutiges hervorragendes Niveau.<\/p>\n\n\n\n<p class=\"has-text-align-center\"><\/p>\n\n\n\n<div class=\"wp-block-image is-style-default\"><figure class=\"alignleft size-full is-resized\"><img decoding=\"async\" data-src=\"https:\/\/venadoro.it\/wp-content\/uploads\/2022\/02\/POST-21-giugno-2021-3-1-edited.png\" alt=\"\" class=\"wp-image-4128 lazyload\" width=\"204\" height=\"326\" data-srcset=\"https:\/\/venadoro.it\/wp-content\/uploads\/2022\/02\/POST-21-giugno-2021-3-1-edited.png 492w, https:\/\/venadoro.it\/wp-content\/uploads\/2022\/02\/POST-21-giugno-2021-3-1-edited-187x300.png 187w\" data-sizes=\"(max-width: 204px) 100vw, 204px\" src=\"data:image\/svg+xml;base64,PHN2ZyB3aWR0aD0iMSIgaGVpZ2h0PSIxIiB4bWxucz0iaHR0cDovL3d3dy53My5vcmcvMjAwMC9zdmciPjwvc3ZnPg==\" style=\"--smush-placeholder-width: 204px; --smush-placeholder-aspect-ratio: 204\/326;\" \/><\/figure><\/div>\n\n\n\n<p>Seit zwanzig Jahren wird das Hotel Terme Vena d&#8217;Oro von der zweiten Generation gef\u00fchrt. Marta und Marco f\u00fchren das Hotel mit Liebe, der gleichen Liebe, mit der Mutter Paola und Vater Antonio diesen Ort zu einem magischen Thermalparadies gemacht haben. Sie halten die wertvollen Ratschl\u00e4ge und Lehren ihrer Eltern in Ehren und geben die Familientraditionen an ihre Kinder Jacopo und Carola weiter.<\/p>\n\n\n\n<p>Jedes Jahr empfangen sie mit Hilfe ihres wertvollen Personals ihre G\u00e4ste, als ob es das erste Mal w\u00e4re: mit Begeisterung arbeiten sie daran, ihren G\u00e4sten das thermische Wohlbefinden und die famili\u00e4re Atmosph\u00e4re zu garantieren, die das Hotel Terme Vena d&#8217;Oro seit 60 Jahren auszeichnen.<\/p>\n","protected":false},"excerpt":{"rendered":"<p>wir sch\u00e4tzen unsere Vergangenheit und hei\u00dfen Sie mit Leidenschaft und Professionalit\u00e4t willkommen Das Hotel Vena d&#8217;Oro hat die Geschichte von Abano im letzten Jahrhundert begleitet. Es befindet sich in einem privilegierten Gebiet aus der Sicht des Thermalismus, im Herzen des Kurortes von Abano Terme. Ber\u00fchmt f\u00fcr sein wertvolles Thermalwasser, seinen Heilschlamm, seine Parks und seinen [&hellip;]<\/p>\n","protected":false},"author":1,"featured_media":0,"parent":4374,"menu_order":1,"comment_status":"closed","ping_status":"closed","template":"","meta":{"_acf_changed":false,"footnotes":""},"class_list":["post-4394","page","type-page","status-publish","hentry"],"acf":[],"_links":{"self":[{"href":"https:\/\/venadoro.it\/de\/wp-json\/wp\/v2\/pages\/4394","targetHints":{"allow":["GET"]}}],"collection":[{"href":"https:\/\/venadoro.it\/de\/wp-json\/wp\/v2\/pages"}],"about":[{"href":"https:\/\/venadoro.it\/de\/wp-json\/wp\/v2\/types\/page"}],"author":[{"embeddable":true,"href":"https:\/\/venadoro.it\/de\/wp-json\/wp\/v2\/users\/1"}],"replies":[{"embeddable":true,"href":"https:\/\/venadoro.it\/de\/wp-json\/wp\/v2\/comments?post=4394"}],"version-history":[{"count":0,"href":"https:\/\/venadoro.it\/de\/wp-json\/wp\/v2\/pages\/4394\/revisions"}],"up":[{"embeddable":true,"href":"https:\/\/venadoro.it\/de\/wp-json\/wp\/v2\/pages\/4374"}],"wp:attachment":[{"href":"https:\/\/venadoro.it\/de\/wp-json\/wp\/v2\/media?parent=4394"}],"curies":[{"name":"wp","href":"https:\/\/api.w.org\/{rel}","templated":true}]}}