{"id":4387,"date":"2022-01-25T14:18:32","date_gmt":"2022-01-25T13:18:32","guid":{"rendered":"https:\/\/venadoro.it\/hotel\/faq\/"},"modified":"2022-03-17T20:43:57","modified_gmt":"2022-03-17T20:43:57","slug":"faq","status":"publish","type":"page","link":"https:\/\/venadoro.it\/de\/hotel\/faq\/","title":{"rendered":"Faq"},"content":{"rendered":"\n<p class=\"has-text-align-center has-large-font-size\"><mark style=\"background-color:rgba(0, 0, 0, 0);color:#125f87\" class=\"has-inline-color\"><strong>Wann ist das Zimmer verf\u00fcgbar?<\/strong><\/mark><\/p>\n\n\n\n<h5 class=\"wp-block-heading\"><\/h5>\n\n\n\n<p class=\"has-text-align-center\">Das Zimmer ist ab 14.00 Uhr am Anreisetag verf\u00fcgbar.<\/p>\n\n\n\n<p><\/p>\n\n\n\n<p class=\"has-text-align-center\"><\/p>\n\n\n\n<hr class=\"wp-block-separator has-text-color has-background has-vivid-cyan-blue-background-color has-vivid-cyan-blue-color is-style-dots\"\/>\n\n\n\n<h2 class=\"has-text-align-center has-large-font-size wp-block-heading\" id=\"e-possibile-usufruire-delle-piscine-termali-e-della-zona-spa-dopo-il-check-out\"><mark style=\"background-color:rgba(0, 0, 0, 0);color:#125f87\" class=\"has-inline-color\"><strong>Ist es m\u00f6glich, die Thermalb\u00e4der und den Wellnessbereich nach dem Check-out zu nutzen?<\/strong><\/mark><\/h2>\n\n\n\n<p class=\"has-text-align-center\">Es ist m\u00f6glich, die Schwimmb\u00e4der und den Wellnessbereich nach dem Check-out gegen einen Aufpreis von 15,00 \u20ac pro Person zu nutzen. F\u00fcr G\u00e4ste, die einen sp\u00e4ten Check-out buchen, fallen keine zus\u00e4tzlichen Kosten an.<\/p>\n\n\n\n<hr class=\"wp-block-separator has-text-color has-background has-pale-cyan-blue-background-color has-pale-cyan-blue-color is-style-dots\"\/>\n\n\n\n<p class=\"has-text-align-center has-large-font-size\"><mark style=\"background-color:rgba(0, 0, 0, 0);color:#125f87\" class=\"has-inline-color\"><strong>Um wie viel Uhr m\u00fcssen Sie am Abreisetag das Zimmer verlassen?<\/strong><\/mark><\/p>\n\n\n\n<h4 class=\"wp-block-heading\"><\/h4>\n\n\n\n<p class=\"has-text-align-center\">Der Raum muss bis 10.30 Uhr ger\u00e4umt sein. Mit sp\u00e4tem Check-out (\u20ac 15,00 pro Person)<\/p>\n\n\n\n<hr class=\"wp-block-separator has-text-color has-background has-pale-cyan-blue-background-color has-pale-cyan-blue-color is-style-dots\"\/>\n\n\n\n<p class=\"has-text-align-center has-large-font-size\"><mark style=\"background-color:rgba(0, 0, 0, 0);color:#125f87\" class=\"has-inline-color\"><strong>Ist es m\u00f6glich, am Anreisetag in einem Restaurant zu Mittag zu essen, auch wenn das Zimmer noch nicht verf\u00fcgbar ist?<\/strong><\/mark><\/p>\n\n\n\n<h4 class=\"wp-block-heading\"><\/h4>\n\n\n\n<p class=\"has-text-align-center\">Ja, nat\u00fcrlich. Es ist m\u00f6glich, das Restaurant zu nutzen, auch wenn das Zimmer noch nicht verf\u00fcgbar ist.<\/p>\n\n\n\n<hr class=\"wp-block-separator has-text-color has-background has-pale-cyan-blue-background-color has-pale-cyan-blue-color is-style-dots\"\/>\n\n\n\n<p class=\"has-text-align-center has-large-font-size\"><mark style=\"background-color:rgba(0, 0, 0, 0);color:#125f87\" class=\"has-inline-color\"><strong>Verf\u00fcgt das Hotel \u00fcber Parkm\u00f6glichkeiten?<\/strong><\/mark><\/p>\n\n\n\n<h4 class=\"wp-block-heading\"><\/h4>\n\n\n\n<p class=\"has-text-align-center\">Es gibt 2 praktische \u00fcberdachte Parkpl\u00e4tze, die kostenlos zur Verf\u00fcgung stehen. Die beiden Eing\u00e4nge befinden sich an der Hauptstra\u00dfe auf beiden Seiten des Hotels.<\/p>\n\n\n\n<hr class=\"wp-block-separator has-text-color has-background has-pale-cyan-blue-background-color has-pale-cyan-blue-color is-style-dots\"\/>\n\n\n\n<p class=\"has-text-align-center has-large-font-size\"><mark style=\"background-color:rgba(0, 0, 0, 0);color:#125f87\" class=\"has-inline-color\"><strong>Welche Kreditkarten akzeptieren Sie?<\/strong><\/mark><\/p>\n\n\n\n<p class=\"has-text-align-center\">Mastercard, Visa<\/p>\n\n\n\n<hr class=\"wp-block-separator has-text-color has-background has-pale-cyan-blue-background-color has-pale-cyan-blue-color is-style-dots\"\/>\n\n\n\n<hr class=\"wp-block-separator has-text-color has-background has-pale-cyan-blue-background-color has-pale-cyan-blue-color is-style-dots\"\/>\n\n\n\n<p class=\"has-text-align-center has-large-font-size\"><mark style=\"background-color:rgba(0, 0, 0, 0);color:#125f87\" class=\"has-inline-color\"><strong>Sind Tiere erlaubt?<\/strong><\/mark><\/p>\n\n\n\n<p class=\"has-text-align-center\">Kleine Vierbeiner sind nat\u00fcrlich erlaubt.<\/p>\n","protected":false},"excerpt":{"rendered":"<p>Wann ist das Zimmer verf\u00fcgbar? Das Zimmer ist ab 14.00 Uhr am Anreisetag verf\u00fcgbar. Ist es m\u00f6glich, die Thermalb\u00e4der und den Wellnessbereich nach dem Check-out zu nutzen? Es ist m\u00f6glich, die Schwimmb\u00e4der und den Wellnessbereich nach dem Check-out gegen einen Aufpreis von 15,00 \u20ac pro Person zu nutzen. F\u00fcr G\u00e4ste, die einen sp\u00e4ten Check-out buchen, [&hellip;]<\/p>\n","protected":false},"author":1,"featured_media":0,"parent":4374,"menu_order":0,"comment_status":"closed","ping_status":"closed","template":"","meta":{"_acf_changed":false,"footnotes":""},"class_list":["post-4387","page","type-page","status-publish","hentry"],"acf":[],"_links":{"self":[{"href":"https:\/\/venadoro.it\/de\/wp-json\/wp\/v2\/pages\/4387","targetHints":{"allow":["GET"]}}],"collection":[{"href":"https:\/\/venadoro.it\/de\/wp-json\/wp\/v2\/pages"}],"about":[{"href":"https:\/\/venadoro.it\/de\/wp-json\/wp\/v2\/types\/page"}],"author":[{"embeddable":true,"href":"https:\/\/venadoro.it\/de\/wp-json\/wp\/v2\/users\/1"}],"replies":[{"embeddable":true,"href":"https:\/\/venadoro.it\/de\/wp-json\/wp\/v2\/comments?post=4387"}],"version-history":[{"count":0,"href":"https:\/\/venadoro.it\/de\/wp-json\/wp\/v2\/pages\/4387\/revisions"}],"up":[{"embeddable":true,"href":"https:\/\/venadoro.it\/de\/wp-json\/wp\/v2\/pages\/4374"}],"wp:attachment":[{"href":"https:\/\/venadoro.it\/de\/wp-json\/wp\/v2\/media?parent=4387"}],"curies":[{"name":"wp","href":"https:\/\/api.w.org\/{rel}","templated":true}]}}