{"id":4355,"date":"2022-01-25T14:34:06","date_gmt":"2022-01-25T13:34:06","guid":{"rendered":"https:\/\/venadoro.it\/cure\/thermal-water\/"},"modified":"2022-03-16T21:10:46","modified_gmt":"2022-03-16T21:10:46","slug":"thermal-wasser","status":"publish","type":"page","link":"https:\/\/venadoro.it\/de\/cure\/thermal-wasser\/","title":{"rendered":"Thermal Wasser"},"content":{"rendered":"\n<h2 class=\"has-text-align-center has-text-color wp-block-heading\" id=\"una-ricchezza-ed-una-risorsa-termale-unica-al-mondo\" style=\"color:#0d71ab\">Ein einzigartiger thermischer Reichtum und eine einzigartige Ressource.<\/h2>\n\n\n\n<p>Unser weltweit einzigartiges Thermalwasser wird f\u00fcr eine breite Palette von Behandlungen und Remise en Forme-Programmen, f\u00fcr Schwimmb\u00e4der, thermale Balneotherapie und Atemwegserkrankungen verwendet; es ist aber vor allem die Grundlage f\u00fcr den Reifungs-, Konservierungs- und Regenerationsprozess des Thermalschlamms, der aufgrund seiner thermomineralischen Eigenschaften und seiner entz\u00fcndungshemmenden und schmerzlindernden F\u00e4higkeiten unvergleichlich ist. Der Schlamm wird etwa zwei Monate lang in speziellen Becken gelagert, wo er in das Thermalwasser getaucht wird, das zusammen mit den in ihm enthaltenen Bestandteilen und dem Sonnenlicht jene Algen entwickelt, die die entz\u00fcndungshemmenden Substanzen synthetisieren, die ihn aus therapeutischer Sicht einzigartig machen.<\/p>\n\n\n\n<p><\/p>\n\n\n\n<p>Das Thermalwasser der Euganeischen Thermen versickert in den unber\u00fchrten Becken der Voralpen in einer H\u00f6he von etwa 2000 m: Eingehende Untersuchungen der Universit\u00e4t Padua und des Zentrums f\u00fcr Thermalstudien Pietro D&#8217;Abano haben ergeben, dass das Thermalwasser im Untergrund der Euganeischen H\u00fcgel tats\u00e4chlich aus den Niederschl\u00e4gen stammt, die in den Kleinen Dolomiten und den Voralpen, insbesondere in den Lessini-Bergen bei Verona, fallen.\u00a0Sie m\u00fcssen dann unterirdisch etwa 80 km in einer Tiefe von 3000 Metern flie\u00dfen, bevor sie die wertvollen Quellen erreichen (die wichtigsten Thermalquellen flie\u00dfen dann im Gebiet von Poggio di Montirone in Abano Terme).<\/p>\n\n\n\n<figure class=\"wp-block-image size-large\"><img decoding=\"async\" width=\"1024\" height=\"578\" data-src=\"https:\/\/venadoro.it\/wp-content\/uploads\/2022\/02\/Acqua-Termale-Abano-Montegrotto-Terme1-1024x578.png\" alt=\"\" class=\"wp-image-3531 lazyload\" data-srcset=\"https:\/\/venadoro.it\/wp-content\/uploads\/2022\/02\/Acqua-Termale-Abano-Montegrotto-Terme1-1024x578.png 1024w, https:\/\/venadoro.it\/wp-content\/uploads\/2022\/02\/Acqua-Termale-Abano-Montegrotto-Terme1-300x169.png 300w, https:\/\/venadoro.it\/wp-content\/uploads\/2022\/02\/Acqua-Termale-Abano-Montegrotto-Terme1-768x434.png 768w, https:\/\/venadoro.it\/wp-content\/uploads\/2022\/02\/Acqua-Termale-Abano-Montegrotto-Terme1-1536x867.png 1536w, https:\/\/venadoro.it\/wp-content\/uploads\/2022\/02\/Acqua-Termale-Abano-Montegrotto-Terme1.png 1828w\" data-sizes=\"(max-width: 1024px) 100vw, 1024px\" src=\"data:image\/svg+xml;base64,PHN2ZyB3aWR0aD0iMSIgaGVpZ2h0PSIxIiB4bWxucz0iaHR0cDovL3d3dy53My5vcmcvMjAwMC9zdmciPjwvc3ZnPg==\" style=\"--smush-placeholder-width: 1024px; --smush-placeholder-aspect-ratio: 1024\/578;\" \/><\/figure>\n\n\n\n<p>Auf seinem jahrtausendelangen Weg durch das kalkhaltige Gestein und unter starkem Druck erreicht das mit geothermischer Energie geladene Regenwasser an manchen Stellen Temperaturen von 200\u00b0C, k\u00fchlt sich dann beim Aufsteigen in den Boden ab, wo es mit 87\u00b0C heraussprudelt und mit bestimmten Mineralsalzen angereichert wird, die f\u00fcr die Bildung der besonderen Mikroflora, aus der der ber\u00fchmte Schlamm besteht, von grundlegender Bedeutung und besonders n\u00fctzlich sind: Natrium, Kalium, Magnesium, Jod, Brom und Silizium (Brom hat eine entspannende Wirkung und Jod regt die Schilddr\u00fcsent\u00e4tigkeit an).<\/p>\n\n\n\n<hr class=\"wp-block-separator has-text-color has-background has-pale-cyan-blue-background-color has-pale-cyan-blue-color is-style-dots\"\/>\n\n\n\n<pre class=\"wp-block-verse\" style=\"font-style:normal;font-weight:300\"><em><strong>LEGEND<\/strong><\/em><strong><em>E<\/em><\/strong>\n\nDie Legende besagt, dass der mythische Herkules, nachdem er mit seinen heldenhaften griechischen Gef\u00e4hrten aufgebrochen war, um Geryon zu bek\u00e4mpfen, ersch\u00f6pft und m\u00fcde war, nachdem er ihn get\u00f6tet hatte, durch die wundersamen Tugenden des warmen Wassers wiederhergestellt wurde und nie mehr nach Griechenland zur\u00fcckkehren wollte, angezogen von der Sch\u00f6nheit der H\u00fcgel, und sich dort niederlie\u00df. Die H\u00fcgel wurden wegen des Adels ihrer Abstammung Euganeer genannt (\"Euganeer\" soll vom griechischen \"von edlem Geschlecht\" abgeleitet sein). Die Quelle, die den Kriegern so viel Erleichterung verschafft hatte, wurde auf Griechisch Aponon genannt. Herkules selbst errichtete ihm zu Ehren einen Tempel in Abano, um das an Geryon begangene \u00dcbel zu tilgen, und erm\u00f6glichte es ihm, ein wahres Orakel zu werden. Wie Suetonius schreibt, war diese Legende in der r\u00f6mischen Welt wohlbekannt; so wollte Kaiser Tiberius, als er eines Tages nach Illyrien reiste, dieses ber\u00fchmte Orakel anh\u00f6ren und erhielt eine zwingende Antwort, n\u00e4mlich dass er goldene W\u00fcrfel in die Quelle werfen m\u00fcsse, wo sich heute Abano befindet, um das Schicksal zu erfahren, das ihn erwartete. Die Legende besagt, dass die geworfenen W\u00fcrfel das Wasser wertvoll machten und ihm ungew\u00f6hnliche Eigenschaften zur Heilung verschiedener Krankheiten verliehen.<\/pre>\n\n\n\n<hr class=\"wp-block-separator has-text-color has-background has-pale-cyan-blue-background-color has-pale-cyan-blue-color is-style-dots\"\/>\n\n\n\n<blockquote class=\"wp-block-quote has-text-align-right is-style-large is-layout-flow wp-block-quote-is-layout-flow\"><p><strong>\u201cDas ganze &#8222;Gl\u00fcck&#8220; des venezianischen Charakters l\u00e4sst sich mit den Gew\u00e4ssern erkl\u00e4ren.\u201d<\/strong><\/p><p><\/p><cite><em>Stendhal, 1817<\/em><\/cite><\/blockquote>\n","protected":false},"excerpt":{"rendered":"<p>Ein einzigartiger thermischer Reichtum und eine einzigartige Ressource. Unser weltweit einzigartiges Thermalwasser wird f\u00fcr eine breite Palette von Behandlungen und Remise en Forme-Programmen, f\u00fcr Schwimmb\u00e4der, thermale Balneotherapie und Atemwegserkrankungen verwendet; es ist aber vor allem die Grundlage f\u00fcr den Reifungs-, Konservierungs- und Regenerationsprozess des Thermalschlamms, der aufgrund seiner thermomineralischen Eigenschaften und seiner entz\u00fcndungshemmenden und schmerzlindernden [&hellip;]<\/p>\n","protected":false},"author":1,"featured_media":3524,"parent":1270,"menu_order":0,"comment_status":"closed","ping_status":"closed","template":"","meta":{"_acf_changed":false,"footnotes":""},"class_list":["post-4355","page","type-page","status-publish","has-post-thumbnail","hentry"],"acf":[],"_links":{"self":[{"href":"https:\/\/venadoro.it\/de\/wp-json\/wp\/v2\/pages\/4355","targetHints":{"allow":["GET"]}}],"collection":[{"href":"https:\/\/venadoro.it\/de\/wp-json\/wp\/v2\/pages"}],"about":[{"href":"https:\/\/venadoro.it\/de\/wp-json\/wp\/v2\/types\/page"}],"author":[{"embeddable":true,"href":"https:\/\/venadoro.it\/de\/wp-json\/wp\/v2\/users\/1"}],"replies":[{"embeddable":true,"href":"https:\/\/venadoro.it\/de\/wp-json\/wp\/v2\/comments?post=4355"}],"version-history":[{"count":0,"href":"https:\/\/venadoro.it\/de\/wp-json\/wp\/v2\/pages\/4355\/revisions"}],"up":[{"embeddable":true,"href":"https:\/\/venadoro.it\/de\/wp-json\/wp\/v2\/pages\/1270"}],"wp:featuredmedia":[{"embeddable":true,"href":"https:\/\/venadoro.it\/de\/wp-json\/wp\/v2\/media\/3524"}],"wp:attachment":[{"href":"https:\/\/venadoro.it\/de\/wp-json\/wp\/v2\/media?parent=4355"}],"curies":[{"name":"wp","href":"https:\/\/api.w.org\/{rel}","templated":true}]}}