{"id":3049,"date":"2009-10-29T12:56:27","date_gmt":"2009-10-29T12:56:27","guid":{"rendered":"https:\/\/venadoro.it\/home\/"},"modified":"2022-01-11T14:59:47","modified_gmt":"2022-01-11T14:59:47","slug":"home","status":"publish","type":"page","link":"https:\/\/venadoro.it\/de\/home\/","title":{"rendered":"Home"},"content":{"rendered":"<p>Im\u00a0<strong>Hotel Vena d\u2019Oro<\/strong>\u00a0entdecken Sie, inmitten des Gr\u00fcns der Natur, ein mit jeglichem Komfort ausgestattetes Milieu und\u00a0<strong>drei ganz neu Thermalschwimmb\u00e4dern<\/strong>\u00a0(zwei Frei- und ein Hallenbad, miteinander verbunden), mit Hydromassage Whirlpool.<br \/>\nUnter\u00a0<strong>fach\u00e4rztlicher\u00a0<\/strong>F\u00fchrung k\u00f6nnen Sie Fangopackungen genie\u00dfen.\u00a0<strong>Der reife Fango<\/strong>\u00a0ist der einzige mit dem europ\u00e4ischen Patent \u201cEuropean Patent Pending n\u00b0 1571203\u2033.<\/p>\n<p>Neue Forschungsarbeiten und Studien best\u00e4tigen die au\u00dfergew\u00f6hnlichen entz\u00fcndungshemmenden Eigenschaften des Thermalschlamms von Abano Terme, ohne die Nebenwirkungen der herk\u00f6mmlich gebrauchten Arzneimittel. Die Behandlungen beruhend auf Thermalschlamm sind besonders geeignet bei Problemen hinsichtlich Gelenkentz\u00fcndungen, Arthrose, Zervikalschmerzen und Rheuma.<br \/>\nF\u00fcr eine psychophysische Regeneration bieten wir eine umfangreiche Auswahl an\u00a0<strong>Behandlungen im Bereich der Sch\u00f6nheit und \u00c4sthetik<\/strong>, die, dank der qualitativen Vollwertigkeit unserer Thermalmittel, Ihrem K\u00f6rper Energie, Kraft und Wohlbefinden zur\u00fcckerstatten werden.<br \/>\nUnter\u00a0<strong>unseren Angeboten<\/strong>: vorteilhafte Pakete \u201cRemise en Forme\u201d und \u201cRelax\u201d, Massagen und Wassergymnastik.<\/p>\n","protected":false},"excerpt":{"rendered":"<p>Im\u00a0Hotel Vena d\u2019Oro\u00a0entdecken Sie, inmitten des Gr\u00fcns der Natur, ein mit jeglichem Komfort ausgestattetes Milieu und\u00a0drei ganz neu Thermalschwimmb\u00e4dern\u00a0(zwei Frei- und ein Hallenbad, miteinander verbunden), mit Hydromassage Whirlpool. Unter\u00a0fach\u00e4rztlicher\u00a0F\u00fchrung k\u00f6nnen Sie Fangopackungen genie\u00dfen.\u00a0Der reife Fango\u00a0ist der einzige mit dem europ\u00e4ischen Patent \u201cEuropean Patent Pending n\u00b0 1571203\u2033. Neue Forschungsarbeiten und Studien best\u00e4tigen die au\u00dfergew\u00f6hnlichen entz\u00fcndungshemmenden Eigenschaften [&hellip;]<\/p>\n","protected":false},"author":1,"featured_media":0,"parent":0,"menu_order":0,"comment_status":"closed","ping_status":"closed","template":"","meta":{"_acf_changed":false,"footnotes":""},"class_list":["post-3049","page","type-page","status-publish","hentry"],"acf":[],"_links":{"self":[{"href":"https:\/\/venadoro.it\/de\/wp-json\/wp\/v2\/pages\/3049","targetHints":{"allow":["GET"]}}],"collection":[{"href":"https:\/\/venadoro.it\/de\/wp-json\/wp\/v2\/pages"}],"about":[{"href":"https:\/\/venadoro.it\/de\/wp-json\/wp\/v2\/types\/page"}],"author":[{"embeddable":true,"href":"https:\/\/venadoro.it\/de\/wp-json\/wp\/v2\/users\/1"}],"replies":[{"embeddable":true,"href":"https:\/\/venadoro.it\/de\/wp-json\/wp\/v2\/comments?post=3049"}],"version-history":[{"count":0,"href":"https:\/\/venadoro.it\/de\/wp-json\/wp\/v2\/pages\/3049\/revisions"}],"wp:attachment":[{"href":"https:\/\/venadoro.it\/de\/wp-json\/wp\/v2\/media?parent=3049"}],"curies":[{"name":"wp","href":"https:\/\/api.w.org\/{rel}","templated":true}]}}