{"id":173,"date":"2010-03-14T15:10:50","date_gmt":"2010-03-14T14:10:50","guid":{"rendered":"https:\/\/www.venadoro.it\/de\/?page_id=173"},"modified":"2022-01-12T08:12:18","modified_gmt":"2022-01-12T08:12:18","slug":"im-vollpensionpreis-sind-inbegriffen","status":"publish","type":"page","link":"https:\/\/venadoro.it\/de\/im-vollpensionpreis-sind-inbegriffen\/","title":{"rendered":"Im Vollpensionpreis sind inbegriffen"},"content":{"rendered":"<p>&#8211; Zimmer mit Bad oder Dusche, Fernseher, Safe, Telefon, F\u00f6n,&nbsp;K\u00fchlschrank,&nbsp;Klimaanlage im Sommer<br \/>\n&#8211; Fr\u00fchst\u00fccksbuffet mit gro\u00dfer Auswahl an M\u00fcsli, Joghurt, Aufschnitt, K\u00e4se, S\u00e4fte;<br \/>\n&#8211; Salat Buffet am Mittag-und Abendessen, Wahl zwischen 4 Vorspeisen und 4 Hauptgerichten, Desserts oder Fr\u00fcchte;<br \/>\n&#8211; W\u00f6chentliche Unterhaltung : Abendessen bei Kerzenlicht, Tanzabend mit Live-Musik, Abendessen mit regionalen Spezialit\u00e4ten<br \/>\n&#8211; K\u00f6rperliche Aktivit\u00e4ten: Wasser-Gymnastik mit Musik, vom Montag bis&nbsp;Samstag nachmittags<br \/>\n&#8211; Thermalb\u00e4der mit einer konstanten Temperatur von 34-35 \u00b0;<br \/>\n&#8211; Sitzb\u00e4nke mit Whirlpools Hydromassagen, Wasser Klinge Weg und Reaktivierung Kreislauf-Freibad;<br \/>\n&#8211; Wellness-Center mit Sauna, t\u00fcrkischem Bad und Kneipp-\u00e4sthetische;<br \/>\n&#8211; Fr\u00fchst\u00fcck Zimmer ohne Aufpreis;<br \/>\n&#8211; Von Fahrr\u00e4dern, um rund um in der Stadt und H\u00fcgelland;<br \/>\n&#8211; Frei Wifi verbindung;<\/p>\n","protected":false},"excerpt":{"rendered":"<p>&#8211; Zimmer mit Bad oder Dusche, Fernseher, Safe, Telefon, F\u00f6n,&nbsp;K\u00fchlschrank,&nbsp;Klimaanlage im Sommer &#8211; Fr\u00fchst\u00fccksbuffet mit gro\u00dfer Auswahl an M\u00fcsli, Joghurt, Aufschnitt, K\u00e4se, S\u00e4fte; &#8211; Salat Buffet am Mittag-und Abendessen, Wahl zwischen 4 Vorspeisen und 4 Hauptgerichten, Desserts oder Fr\u00fcchte; &#8211; W\u00f6chentliche Unterhaltung : Abendessen bei Kerzenlicht, Tanzabend mit Live-Musik, Abendessen mit regionalen Spezialit\u00e4ten &#8211; K\u00f6rperliche [&hellip;]<\/p>\n","protected":false},"author":1,"featured_media":2608,"parent":0,"menu_order":0,"comment_status":"closed","ping_status":"closed","template":"","meta":{"_acf_changed":false,"footnotes":""},"class_list":["post-173","page","type-page","status-publish","has-post-thumbnail","hentry"],"acf":[],"_links":{"self":[{"href":"https:\/\/venadoro.it\/de\/wp-json\/wp\/v2\/pages\/173","targetHints":{"allow":["GET"]}}],"collection":[{"href":"https:\/\/venadoro.it\/de\/wp-json\/wp\/v2\/pages"}],"about":[{"href":"https:\/\/venadoro.it\/de\/wp-json\/wp\/v2\/types\/page"}],"author":[{"embeddable":true,"href":"https:\/\/venadoro.it\/de\/wp-json\/wp\/v2\/users\/1"}],"replies":[{"embeddable":true,"href":"https:\/\/venadoro.it\/de\/wp-json\/wp\/v2\/comments?post=173"}],"version-history":[{"count":0,"href":"https:\/\/venadoro.it\/de\/wp-json\/wp\/v2\/pages\/173\/revisions"}],"wp:featuredmedia":[{"embeddable":true,"href":"https:\/\/venadoro.it\/de\/wp-json\/"}],"wp:attachment":[{"href":"https:\/\/venadoro.it\/de\/wp-json\/wp\/v2\/media?parent=173"}],"curies":[{"name":"wp","href":"https:\/\/api.w.org\/{rel}","templated":true}]}}