{"id":1627,"date":"2015-03-20T10:10:06","date_gmt":"2015-03-20T10:10:06","guid":{"rendered":"https:\/\/www.venadoro.it\/?page_id=1627"},"modified":"2022-03-30T09:57:13","modified_gmt":"2022-03-30T09:57:13","slug":"wellness","status":"publish","type":"page","link":"https:\/\/venadoro.it\/de\/wellness\/","title":{"rendered":"Wellness"},"content":{"rendered":"<p><strong>\u201eRelax und Wellness\u201c<\/strong><\/p>\n<p>F\u00fcr ein harmonisches Verh\u00e4ltnis zwischen K\u00f6rper und Geist bietet unser Wellnesscenter verschiedene \u00c4sthetikbehandlungen. Die Heilschlamm-Balneotherapie im Hotel Vena d\u2019Oro kann problemlos mit diesen Behandlungen erg\u00e4nzt werden. Erleben Sie Relax pur!<\/p>\n<p><strong>\u201eSauna und Dampfbad\u201c<\/strong><\/p>\n<p>Unser neues Wellnesscenter ist der ideale Ort, um sich auf nat\u00fcrliche Weise zu entspannen. Im Bereich des \u00fcberdachten Pools gibt es eine Sauna, ein Dampfbad und einen Kneippverlauf. Dazu gibt es eine erholsame Nebeldusche f\u00fcr entspannende Momente.<\/p>\n<p><strong>Fango-b\u00e4dertherapie<\/strong><\/p>\n<p>* Zyklus der Behandlungen: 12 Tage ( t\u00e4glich )<br \/>\n* Fangotherapie: Dauer 20 Minuten \u2013 Temperatur 39-40\u00b0C<br \/>\n* (der Thermalschlamm wird auf die betroffenen Gelenke des K\u00f6rpers aufgetragen, wie auf einem eigens dazu bestimmten Formular mitgeteilt, das vom verantwortlichen Thermalarzt des Hotels w\u00e4hrend der obligatorischen Voruntersuchung zur Zulassung und Eignung zur Kur ausgef\u00fcllt wurde)<br \/>\n* B\u00e4dertherapie: Dauer 12-15 Minuten \u2013 Temperatur 38-39\u00b0C<\/p>\n<p><strong>B\u00e4dertherapie<\/strong><br \/>\n* Le bain thermal consiste \u00e0 immerger le corps dans une baignoire contenant de l\u2019eau thermale chaude, que l\u2019on fait couler avant que le patient n\u2019y entre.<br \/>\n* Das f\u00fcr das Euganeische Becken typische Salz-Brom-Jod-Thermalwasser, das bei der B\u00e4dertherapie verwendet wird, weist eine Temperatur zwischen 36-38\u00b0C auf; eine Behandlung dauert ca. 15 Minuten; insgesamt umfasst eine Kur 12 B\u00e4der, die im Tagesrhythmus verabreicht werden. Fast immer folgt das Heilbad auf die fangotherapeutische Sitzung.<br \/>\n* Das Heilbad \u00fcbt Wirkungen aus, die einerseits mit den mechanischen Einfl\u00fcssen des Wassers und dem hydrostatischen Druck in Verbindung stehen<br \/>\n* (ven\u00f6ser R\u00fcckkreislauf, Muskelentspannung, Ansprechen der Empfindungs- und Pressorezeptoren der Kutis) und andererseits von den chemisch-physikalischen Eigenschaften des Wassers abh\u00e4ngen.<br \/>\n* Die Thermalwassertemperatur im Euganeischen Becken bedingt in erster Linie eine Gef\u00e4\u00dferweiterung auf Haut- und Muskelebene, beg\u00fcnstigt die Entspannung von gezerrter und glatter Muskulatur (mit Verringerung des arteri\u00f6sen Blutdrucks) und f\u00fchrt zur Schmerzlinderung.<br \/>\n* Hinzu kommen bestimmte hormonelle, biochemische und neurovegetative Stimuli, die von der chemischen Zusammensetzung des Mineralwassers abh\u00e4ngen und die vollst\u00e4ndige Wiederherstellung des Wohlbefindens und der Funktionalit\u00e4t des Bewegungsapparates, der Haut und des arterioven\u00f6sen Bereichs erg\u00e4nzen bzw. verst\u00e4rken.<\/p>\n<p><strong>Physiotherapie<\/strong><\/p>\n<p>Physiotherapie ist die Entwicklung, Erhaltung und Wiederherstellung der Beweglichkeit und der Funktion des gesamten Lebens, insbesondere in jenen F\u00e4llen, in denen sie durch ein Trauma, Krankheit, umweltbedingte Faktoren, Alter gef\u00e4hrdet sind.<\/p>\n<p>Die Physiotherapie ist bei der Ermittlung und Maximierung der Qualit\u00e4t des Lebens und der Bewegung in den Bereichen Gesundheitsf\u00f6rderung, Pr\u00e4vention, Behandlung \/ Intervention, Habilitation und Rehabilitation betrifft.<\/p>\n<p>Der Physiotherapeut nutzt die Anamnese, die k\u00f6rperliche Untersuchung und bei Bedarf die Ergebnisse der Laboruntersuchungen (R\u00f6ntgen, Ultraschall, Elektromyographie, etc..) um eine Diagnose und einen Behandlungsplan haben.<\/p>\n<p><strong>Bewegungstherapie in thermalwasser<\/strong><br \/>\n* Auch wenn man kann sagen, dass im Rahmen der Kurmedizin praktisch alle Methoden der Physiokinesiotherapie anwendbar sind, so ist es doch angebracht hervorzuheben, dass die am meisten angewandte Form die Bewegungstherapie unter Wasser ist, auch weil ausreichend nat\u00fcrliche Ressourcen und Einrichtungen, n\u00e4mlich Thermalschwimmb\u00e4der, vorhanden sind.<br \/>\n* Die Hydrokinesiotherapie macht sich die chemischen und physikalischen Eigenschaften des Wassers zu Heilzwecken zunutze und wird in den verschiedensten Bereichen der Rehabilitation eingesetzt: in der Orthop\u00e4die, Traumatologie, Rheumatologie und Neurologie.<br \/>\n* Die Immersion in Thermalwasser-Pools gestattet dank der spezifischen chemischen Zusammensetzung und Temperatur des Wassers eine sanfte und schrittweise Wiederaufnahme der Muskel\u00fcbung; bei gro\u00dfer wohltuender Wirkung und geringer Anstrengung k\u00f6nnen die ersten Phasen der Bewegungsrehabilitation durchgef\u00fchrt werden, um in der Folge zu Aktivit\u00e4ten \u00fcberzugehen, die auch f\u00fcr die Zeit nach dem Kuraufenthalt zu verschreiben sind.<br \/>\n* Muss ein Patient das Gehen wiedererlernen, ist eine Bewegungstherapie im Wasser sicher angezeigt: der auf alle K\u00f6rperteile gleichf\u00f6rmig verteilte Druck des Thermalwassers unterst\u00fctzt den Patienten bei der aufrechten Haltung und gestattet es zusammen mit dem auftriebsbedingt erleichterten Gewicht, das Wiedererlernen des Gehens zu beschleunigen (wenn nur Kopf und Hals \u00fcber Wasser sind, ist das K\u00f6rpergewicht um etwa 90 % geringer).<br \/>\n* Die Hydrokinesiotherapie ist ebenso von gro\u00dfem Wert, wenn es darum geht, St\u00f6rungen wie: Muskelsteife, Schmerzen, Kr\u00e4mpfe nach Anstrengung zu beheben \u2013 allesamt Faktoren, die schwere funktionelle Einschr\u00e4nkungen bedingen k\u00f6nnen.<br \/>\n* Die Hydrokinesiotherapie lindert Schmerzen, entspannt die Muskel, drainiert geschwollene oder \u00f6demat\u00f6se Zonen und beg\u00fcnstigt das Wiedererlernen der Bewegung.<br \/>\n* In der Rehabilitationsstrategie k\u00f6nnen das Ansprechen einer gro\u00dfen Anzahl von Gelenken und Muskeln sowie ein stufenweiser Aufbau der \u00dcbung von Dauer und Intensit\u00e4t her programmiert werden, wobei der Auftrieb zun\u00e4chst genutzt wird, um die Bewegung zu tragen, dann um sie zu unterst\u00fctzen und schlie\u00dflich als Widerstand, bis sich die maximale Muskelreaktion einstellt.<br \/>\n* Hieraus wird klar, dass dies alles von enormer Bedeutung ist, wenn die Funktionalit\u00e4t des Bewegungsapparates rehabilitiert, gef\u00f6rdert und aufrecht erhalten werden soll, abgesehen davon, dass sich die Dauer der Rehabilitation von \u00fcberbeanspruchten oder verletzten Gelenken wesentlich verk\u00fcrzt..<\/p>\n<p><strong><br \/>\nWassergymnastik (acqua-gym)<\/strong><\/p>\n<p>Gymnastik im Wasser ist eine komplexe Reihe von \u00dcbungen, die zusammengef\u00fcgt die Ergebnisse sehr befriedigend zu bringen, sowohl im Hinblick auf die Straffung des Muskeltonus in seiner kritischen Punkte unseres K\u00f6rpers.<\/p>\n<p><strong>Lymphdrainage massage<\/strong><\/p>\n<p>Die Lymphdrainage ist eine besondere Art der Massage in den Bereichen des K\u00f6rpers mit einer \u00fcberm\u00e4\u00dfigen Senkung der Lymphzirkulation praktiziert. Eine tr\u00e4ge Lymphe selbst kann zu schweren St\u00f6rungen, die Funktionen der Lymphe verursachen:<br \/>\n* Schutz<br \/>\n* Ern\u00e4hrung<br \/>\n* Reinigung.<\/p>\n<p>Um nicht in eine dieser oben genannten Funktionen versagen, ist das gutes lymphatische System notwendig, um einen konstanten Durchfluss und Entfernung eines stagnierenden gew\u00e4hrleisten.<br \/>\nEs wird gezeigt, zum Beispiel zur Behandlung von Cellulite und \u00d6deme zu behandeln.<\/p>\n<p><strong>Shiatsu<\/strong><\/p>\n<p>Shiatsu ist eine manuelle Technik, vor allem auf die Str\u00f6mung Druck mit Daumen basiert, Fingern, Handfl\u00e4chen, Ellenbogen, Knien oder F\u00fc\u00dfen. Effektiver Druck wird durch f\u00fcnf Faktoren gekennzeichnet, die immer vorhanden sein m\u00fcssen:<br \/>\n1. Verwenden Sie das richtige Werkzeug an die Arbeit<br \/>\n2. richtige Position Betreiber<br \/>\n3. korrekte Identifizierung der Fl\u00e4che, auf denen zu bedienen<br \/>\n4. Aufmerksamkeit des Bedieners<br \/>\n5. Druck im drei Phasen: Eingang, Stasis, Ausgang<br \/>\nDies erm\u00f6glicht, indem Sie Ihre Energie-Ebene tiefer und somit alle Aspekte der Realit\u00e4t, um bei der Aufnahme ihrer Heilkraft wecken. In der traditionellen chinesischen Medizin (TCM) Psyche und Soma noch nie geteilt worden und dies ist einer der fundamentalen Unterschied zur westlichen Medizin.<\/p>\n<p><strong>Fussreflexzonenmassage<\/strong><\/p>\n<p>Die Fu\u00dfreflexzonenmassage ist ein Zweig der traditionellen chinesischen Medizin gr\u00fcndet auf die Massage und so auf die Fu\u00dfsohlen.<\/p>\n<p>Focusing daher auf die zonale Massagetechnik nutzt den Reichtum dieser Nerven in den F\u00fc\u00dfen, um Krankheiten zu heilen oder Schmerzen lindern, indem Sie in strategischen Bereichen: Diese sind Reflexpunkte im ganzen K\u00f6rper, durch den Reiz Gesetz \u00fcber die Organe, die innere Ausstattung, Dr\u00fcsen und das Nervensystem zu reinigen und den K\u00f6rper im Gleichgewicht der vitalen Energie, Energie freisetzen Kan\u00e4le blockiert.<\/p>\n<p><strong>Massagen<\/strong><\/p>\n<p>Wir haben verschiedene K\u00f6rperbehandlungen wie z. B. Sportlermassagen, Anti-stress, Anti-cellulitis, Straffende- und Bindegewebsbehandlungen , Entspannende, Massage mit heissen Essenz\u00f6len. Kontaktieren Sie uns f\u00fcr weitere Informationen<\/p>\n","protected":false},"excerpt":{"rendered":"<p>\u201eRelax und Wellness\u201c F\u00fcr ein harmonisches Verh\u00e4ltnis zwischen K\u00f6rper und Geist bietet unser Wellnesscenter verschiedene \u00c4sthetikbehandlungen. Die Heilschlamm-Balneotherapie im Hotel Vena d\u2019Oro kann problemlos mit diesen Behandlungen erg\u00e4nzt werden. Erleben Sie Relax pur! \u201eSauna und Dampfbad\u201c Unser neues Wellnesscenter ist der ideale Ort, um sich auf nat\u00fcrliche Weise zu entspannen. Im Bereich des \u00fcberdachten Pools [&hellip;]<\/p>\n","protected":false},"author":1,"featured_media":4147,"parent":0,"menu_order":0,"comment_status":"closed","ping_status":"closed","template":"templates\/lista.php","meta":{"_acf_changed":false,"footnotes":""},"class_list":["post-1627","page","type-page","status-publish","has-post-thumbnail","hentry"],"acf":[],"_links":{"self":[{"href":"https:\/\/venadoro.it\/de\/wp-json\/wp\/v2\/pages\/1627","targetHints":{"allow":["GET"]}}],"collection":[{"href":"https:\/\/venadoro.it\/de\/wp-json\/wp\/v2\/pages"}],"about":[{"href":"https:\/\/venadoro.it\/de\/wp-json\/wp\/v2\/types\/page"}],"author":[{"embeddable":true,"href":"https:\/\/venadoro.it\/de\/wp-json\/wp\/v2\/users\/1"}],"replies":[{"embeddable":true,"href":"https:\/\/venadoro.it\/de\/wp-json\/wp\/v2\/comments?post=1627"}],"version-history":[{"count":0,"href":"https:\/\/venadoro.it\/de\/wp-json\/wp\/v2\/pages\/1627\/revisions"}],"wp:featuredmedia":[{"embeddable":true,"href":"https:\/\/venadoro.it\/de\/wp-json\/wp\/v2\/media\/4147"}],"wp:attachment":[{"href":"https:\/\/venadoro.it\/de\/wp-json\/wp\/v2\/media?parent=1627"}],"curies":[{"name":"wp","href":"https:\/\/api.w.org\/{rel}","templated":true}]}}