{"id":145,"date":"2010-02-18T11:42:47","date_gmt":"2010-02-18T10:42:47","guid":{"rendered":"https:\/\/www.venadoro.it\/de\/?page_id=145"},"modified":"2010-02-19T14:24:26","modified_gmt":"2010-02-19T14:24:26","slug":"bedingungen-der-spezialangebote","status":"publish","type":"page","link":"https:\/\/venadoro.it\/de\/bedingungen-der-spezialangebote\/","title":{"rendered":"Bedingungen der Spezialangebote"},"content":{"rendered":"<ul>\n<li>Einschlie\u00dflich Zutritt zu den Schwimmb\u00e4dern, Sauna, t\u00fcrkisches Dampfbad und Kneipp Strecke;<\/li>\n<li>Benutzung der Fahrr\u00e4der (unter Vorbehalt der Verf\u00fcgbarkeit);<\/li>\n<li>Preis pro Person in Doppelzimmer mit Balkon;<\/li>\n<li>Zuschlag f\u00fcr Einzelzimmer \u20ac 6,00 pro Tag;<\/li>\n<li>Frei Wifi verbindung<\/li>\n<li>Ankunft vor 19.00 Uhr um im Restaurant Abend essen zu k\u00f6nnen;<\/li>\n<li>Nicht inbegriffen: Getr\u00e4nke w\u00e4hrend der Mahlzeiten;<\/li>\n<li>Das Angebot ist abh\u00e4ngig von der Zimmerverf\u00fcgbarkeit f\u00fcr die gew\u00fcnschteAufenthaltzeit;<\/li>\n<li>Das Angebot geltet nicht am Osterwochenende, 25. April, 1. Mai, 2. Juni, 15. August;<\/li>\n<\/ul>\n","protected":false},"excerpt":{"rendered":"<p>Einschlie\u00dflich Zutritt zu den Schwimmb\u00e4dern, Sauna, t\u00fcrkisches Dampfbad und Kneipp Strecke; Benutzung der Fahrr\u00e4der (unter Vorbehalt der Verf\u00fcgbarkeit); Preis pro Person in Doppelzimmer mit Balkon; Zuschlag f\u00fcr Einzelzimmer \u20ac 6,00 pro Tag; Frei Wifi verbindung Ankunft vor 19.00 Uhr um im Restaurant Abend essen zu k\u00f6nnen; Nicht inbegriffen: Getr\u00e4nke w\u00e4hrend der Mahlzeiten; Das Angebot ist [&hellip;]<\/p>\n","protected":false},"author":1,"featured_media":0,"parent":0,"menu_order":0,"comment_status":"closed","ping_status":"closed","template":"","meta":{"_acf_changed":false,"footnotes":""},"class_list":["post-145","page","type-page","status-publish","hentry"],"acf":[],"_links":{"self":[{"href":"https:\/\/venadoro.it\/de\/wp-json\/wp\/v2\/pages\/145","targetHints":{"allow":["GET"]}}],"collection":[{"href":"https:\/\/venadoro.it\/de\/wp-json\/wp\/v2\/pages"}],"about":[{"href":"https:\/\/venadoro.it\/de\/wp-json\/wp\/v2\/types\/page"}],"author":[{"embeddable":true,"href":"https:\/\/venadoro.it\/de\/wp-json\/wp\/v2\/users\/1"}],"replies":[{"embeddable":true,"href":"https:\/\/venadoro.it\/de\/wp-json\/wp\/v2\/comments?post=145"}],"version-history":[{"count":0,"href":"https:\/\/venadoro.it\/de\/wp-json\/wp\/v2\/pages\/145\/revisions"}],"wp:attachment":[{"href":"https:\/\/venadoro.it\/de\/wp-json\/wp\/v2\/media?parent=145"}],"curies":[{"name":"wp","href":"https:\/\/api.w.org\/{rel}","templated":true}]}}