{"id":1329,"date":"2015-03-19T15:33:22","date_gmt":"2015-03-19T14:33:22","guid":{"rendered":"https:\/\/www.venadoro.it\/de\/?page_id=113"},"modified":"2022-01-11T15:22:21","modified_gmt":"2022-01-11T15:22:21","slug":"preise","status":"publish","type":"page","link":"https:\/\/venadoro.it\/de\/preise\/","title":{"rendered":"Preise"},"content":{"rendered":"<p style=\"text-align: center;\"><strong><span style=\"font-size: medium;\">Preise 2020<\/span><\/strong><\/p>\n<p style=\"text-align: center;\">Pensionspreise (min. 3 Tage) pro Person und Tag einschlie\u00dflich Bedienung und Steuern. <strong><span style=\"color: #ff0000;\">Kurtaxe nicht eingeschlossen;<\/span><\/strong><\/p>\n<p style=\"text-align: center;\">Zutritt zu den Schwimmb\u00e4dern (34\u00b0) mit Hydromassagen, Wasser-strahl, Kneipp-Parcours, Liege und Auflage&nbsp;im Schwimmbad verf\u00fcgbar, Neues Wellnesszentrum &#8222;J&#8217;adore&#8220; (Finnl\u00e4ndische Sauna, Thermalhammam, Eiswasserfall, Sensortunnel, Gro\u00dfe Relaxzone), Aquagym, Wlan.<\/p>\n<p style=\"text-align: center;\">durchschnittliche Referenzpreise<\/p>\n<table class=\"offtable\" border=\"1\" align=\"center\">\n<tbody>\n<tr>\n<td style=\"text-align: center;\" colspan=\"2\">Zimmer mit Bad oder Dusche, F\u00f6hn, Telefon, Sat-Tv (mit deutschen Sendern), Wlan, K\u00fchlschrank, Safe, Balkon, Klimaanlage.<\/td>\n<\/tr>\n<tr>\n<td style=\"text-align: center;\"><strong>Nachsaison<\/strong><br \/>\n07&nbsp;M\u00e4rz &#8211;&nbsp;08 April<br \/>\n14&nbsp;April &#8211;&nbsp;15 August<br \/>\n11&nbsp;Oktober &#8211;&nbsp;22 November<\/td>\n<td style=\"text-align: center; vertical-align: top;\"><strong>Hochsaison<\/strong><br \/>\n09&nbsp;April &#8211;&nbsp;13 April<br \/>\n16&nbsp;August &#8211;&nbsp;10 Oktober<\/td>\n<\/tr>\n<tr>\n<td style=\"text-align: center;\">2 Betten &#8211; 1 Bett<\/td>\n<td style=\"text-align: center;\">2 Betten &#8211; 1 Bett<\/td>\n<\/tr>\n<tr>\n<td class=\"tdprezzi\" style=\"text-align: center;\">\u20ac&nbsp;62 \/ \u20ac 69<\/td>\n<td class=\"tdprezzi\" style=\"text-align: center;\">\u20ac&nbsp;66 \/ \u20ac 73<\/td>\n<\/tr>\n<\/tbody>\n<\/table>\n<p style=\"text-align: center;\">Zuschlag f\u00fcr Aufenthalt von 2 Tagen: 15% auf den Pensionpreis pro Tag laut Preisliste.<\/p>\n<p style=\"text-align: center;\">Abzug bei Halbpension \u20ac 3,00 pro Tag pro Person.<\/p>\n<p style=\"text-align: center;\">Kinder bis zu 2 Jahre \u20ac 6,00 pro Tag<\/p>\n<p style=\"text-align: center;\">Kinder bis zu&nbsp;12 Jahren Erm\u00e4ssigung von 50% im Zustellbett.<\/p>\n<p style=\"text-align: center;\">Zimmer ohne Balkon Abzug von 3,00 \u20ac pro Tag pro Person<\/p>\n<p style=\"text-align: center;\">nicht konsumierte Mahlzeiten werden nicht erstattet<\/p>\n<p style=\"text-align: center;\">ZUSCHLAG F\u00dcR DOPPELZIMMER ZUR ALLEINBENUTZUNG \u20ac 6,00 PRO TAG<\/p>\n<hr style=\"text-align: left;\">\n<div class=\"offh2\" style=\"text-align: center;\"><strong>PAUSCHALPREISE PRO PERSON<\/strong><\/div>\n<p style=\"text-align: center;\">Imbegriffen pro Person: Vollpension, Fangopackungen mit Dusche und Thermalbad, Massagen , erste \u00e4rztliche Untersuchung, Bademantel, Zutritt zu den Thermalschwimmb\u00e4dern (34\u00b0) mit Hydromassagen, Wassestrahl, Kneipp Parcours, Liege und Auflage&nbsp;im Schwimmbad verf\u00fcgbar, Neues Wellnesszentrum &#8222;J&#8217;adore&#8220; (Finnl\u00e4ndische Sauna, Thermalhammam, Eiswasserfall, Sensortunnel, Gro\u00dfe Relaxzone), Aquagym, Wlan, Bedienung und Steuern.<\/p>\n<table class=\"offtable\" border=\"1\" align=\"center\">\n<tbody>\n<tr>\n<td><\/td>\n<td style=\"text-align: center;\"><strong>Gr\u00fcne Saison<\/strong><\/td>\n<td style=\"text-align: center;\"><strong>Nachsaison<\/strong><\/td>\n<td style=\"text-align: center;\"><strong>Hochsaison<\/strong><\/td>\n<\/tr>\n<tr>\n<td><\/td>\n<td style=\"text-align: center;\">07&nbsp;M\u00e4rz &#8211;&nbsp;08 April<br \/>\n14&nbsp;Juni &#8211;&nbsp;01 August<\/td>\n<td style=\"text-align: center;\">14&nbsp;April &#8211;&nbsp;13 Juni<br \/>\n02&nbsp;August &#8211;&nbsp;15 August<br \/>\n11&nbsp;Oktober &#8211;&nbsp;22 November<\/td>\n<td style=\"text-align: center; vertical-align: top;\">09&nbsp;April &#8211;&nbsp;13 April<br \/>\n16&nbsp;August &#8211;&nbsp;10 Oktober<\/td>\n<\/tr>\n<tr>\n<td><\/td>\n<td style=\"text-align: center;\">2 Betten &#8211; 1 Bett<\/td>\n<td style=\"text-align: center;\">2 Betten &#8211; 1 Bett<\/td>\n<td style=\"text-align: center;\">2 Betten &#8211; 1 Bett<\/td>\n<\/tr>\n<tr>\n<td>7 Tage 6 Anwend.<\/td>\n<td class=\"tdprezzi\" style=\"text-align: center;\">\u20ac 701,60 &#8211; \u20ac 745,70<\/td>\n<td class=\"tdprezzi\" style=\"text-align: center;\">\u20ac 735,00 &#8211; \u20ac 784,00<\/td>\n<td class=\"tdprezzi\" style=\"text-align: center;\">\u20ac 763,00 &#8211; \u20ac 812,00<\/td>\n<\/tr>\n<tr>\n<td>12 Tage 10 Anwend.<\/td>\n<td class=\"tdprezzi\" style=\"text-align: center;\">\u20ac 1.160,60 &#8211; \u20ac 1.236,20<\/td>\n<td class=\"tdprezzi\" style=\"text-align: center;\">\u20ac 1.224,00 &#8211; \u20ac 1.299,00<\/td>\n<td class=\"tdprezzi\">\u20ac 1.272,00 &#8211; \u20ac 1.347,00<\/td>\n<\/tr>\n<tr>\n<td>13 Tage 12 Anwend.<\/td>\n<td class=\"tdprezzi\" style=\"text-align: center;\">\u20ac 1.306,40 &#8211; \u20ac 1.388,30<\/td>\n<td class=\"tdprezzi\" style=\"text-align: center;\">\u20ac 1.372,00 &#8211; \u20ac 1.453,00<\/td>\n<td class=\"tdprezzi\">\u20ac 1.424,00 &#8211; \u20ac 1.505,00<\/td>\n<\/tr>\n<tr>\n<td>21 Tage 15 Anwend.<\/td>\n<td class=\"tdprezzi\" style=\"text-align: center;\">\u20ac 1.887,80 &#8211; \u20ac 2.020,10<\/td>\n<td class=\"tdprezzi\" style=\"text-align: center;\">\u20ac 1.983,00 &#8211; \u20ac 2.113,00<\/td>\n<td class=\"tdprezzi\">\u20ac 2.067,00 &#8211; \u20ac 2.197,00<\/td>\n<\/tr>\n<\/tbody>\n<\/table>\n<p style=\"text-align: center;\">NICHT INBEGRIFFEN: OZONISIERUNG DES THERMALSBADES.<\/p>\n<hr style=\"text-align: left;\">\n<p style=\"text-align: center;\"><strong>EXCELLENCE ZIMMER<\/strong><\/p>\n<p style=\"text-align: center;\">Diese sind Doppelzimmer von gehobenem Standard, die vom Raumangebot, Ausstattung und Komfort weit \u00fcber die Norm hinausgehen. Diese Zimmer bieten Ihnen eine Anzahl von Extra verg\u00fcnstigungen:<\/p>\n<ul>\n<li style=\"text-align: left;\">Fruchtkorb in Ihr Zimmer<\/li>\n<li style=\"text-align: left;\">Tageszeitung nach Wahl jeden Tag<\/li>\n<li style=\"text-align: left;\">Bademantel f\u00fcr die Kur oder f\u00fcr das Schwimmbad<\/li>\n<li style=\"text-align: left;\">Zimmerfahrrad f\u00fcr Ihre Fitness\u00fcbungen<\/li>\n<\/ul>\n<p style=\"text-align: center;\">mit einem Zuschlag auf den Pensionpreis von 7,00 \u20ac pro Tag pro Person.<\/p>\n<p style=\"text-align: center;\">Beeilen Sie sich! Die Anzahl dieser Zimmer ist klein, die Anfrage jedoch gro\u00df!<\/p>\n<hr style=\"text-align: left;\">\n<div class=\"offh1\" style=\"text-align: center;\"><strong>KURPREISE<br \/>\n<\/strong>(Bedienung und Steuern inbegriffen):<\/div>\n<p style=\"text-align: center;\">Leistungen, die eine \u00e4rztliche Voruntersuchung bed\u00fcrfen<\/p>\n<table class=\"offtable\" border=\"1\" align=\"center\">\n<tbody>\n<tr>\n<td>\u00c4rztliche Untersuchung<\/td>\n<td class=\"tdprezzi\" style=\"text-align: right;\">\u20ac 29,00<\/td>\n<\/tr>\n<tr>\n<td>Fangopackung mit Dusche und Thermalbad<\/td>\n<td class=\"tdprezzi\">\u20ac 28,00<\/td>\n<\/tr>\n<tr>\n<td>Thermalbad<\/td>\n<td class=\"tdprezzi\" style=\"text-align: right;\">\u20ac 14,00<\/td>\n<\/tr>\n<tr>\n<td>Zuschlag Ozon-Thermalbad<\/td>\n<td class=\"tdprezzi\" style=\"text-align: right;\">\u20ac 5,00<\/td>\n<\/tr>\n<tr>\n<td>Inhalation mit Thermalwasser<\/td>\n<td class=\"tdprezzi\" style=\"text-align: right;\">\u20ac 7,00<\/td>\n<\/tr>\n<tr>\n<td>Aerosoltherapie<\/td>\n<td class=\"tdprezzi\" style=\"text-align: right;\">\u20ac 7,00<\/td>\n<\/tr>\n<tr>\n<td>Nasensp\u00fclungen<\/td>\n<td style=\"text-align: right;\">\u20ac 8,00<\/td>\n<\/tr>\n<tr>\n<td>Humage<\/td>\n<td style=\"text-align: right;\">\u20ac 8,00<\/td>\n<\/tr>\n<tr>\n<td>Therapeutische Massage<\/td>\n<td class=\"tdprezzi\" style=\"text-align: right;\">\u20ac 17,00<\/td>\n<\/tr>\n<tr>\n<td>Therapeutische Spezialmassage<\/td>\n<td class=\"tdprezzi\" style=\"text-align: right;\">\u20ac 26,00<\/td>\n<\/tr>\n<tr>\n<td>Therapeutisch Lymphodrainage Massage&nbsp;25 Min.<\/td>\n<td style=\"text-align: right;\">\u20ac 32,00<\/td>\n<\/tr>\n<tr>\n<td>Therapeutisch Lymphodrainage Massage&nbsp;40 Min.<\/td>\n<td style=\"text-align: right;\">\u20ac 41,00<\/td>\n<\/tr>\n<tr>\n<td>Kurbademantel<\/td>\n<td class=\"tdprezzi\" style=\"text-align: right;\">\u20ac 12,00<\/td>\n<\/tr>\n<\/tbody>\n<\/table>\n<p style=\"text-align: center;\">Das Hotel Terme Vena d&#8217;Oro geh\u00f6rt zu dem O.T.P. Netz von der Universit\u00e4t in Padua f\u00fcr die Kontrolle des Reifungsprozesses und der Qualit\u00e4t des Thermalschlammes.<\/p>\n<hr style=\"text-align: left;\">\n<div class=\"offh2\" style=\"text-align: center;\"><strong>PHYSIOTHERAPIE<br \/>\n<\/strong><\/div>\n<div class=\"offh2\" style=\"text-align: center;\"><\/div>\n<div class=\"offh2\" style=\"text-align: center;\">\n<table class=\"offtable\" border=\"1\" align=\"center\">\n<tbody>\n<tr>\n<td style=\"text-align: left;\">Fach\u00e4rztliche physiatrische Untersuchung (die \u00c4rztliche Untersuchung wird<br \/>\nzur\u00fcckerstattet wenn Sie mit Physiotherapie behandelt werden)<\/td>\n<td class=\"tdprezzi\">\u20ac 40,00<\/td>\n<\/tr>\n<tr>\n<td style=\"text-align: left;\">Physiotherapie-Kinesitherapie (25 Min.)<\/td>\n<td class=\"tdprezzi\" style=\"text-align: right;\">\u20ac 26,00<\/td>\n<\/tr>\n<tr>\n<td style=\"text-align: left;\">Physiotherapie-Kinesitherapie (55 Min.)<\/td>\n<td class=\"tdprezzi\" style=\"text-align: right;\">\u20ac 40,00<\/td>\n<\/tr>\n<tr>\n<td style=\"text-align: left;\">Individuelle Rehabilitationsgymnastik in Thermalwasser ( 25 Min)<\/td>\n<td class=\"tdprezzi\" style=\"text-align: right;\">\u20ac 26,00<\/td>\n<\/tr>\n<tr>\n<td style=\"text-align: left;\">Individuelle Rehabilitationsgymnastik in Thermalwasser ( 55 Min)<\/td>\n<td class=\"tdprezzi\" style=\"text-align: right;\">\u20ac 50,00<\/td>\n<\/tr>\n<\/tbody>\n<\/table>\n<\/div>\n<div class=\"offh2\" style=\"text-align: center;\"><\/div>\n<hr style=\"text-align: left;\">\n<p style=\"text-align: center;\"><strong>GESICHTSBEHANDLUNGEN<\/strong><\/p>\n<table class=\"offtable\" border=\"1\" align=\"center\">\n<tbody>\n<tr>\n<td>Pflegende und ausgleichende Gesichtsbehandlung mit Tiefenreinigung<\/td>\n<td class=\"tdprezzi\">\u20ac 35,00<\/td>\n<\/tr>\n<tr>\n<td>Intensive Anti-Aging Behandlung&nbsp;mit Kollagenblatt<\/td>\n<td class=\"tdprezzi\">\u20ac 59,00<\/td>\n<\/tr>\n<tr>\n<td>Anti-Aging Gesichtsbehandlung mit kosmetischem Fango und Vitaminen<\/td>\n<td class=\"tdprezzi\">\u20ac 35,00<\/td>\n<\/tr>\n<tr>\n<td>Anti-Aging-Gesichtsbehandlung<\/td>\n<td class=\"tdprezzi\">\u20ac 45,00<\/td>\n<\/tr>\n<tr>\n<td>Gesichtsbefeuchtungsbehandlung mit Hyalurons\u00e4ure<\/td>\n<td class=\"tdprezzi\">\u20ac 49,00<\/td>\n<\/tr>\n<tr>\n<td>Anti-Aging-Behandlung mit Hanf<\/td>\n<td class=\"tdprezzi\">\u20ac 59,00<\/td>\n<\/tr>\n<\/tbody>\n<\/table>\n<div class=\"offh2\" style=\"text-align: center;\"><\/div>\n<div class=\"offh2\" style=\"text-align: center;\">\n<hr style=\"text-align: left;\">\n<\/div>\n<div class=\"offh2\" style=\"text-align: center;\">\n<p><strong>K\u00d6RPERBEHANDLUNGEN<\/strong><\/p>\n<\/div>\n<div class=\"offh2\" style=\"text-align: center;\">\n<table border=\"1\" align=\"center\">\n<tbody>\n<tr>\n<td style=\"text-align: left;\">Hamman-Behandlung K\u00f6rperpeeling mit aromatischer Massage<\/td>\n<td style=\"text-align: right;\">\u20ac 40,00<\/td>\n<\/tr>\n<tr>\n<td style=\"text-align: left;\">Behandlung gegen schwere, m\u00fcde Beinen mit Bandagen<\/td>\n<td style=\"text-align: right;\">\u20ac 44,00<\/td>\n<\/tr>\n<tr>\n<td style=\"text-align: left;\">Intensive antizellulitis Behandlung<\/td>\n<td style=\"text-align: right;\">\u20ac 40,00<\/td>\n<\/tr>\n<tr>\n<td style=\"text-align: left;\">Salz-Brom-Iod Peeling mit Schlamm aus Abano Terme<\/td>\n<td style=\"text-align: right;\">\u20ac 28,00<\/td>\n<\/tr>\n<tr>\n<td style=\"text-align: left;\">Depilation: Teilweise oder komplett<\/td>\n<td style=\"text-align: right;\">vom&nbsp;\u20ac 21,00&nbsp;bis \u20ac 35,00<\/td>\n<\/tr>\n<tr>\n<td style=\"text-align: left;\">Heil- und Pfegepedik\u00fcre<\/td>\n<td style=\"text-align: right;\">\u20ac 27,00<\/td>\n<\/tr>\n<tr>\n<td style=\"text-align: left;\">Manik\u00fcre<\/td>\n<td style=\"text-align: right;\">\u20ac 16,00<\/td>\n<\/tr>\n<\/tbody>\n<\/table>\n<\/div>\n<div class=\"offh2\" style=\"text-align: center;\"><\/div>\n<div style=\"text-align: center;\">\n<hr style=\"text-align: left;\">\n<\/div>\n<div style=\"text-align: center;\">\n<div style=\"text-align: left;\"><\/div>\n<div><strong>K\u00d6RPERMASSAGEN<\/strong><\/div>\n<div><\/div>\n<div>\n<table class=\"offtable\" border=\"1\" align=\"center\">\n<tbody>\n<tr>\n<td style=\"text-align: left;\"><del>Shiatzu&nbsp;energetisch ausgleichendes Ritual<\/del><\/td>\n<td class=\"tdprezzi\" style=\"text-align: right;\"><del>\u20ac 59,00<\/del><\/td>\n<\/tr>\n<tr>\n<td style=\"text-align: left;\">Indonesische Massage<\/td>\n<td class=\"tdprezzi\" style=\"text-align: right;\">\u20ac 59,00<\/td>\n<\/tr>\n<tr>\n<td style=\"text-align: left;\">Hot-Stone&nbsp;Massage mit hei\u00dfen Steinen<\/td>\n<td class=\"tdprezzi\" style=\"text-align: right;\">\u20ac 59,00<\/td>\n<\/tr>\n<tr>\n<td style=\"text-align: left;\">Pinda Sweda Nam mit hei\u00dfen Kr\u00e4uter-B\u00fcndel<\/td>\n<td class=\"tdprezzi\" style=\"text-align: right;\">\u20ac 59,00<\/td>\n<\/tr>\n<tr>\n<td style=\"text-align: left;\">AyurvedaA Massage<\/td>\n<td class=\"tdprezzi\" style=\"text-align: right;\">\u20ac 50.00<\/td>\n<\/tr>\n<tr>\n<td style=\"text-align: left;\">Fussreflexzonemassage<\/td>\n<td class=\"tdprezzi\" style=\"text-align: right;\">\u20ac 39,00<\/td>\n<\/tr>\n<tr>\n<td style=\"text-align: left;\">Polynesisches Ritual Lomi-Lomi<\/td>\n<td class=\"tdprezzi\" style=\"text-align: right;\">\u20ac 50,00<\/td>\n<\/tr>\n<tr>\n<td style=\"text-align: left;\">Thai-Spa Massage auf Tatami<\/td>\n<td class=\"tdprezzi\" style=\"text-align: right;\">\u20ac 50,00<\/td>\n<\/tr>\n<tr>\n<td style=\"text-align: left;\">Lymphodrainage Massage 40 Min.<\/td>\n<td class=\"tdprezzi\" style=\"text-align: right;\">\u20ac 49,00<\/td>\n<\/tr>\n<tr>\n<td style=\"text-align: left;\">Antizellulitis Massage<\/td>\n<td class=\"tdprezzi\" style=\"text-align: right;\">\u20ac 39,00<\/td>\n<\/tr>\n<tr>\n<td style=\"text-align: left;\">Sraffend oder Bindegewebsbehandlung<\/td>\n<td class=\"tdprezzi\" style=\"text-align: right;\">\u20ac 39,00<\/td>\n<\/tr>\n<tr>\n<td style=\"text-align: left;\">Entspannand&nbsp;&#8211; Antistress<\/td>\n<td class=\"tdprezzi\" style=\"text-align: right;\">\u20ac 39,00<\/td>\n<\/tr>\n<tr>\n<td style=\"text-align: left;\">Massage mit Heissen Essenz\u00f6len<\/td>\n<td class=\"tdprezzi\" style=\"text-align: right;\">\u20ac 39,00<\/td>\n<\/tr>\n<tr>\n<td style=\"text-align: left;\">Massage f\u00fcr Sportler 13&#8243; oder 25&#8243;<\/td>\n<td class=\"tdprezzi\" style=\"text-align: right;\">vom&nbsp;\u20ac 21,00&nbsp;bis 32,00<\/td>\n<\/tr>\n<\/tbody>\n<\/table>\n<\/div>\n<div><\/div>\n<div><\/div>\n<div style=\"text-align: center;\">\n<hr style=\"text-align: left;\">\n<\/div>\n<\/div>\n<p style=\"text-align: center;\"><strong>SONSTIGE LEISTUNGEN<\/strong><\/p>\n<table style=\"width: 419px; height: 86px;\" border=\"1\" align=\"center\">\n<tbody>\n<tr>\n<td style=\"text-align: left;\">Bademantel und Badetuch f\u00fcr Schwimmb\u00e4der<\/td>\n<td style=\"text-align: right;\">\u20ac 12,00<\/td>\n<\/tr>\n<tr>\n<td style=\"text-align: left;\">Badetuch f\u00fcr die Schwimmb\u00e4der<\/td>\n<td style=\"text-align: right;\">\u20ac 6,00<\/td>\n<\/tr>\n<\/tbody>\n<\/table>\n<p style=\"text-align: center;\">Alle Kuranwendungen und die \u00e4rztliche Visite werden im Hotel durchgef\u00fchrt<br \/>\nBadem\u00e4ntel und Badet\u00fccher f\u00fcr die Kuranwendungen und f\u00fcr das Schwimmbad werden gegen Geb\u00fchr verliehen.<br \/>\nSonntags werden keine Anwendungen&nbsp;durchgef\u00fchrt.<br \/>\n<strong>Wassergymnastik mit einem Lehrer&nbsp;6 mal pro Woche im Schwimmbad<\/strong><\/p>\n<hr style=\"text-align: left;\">\n<p style=\"text-align: center;\">Das Hotel liegt in einer zentralen, aber ruhigen Lage in einer Oase im Gr\u00fcnen.<br \/>\nEs hat einen Park von 10.000 Quadratmeter f\u00fcr Ihren Entspannung.<br \/>\nFreies und \u00fcberdachtes Thermalschwimmbad Hydro-massage.<br \/>\nTischtennis, Hometrainer, Fahrr\u00e4der zu Ihrer Verf\u00fcgung.<br \/>\nKlimaanlage im ganzen Hotel.<br \/>\nAlle Zimmer mit Bad oder Dusche, F\u00f6hn, Telefon mit st\u00e4dtliche Direktwahl, Sat-TV (mit deutschen Sendern), K\u00fchlschrank, Safe, Klimaanlage.<br \/>\nAm Tag der Abreise bitten wir Sie das Zimmer bis 10.30 Uhr freizumachen.<br \/>\nGrosser beleuchteter Parkplatz.<br \/>\nSalatbuffet bei Mittag &#8211; und Abendessen.<br \/>\nFr\u00fchst\u00fccksbuffet.<br \/>\nTanzabende.<br \/>\nAbendessen bei Kerzenlicht<br \/>\nBegr\u00fc\u00dfung-Cocktail.<br \/>\nInternet point in der Halle gegen Geb\u00fchr und kostenloses WLAN im ganzen Geb\u00e4ude.<br \/>\nF\u00fcr Wertsachen stehen bei der Direktion Sicherheitsschilie\u00dff\u00e4cher gratis zur Verf\u00fcgung.<br \/>\nAusfl\u00fcge mit qualifizierten Agenturen nach Venedig, Padua, Verona, Vicenza, entlang der Riviera des Brentaflusses, an den Gardasee, zu den Dolomiten, usw werden angeboten.<br \/>\nW\u00e4hrend der lyrischen Opernsaison in der Arena von Verona hat man die M\u00f6glichkeit, die Karten an der Rezeption des Hotels zu bestellen.<\/p>\n","protected":false},"excerpt":{"rendered":"<p>Preise 2020 Pensionspreise (min. 3 Tage) pro Person und Tag einschlie\u00dflich Bedienung und Steuern. Kurtaxe nicht eingeschlossen; Zutritt zu den Schwimmb\u00e4dern (34\u00b0) mit Hydromassagen, Wasser-strahl, Kneipp-Parcours, Liege und Auflage&nbsp;im Schwimmbad verf\u00fcgbar, Neues Wellnesszentrum &#8222;J&#8217;adore&#8220; (Finnl\u00e4ndische Sauna, Thermalhammam, Eiswasserfall, Sensortunnel, Gro\u00dfe Relaxzone), Aquagym, Wlan. durchschnittliche Referenzpreise Zimmer mit Bad oder Dusche, F\u00f6hn, Telefon, Sat-Tv (mit deutschen [&hellip;]<\/p>\n","protected":false},"author":1,"featured_media":1899,"parent":0,"menu_order":0,"comment_status":"closed","ping_status":"closed","template":"","meta":{"_acf_changed":false,"footnotes":""},"class_list":["post-1329","page","type-page","status-publish","has-post-thumbnail","hentry"],"acf":[],"_links":{"self":[{"href":"https:\/\/venadoro.it\/de\/wp-json\/wp\/v2\/pages\/1329","targetHints":{"allow":["GET"]}}],"collection":[{"href":"https:\/\/venadoro.it\/de\/wp-json\/wp\/v2\/pages"}],"about":[{"href":"https:\/\/venadoro.it\/de\/wp-json\/wp\/v2\/types\/page"}],"author":[{"embeddable":true,"href":"https:\/\/venadoro.it\/de\/wp-json\/wp\/v2\/users\/1"}],"replies":[{"embeddable":true,"href":"https:\/\/venadoro.it\/de\/wp-json\/wp\/v2\/comments?post=1329"}],"version-history":[{"count":0,"href":"https:\/\/venadoro.it\/de\/wp-json\/wp\/v2\/pages\/1329\/revisions"}],"wp:featuredmedia":[{"embeddable":true,"href":"https:\/\/venadoro.it\/de\/wp-json\/"}],"wp:attachment":[{"href":"https:\/\/venadoro.it\/de\/wp-json\/wp\/v2\/media?parent=1329"}],"curies":[{"name":"wp","href":"https:\/\/api.w.org\/{rel}","templated":true}]}}