{"id":1276,"date":"2019-04-26T15:08:03","date_gmt":"2019-04-26T13:08:03","guid":{"rendered":"http:\/\/venadoro\/it\/?page_id=86"},"modified":"2022-03-30T09:52:57","modified_gmt":"2022-03-30T09:52:57","slug":"piscine","status":"publish","type":"page","link":"https:\/\/venadoro.it\/de\/piscine\/","title":{"rendered":"Schwimmb\u00e4der"},"content":{"rendered":"<p>Unser Wellnesscenter in Abano Terme besteht aus drei Swimmingpools mit Thermalwasser, wobei einer davon \u00fcberdacht ist. Die Pools sind miteinander verbunden und verf\u00fcgen \u00fcber Whirlpool, Flachstrahl und einen Verlauf f\u00fcr die Reaktivierung des Kreislaufsystems.<\/p>\n<p>Das Salz-Brom-Jodwasser aus den Euganeischen Thermen ist bereits seit dem Altertum bekannt und beliebt. Unsere Thermalschwimmb\u00e4der bieten die wunderbare M\u00f6glichkeit, sowohl den K\u00f6rper als auch den Geist zu regenerieren. Steigen Sie in den internen Pool und schwimmen Sie in den Pool im Freien, ohne dabei einen Temperaturunterschied zu merken (sowohl im Winter als auch im Sommer).<\/p>\n<p>Beide Pools werden mit Thermalwasser (32\u00b0C &#8211; 34\u00b0C) gespeist: Dank seiner besonderen Zusammensetzung ist unser Wasser ein kleines Wundermittel, um Verspannungen zu l\u00f6sen, die Nachwirkungen von Knochen- bzw. Muskeltraumen zu lindern oder Rheuma zu bek\u00e4mpfen.<\/p>\n<p>Von Montag bis&nbsp;Samstag bieten wir au\u00dferdem Wassergymnastik mit einem professionellen Betreuer.<\/p>\n<p>Liegest\u00fchle mit Kissen und Sonnenschirm stehen Ihnen kostenlos zur Verf\u00fcgung.<\/p>\n","protected":false},"excerpt":{"rendered":"<p>Unser Wellnesscenter in Abano Terme besteht aus drei Swimmingpools mit Thermalwasser, wobei einer davon \u00fcberdacht ist. Die Pools sind miteinander verbunden und verf\u00fcgen \u00fcber Whirlpool, Flachstrahl und einen Verlauf f\u00fcr die Reaktivierung des Kreislaufsystems. Das Salz-Brom-Jodwasser aus den Euganeischen Thermen ist bereits seit dem Altertum bekannt und beliebt. Unsere Thermalschwimmb\u00e4der bieten die wunderbare M\u00f6glichkeit, sowohl [&hellip;]<\/p>\n","protected":false},"author":1,"featured_media":3724,"parent":0,"menu_order":0,"comment_status":"closed","ping_status":"closed","template":"","meta":{"_acf_changed":false,"footnotes":""},"class_list":["post-1276","page","type-page","status-publish","has-post-thumbnail","hentry"],"acf":[],"_links":{"self":[{"href":"https:\/\/venadoro.it\/de\/wp-json\/wp\/v2\/pages\/1276","targetHints":{"allow":["GET"]}}],"collection":[{"href":"https:\/\/venadoro.it\/de\/wp-json\/wp\/v2\/pages"}],"about":[{"href":"https:\/\/venadoro.it\/de\/wp-json\/wp\/v2\/types\/page"}],"author":[{"embeddable":true,"href":"https:\/\/venadoro.it\/de\/wp-json\/wp\/v2\/users\/1"}],"replies":[{"embeddable":true,"href":"https:\/\/venadoro.it\/de\/wp-json\/wp\/v2\/comments?post=1276"}],"version-history":[{"count":0,"href":"https:\/\/venadoro.it\/de\/wp-json\/wp\/v2\/pages\/1276\/revisions"}],"wp:featuredmedia":[{"embeddable":true,"href":"https:\/\/venadoro.it\/de\/wp-json\/wp\/v2\/media\/3724"}],"wp:attachment":[{"href":"https:\/\/venadoro.it\/de\/wp-json\/wp\/v2\/media?parent=1276"}],"curies":[{"name":"wp","href":"https:\/\/api.w.org\/{rel}","templated":true}]}}