{"id":1272,"date":"2009-11-30T19:29:22","date_gmt":"2009-11-30T17:29:22","guid":{"rendered":"http:\/\/www.hotelalmalcanton.com\/it\/?page_id=24"},"modified":"2022-03-30T09:43:53","modified_gmt":"2022-03-30T09:43:53","slug":"ristorante","status":"publish","type":"page","link":"https:\/\/venadoro.it\/de\/ristorante\/","title":{"rendered":"Restaurant"},"content":{"rendered":"<p>Unsere K\u00f6che, welche als wahre K\u00fcnstler bezeichnet werden k\u00f6nnen, bieten t\u00e4glich traditionelle Gereichte aus Venetien mit einem pers\u00f6nlichen Touch.<\/p>\n<p>Zudem gibt es ein k\u00f6stliches Gem\u00fcsebuffet mit sowohl rohem als auch gekochtem Saisongem\u00fcse (mittags und abends).<\/p>\n<p>Kommen Sie und erleben Sie die Fantasie unserer K\u00f6che: Wir organisieren unvergessliche Galaabendessen und romantische Candle-Light-Dinners mit musikalischer Untermalung. Entdecken Sie unsere k\u00f6stlichen Gerichte.<\/p>\n<div id=\"_mcePaste\" style=\"overflow: hidden; position: absolute; left: -10000px; top: 116px; width: 1px; height: 1px;\"><em><span style=\"font-size: medium;\"><span style=\"font-family: georgia,serif;\">I nostri chef, che non esitiamo a definire dei veri fantasisti, propongono, tutti i giorni, dei fantastici piatti della tradizione veneta rivisitati e personalizzati nei sapori. <\/span><br style=\"font-family: georgia,serif;\"> <span style=\"font-family: georgia,serif;\">Inoltre potrete servirvi al buffet di verdure di stagione, cotte e crude sia a pranzo che a cena.<\/span><br style=\"font-family: georgia,serif;\"><br style=\"font-family: georgia,serif;\"> <span style=\"font-family: georgia,serif;\">Venite a testare la fantasia e la preparazione dei nostri cuochi: sorattutto serate di gala, ricorrenze o cene a lume di candela, con accompagnamento musicale, saranno le migliori occasioni per gustare i nostri piatti.<\/span><\/span><\/em><\/div>\n","protected":false},"excerpt":{"rendered":"<p>Unsere K\u00f6che, welche als wahre K\u00fcnstler bezeichnet werden k\u00f6nnen, bieten t\u00e4glich traditionelle Gereichte aus Venetien mit einem pers\u00f6nlichen Touch. Zudem gibt es ein k\u00f6stliches Gem\u00fcsebuffet mit sowohl rohem als auch gekochtem Saisongem\u00fcse (mittags und abends). Kommen Sie und erleben Sie die Fantasie unserer K\u00f6che: Wir organisieren unvergessliche Galaabendessen und romantische Candle-Light-Dinners mit musikalischer Untermalung. Entdecken [&hellip;]<\/p>\n","protected":false},"author":1,"featured_media":4622,"parent":0,"menu_order":0,"comment_status":"closed","ping_status":"closed","template":"templates\/lista.php","meta":{"_acf_changed":false,"footnotes":""},"class_list":["post-1272","page","type-page","status-publish","has-post-thumbnail","hentry"],"acf":[],"_links":{"self":[{"href":"https:\/\/venadoro.it\/de\/wp-json\/wp\/v2\/pages\/1272","targetHints":{"allow":["GET"]}}],"collection":[{"href":"https:\/\/venadoro.it\/de\/wp-json\/wp\/v2\/pages"}],"about":[{"href":"https:\/\/venadoro.it\/de\/wp-json\/wp\/v2\/types\/page"}],"author":[{"embeddable":true,"href":"https:\/\/venadoro.it\/de\/wp-json\/wp\/v2\/users\/1"}],"replies":[{"embeddable":true,"href":"https:\/\/venadoro.it\/de\/wp-json\/wp\/v2\/comments?post=1272"}],"version-history":[{"count":0,"href":"https:\/\/venadoro.it\/de\/wp-json\/wp\/v2\/pages\/1272\/revisions"}],"wp:featuredmedia":[{"embeddable":true,"href":"https:\/\/venadoro.it\/de\/wp-json\/wp\/v2\/media\/4622"}],"wp:attachment":[{"href":"https:\/\/venadoro.it\/de\/wp-json\/wp\/v2\/media?parent=1272"}],"curies":[{"name":"wp","href":"https:\/\/api.w.org\/{rel}","templated":true}]}}