{"id":1270,"date":"2009-10-21T19:13:35","date_gmt":"2009-10-21T17:13:35","guid":{"rendered":"http:\/\/www.hotelalmalcanton.com\/it\/?page_id=2"},"modified":"2022-01-11T15:28:59","modified_gmt":"2022-01-11T15:28:59","slug":"cure","status":"publish","type":"page","link":"https:\/\/venadoro.it\/de\/cure\/","title":{"rendered":"Behandlungen"},"content":{"rendered":"<p>Die Thermalquellen und der damit verbundene Heilschlamm erreichen die Euganeischen Thermen bei einer Temperatur von 87\u00b0C.<\/p>\n<p>Das Hotel Vena d\u2019Oro verf\u00fcgt, genauso wie alle anderen Thermalanlagen in Abano Terme, \u00fcber einen eigenen Bereich f\u00fcr Heilschlamm- und Balneotherapien. Das professionelle Team arbeitet unter Aufsicht des Sanit\u00e4tsdirektors.<\/p>\n<p>Das Hotel Vena d\u2019Oro geh\u00f6rt zum \u00dcberwachungsnetzwerk O.T.P. (Osservatorio Termale Permanente, Permanente Thermenbeobachtung) der Universit\u00e4t von Padua, welches st\u00e4ndig die Qualit\u00e4t des Thermalschlammes \u00fcberpr\u00fcft.<\/p>\n<p>Eine angemessene Heilschlamm-Balneotherapie kann viele verschiedene Krankheiten lindern. Wir beziehen uns dabei auf: Osteoporose (alle angef\u00fchrten St\u00f6rungen d\u00fcrfen nicht akut sein), Rheumatismus, Fibrositis, Myalgien, Nervenschmerzen, H\u00fcftschmerzen, Urik\u00e4mie, Gicht, Verrenkungen, Traumen, Folgen von orthop\u00e4dischen Eingriffen, Stoffwechselrheuma, rheumatische Entz\u00fcndungen, Krankheiten der Atemwege, chronischer Katarrh, Asthma, Sinusitis und chronische Bronchitis.<\/p>\n<p>Die Heilschlammtherapien lassen sich in vier Abschnitte aufteilen:<\/p>\n<p>1. Anwendung des Thermalschlammes<\/p>\n<p>(ca. 15\/20 min),<\/p>\n<p>2. Dusche und Bad im Thermalwasser<\/p>\n<p>(ca. 15\/20 min),<\/p>\n<p>3. Schwitzen (die Dauer variiert je nach individueller Reaktion auf die Behandlung),<\/p>\n<p>4. Straffende Massage mit Wirkung auf Muskel- und Nervensystem<\/p>\n<p>(13 o 25 min).<\/p>\n<p>Um den wohltuenden Effekt der Schlamm-Balneotherapie zu maximieren, empfiehlt man t\u00e4gliche Behandlungen (au\u00dfer Sonntags). Auf diese Weise erh\u00f6ht sich die Intensivit\u00e4t der Therapie Tag f\u00fcr Tag.<\/p>\n","protected":false},"excerpt":{"rendered":"<p>Die Thermalquellen und der damit verbundene Heilschlamm erreichen die Euganeischen Thermen bei einer Temperatur von 87\u00b0C. Das Hotel Vena d\u2019Oro verf\u00fcgt, genauso wie alle anderen Thermalanlagen in Abano Terme, \u00fcber einen eigenen Bereich f\u00fcr Heilschlamm- und Balneotherapien. Das professionelle Team arbeitet unter Aufsicht des Sanit\u00e4tsdirektors. Das Hotel Vena d\u2019Oro geh\u00f6rt zum \u00dcberwachungsnetzwerk O.T.P. (Osservatorio Termale [&hellip;]<\/p>\n","protected":false},"author":1,"featured_media":331,"parent":0,"menu_order":0,"comment_status":"closed","ping_status":"closed","template":"","meta":{"_acf_changed":false,"footnotes":""},"class_list":["post-1270","page","type-page","status-publish","has-post-thumbnail","hentry"],"acf":[],"_links":{"self":[{"href":"https:\/\/venadoro.it\/de\/wp-json\/wp\/v2\/pages\/1270","targetHints":{"allow":["GET"]}}],"collection":[{"href":"https:\/\/venadoro.it\/de\/wp-json\/wp\/v2\/pages"}],"about":[{"href":"https:\/\/venadoro.it\/de\/wp-json\/wp\/v2\/types\/page"}],"author":[{"embeddable":true,"href":"https:\/\/venadoro.it\/de\/wp-json\/wp\/v2\/users\/1"}],"replies":[{"embeddable":true,"href":"https:\/\/venadoro.it\/de\/wp-json\/wp\/v2\/comments?post=1270"}],"version-history":[{"count":0,"href":"https:\/\/venadoro.it\/de\/wp-json\/wp\/v2\/pages\/1270\/revisions"}],"wp:featuredmedia":[{"embeddable":true,"href":"https:\/\/venadoro.it\/de\/wp-json\/"}],"wp:attachment":[{"href":"https:\/\/venadoro.it\/de\/wp-json\/wp\/v2\/media?parent=1270"}],"curies":[{"name":"wp","href":"https:\/\/api.w.org\/{rel}","templated":true}]}}